{"id":38169,"date":"2026-04-03T13:56:21","date_gmt":"2026-04-03T11:56:21","guid":{"rendered":"https:\/\/new.decoczar.pl\/index.php\/product\/noga-do-stolu-pajak-podstawa-metalowa-duza-303\/"},"modified":"2026-04-03T13:56:21","modified_gmt":"2026-04-03T11:56:21","slug":"noga-do-stolu-pajak-podstawa-metalowa-duza-303","status":"publish","type":"product","link":"https:\/\/new.decoczar.pl\/index.php\/product\/noga-do-stolu-pajak-podstawa-metalowa-duza-303\/","title":{"rendered":"NOGA DO STO\u0141U PAJ\u0104K \/ PODSTAWA METALOWA DU\u017bA"},"content":{"rendered":"<p>Cechy produktu :<\/p>\n<p> \tWymiary : 60 X 160 X 72 ( d\u0142ugo\u015b\u0107 x szeroko\u015b\u0107 x wysoko\u015b\u0107) &#8211;<br \/>\n \tMalowane proszkowo &#8211; kolor czarny mat<br \/>\n \tWysy\u0142ka 299 z\u0142 &#8211; TYLKO WP\u0141ATA NA KONTO ( wysy\u0142ka paletowa )<br \/>\n \tProfil 8&#215;4 cm<br \/>\n \tNasze produkty wykonujemy na wymiar wed\u0142ug potrzeb klienta.<br \/>\n \tCzas realizacji do 21 dni roboczych po zaksi\u0119gowaniu wp\u0142aty<br \/>\n \tProdukt posiada\u00a0 otwory monta\u017cowe i z \u0142atwo\u015bci\u0105 mo\u017cna\u00a0 je przykr\u0119ci\u0107 do blatu\u00a0poprzez przykr\u0119cenie\u00a0 wkr\u0119t\u00f3w od do\u0142u.<\/p>\n<p>\u00a0<\/p>\n","protected":false},"excerpt":{"rendered":"<p>Cechy produktu :<\/p>\n<p> \tWymiary : 60 X 160 X 72 ( d\u0142ugo\u015b\u0107 x szeroko\u015b\u0107 x wysoko\u015b\u0107) &#8211;<br \/>\n \tMalowane proszkowo &#8211; kolor czarny mat<br \/>\n \tWysy\u0142ka 299 z\u0142 &#8211; TYLKO WP\u0141ATA NA KONTO ( wysy\u0142ka paletowa )<br \/>\n \tProfil 8&#215;4 cm<br \/>\n \tNasze produkty wykonujemy na wymiar wed\u0142ug potrzeb klienta.<br \/>\n \tCzas realizacji do 21 dni roboczych po zaksi\u0119gowaniu wp\u0142aty<br \/>\n \tProdukt posiada\u00a0 otwory monta\u017cowe i z \u0142atwo\u015bci\u0105 mo\u017cna\u00a0 je przykr\u0119ci\u0107 do blatu\u00a0poprzez przykr\u0119cenie\u00a0 wkr\u0119t\u00f3w od do\u0142u.<\/p>\n<p>\u00a0<\/p>\n","protected":false},"featured_media":4903,"comment_status":"open","ping_status":"closed","template":"","meta":[],"etheme_brands":[],"product_cat":[50],"product_tag":[],"class_list":["post-38169","product","type-product","status-publish","has-post-thumbnail","hentry","product_cat-podstawy-metalowe-stelaze-stojaki"],"_links":{"self":[{"href":"https:\/\/new.decoczar.pl\/index.php\/wp-json\/wp\/v2\/product\/38169","targetHints":{"allow":["GET"]}}],"collection":[{"href":"https:\/\/new.decoczar.pl\/index.php\/wp-json\/wp\/v2\/product"}],"about":[{"href":"https:\/\/new.decoczar.pl\/index.php\/wp-json\/wp\/v2\/types\/product"}],"replies":[{"embeddable":true,"href":"https:\/\/new.decoczar.pl\/index.php\/wp-json\/wp\/v2\/comments?post=38169"}],"wp:featuredmedia":[{"embeddable":true,"href":"https:\/\/new.decoczar.pl\/index.php\/wp-json\/wp\/v2\/media\/4903"}],"wp:attachment":[{"href":"https:\/\/new.decoczar.pl\/index.php\/wp-json\/wp\/v2\/media?parent=38169"}],"wp:term":[{"taxonomy":"brand","embeddable":true,"href":"https:\/\/new.decoczar.pl\/index.php\/wp-json\/wp\/v2\/etheme_brands?post=38169"},{"taxonomy":"product_cat","embeddable":true,"href":"https:\/\/new.decoczar.pl\/index.php\/wp-json\/wp\/v2\/product_cat?post=38169"},{"taxonomy":"product_tag","embeddable":true,"href":"https:\/\/new.decoczar.pl\/index.php\/wp-json\/wp\/v2\/product_tag?post=38169"}],"curies":[{"name":"wp","href":"https:\/\/api.w.org\/{rel}","templated":true}]}}