{"id":38172,"date":"2026-04-03T13:56:23","date_gmt":"2026-04-03T11:56:23","guid":{"rendered":"https:\/\/new.decoczar.pl\/index.php\/product\/wieszak-stojak-na-reczniki-stojacy-loft-102\/"},"modified":"2026-04-03T13:56:23","modified_gmt":"2026-04-03T11:56:23","slug":"wieszak-stojak-na-reczniki-stojacy-loft-102","status":"publish","type":"product","link":"https:\/\/new.decoczar.pl\/index.php\/product\/wieszak-stojak-na-reczniki-stojacy-loft-102\/","title":{"rendered":"WIESZAK \/ STOJAK NA R\u0118CZNIKI STOJ\u0104CY LOFT"},"content":{"rendered":"<p>Cechy produktu :<\/p>\n<p> \tWymiary: szeroko\u015b\u0107: 60 cm, g\u0142\u0119boko\u015b\u0107 20 cm<br \/>\n \tWysoko\u015b\u0107 ramion: 65 cm, 75 cm i 85 cm<br \/>\n \tProfil 2&#215;2 cm<br \/>\n \tMalowany proszkowo<br \/>\n \tJako\u015b\u0107 wykonania niepor\u00f3wnywalnie lepsza, w stosunku do tanich, market-owych zamiennik\u00f3w,<br \/>\n \tCzas realizacji 10- 14 dni roboczych po zaksi\u0119gowaniu wp\u0142aty<br \/>\n \tStojak od podstaw wykonany r\u0119cznie<br \/>\n \tWysy\u0142ka kurier 25 z\u0142\u00a0<\/p>\n","protected":false},"excerpt":{"rendered":"<p>Cechy produktu :<\/p>\n<p> \tWymiary: szeroko\u015b\u0107: 60 cm, g\u0142\u0119boko\u015b\u0107 20 cm<br \/>\n \tWysoko\u015b\u0107 ramion: 65 cm, 75 cm i 85 cm<br \/>\n \tProfil 2&#215;2 cm<br \/>\n \tMalowany proszkowo<br \/>\n \tJako\u015b\u0107 wykonania niepor\u00f3wnywalnie lepsza, w stosunku do tanich, market-owych zamiennik\u00f3w,<br \/>\n \tCzas realizacji 10- 14 dni roboczych po zaksi\u0119gowaniu wp\u0142aty<br \/>\n \tStojak od podstaw wykonany r\u0119cznie<br \/>\n \tWysy\u0142ka kurier 25 z\u0142\u00a0<\/p>\n","protected":false},"featured_media":4908,"comment_status":"open","ping_status":"closed","template":"","meta":[],"etheme_brands":[],"product_cat":[50],"product_tag":[],"class_list":["post-38172","product","type-product","status-publish","has-post-thumbnail","hentry","product_cat-podstawy-metalowe-stelaze-stojaki"],"_links":{"self":[{"href":"https:\/\/new.decoczar.pl\/index.php\/wp-json\/wp\/v2\/product\/38172","targetHints":{"allow":["GET"]}}],"collection":[{"href":"https:\/\/new.decoczar.pl\/index.php\/wp-json\/wp\/v2\/product"}],"about":[{"href":"https:\/\/new.decoczar.pl\/index.php\/wp-json\/wp\/v2\/types\/product"}],"replies":[{"embeddable":true,"href":"https:\/\/new.decoczar.pl\/index.php\/wp-json\/wp\/v2\/comments?post=38172"}],"wp:featuredmedia":[{"embeddable":true,"href":"https:\/\/new.decoczar.pl\/index.php\/wp-json\/wp\/v2\/media\/4908"}],"wp:attachment":[{"href":"https:\/\/new.decoczar.pl\/index.php\/wp-json\/wp\/v2\/media?parent=38172"}],"wp:term":[{"taxonomy":"brand","embeddable":true,"href":"https:\/\/new.decoczar.pl\/index.php\/wp-json\/wp\/v2\/etheme_brands?post=38172"},{"taxonomy":"product_cat","embeddable":true,"href":"https:\/\/new.decoczar.pl\/index.php\/wp-json\/wp\/v2\/product_cat?post=38172"},{"taxonomy":"product_tag","embeddable":true,"href":"https:\/\/new.decoczar.pl\/index.php\/wp-json\/wp\/v2\/product_tag?post=38172"}],"curies":[{"name":"wp","href":"https:\/\/api.w.org\/{rel}","templated":true}]}}