{"id":38180,"date":"2026-04-03T13:56:27","date_gmt":"2026-04-03T11:56:27","guid":{"rendered":"https:\/\/new.decoczar.pl\/index.php\/product\/taca-dekoracyjna-zlota-z-zywicy-38-cm-102\/"},"modified":"2026-04-03T13:56:27","modified_gmt":"2026-04-03T11:56:27","slug":"taca-dekoracyjna-zlota-z-zywicy-38-cm-102","status":"publish","type":"product","link":"https:\/\/new.decoczar.pl\/index.php\/product\/taca-dekoracyjna-zlota-z-zywicy-38-cm-102\/","title":{"rendered":"Taca dekoracyjna z\u0142ota z \u017cywicy 38 cm"},"content":{"rendered":"<p>Taca Dekoracyjna<\/p>\n<p> \t\u015arednica 38 cm<br \/>\n \tTworzywo metal<br \/>\n \tKolor tacy z\u0142oty<br \/>\n \tKolory \u017cywicy : czarny, granatowy, niebieski z\u0142oty<br \/>\n \tCzas realizacji do 10 dni roboczych po zaksi\u0119gowaniu wp\u0142aty<br \/>\n \tWysy\u0142ka kurier \/ kurier pobranie\u00a0<br \/>\n \tMo\u017cliwo\u015b\u0107 dokupienia podk\u0142adek na innej aukcji<br \/>\n \tZAMAWI\u0104JAC KILKA PRODUKT\u00d3W CZAS REALZIACJI JEST D\u0141U\u017bSZY DO 14 DNI ROBOCZYCH\u00a0<\/p>\n","protected":false},"excerpt":{"rendered":"<p>Taca Dekoracyjna<\/p>\n<p> \t\u015arednica 38 cm<br \/>\n \tTworzywo metal<br \/>\n \tKolor tacy z\u0142oty<br \/>\n \tKolory \u017cywicy : czarny, granatowy, niebieski z\u0142oty<br \/>\n \tCzas realizacji do 10 dni roboczych po zaksi\u0119gowaniu wp\u0142aty<br \/>\n \tWysy\u0142ka kurier \/ kurier pobranie\u00a0<br \/>\n \tMo\u017cliwo\u015b\u0107 dokupienia podk\u0142adek na innej aukcji<br \/>\n \tZAMAWI\u0104JAC KILKA PRODUKT\u00d3W CZAS REALZIACJI JEST D\u0141U\u017bSZY DO 14 DNI ROBOCZYCH\u00a0<\/p>\n","protected":false},"featured_media":2733,"comment_status":"open","ping_status":"closed","template":"","meta":[],"etheme_brands":[],"product_cat":[240],"product_tag":[],"class_list":["post-38180","product","type-product","status-publish","has-post-thumbnail","hentry","product_cat-tace-dekoracyjne"],"_links":{"self":[{"href":"https:\/\/new.decoczar.pl\/index.php\/wp-json\/wp\/v2\/product\/38180","targetHints":{"allow":["GET"]}}],"collection":[{"href":"https:\/\/new.decoczar.pl\/index.php\/wp-json\/wp\/v2\/product"}],"about":[{"href":"https:\/\/new.decoczar.pl\/index.php\/wp-json\/wp\/v2\/types\/product"}],"replies":[{"embeddable":true,"href":"https:\/\/new.decoczar.pl\/index.php\/wp-json\/wp\/v2\/comments?post=38180"}],"wp:featuredmedia":[{"embeddable":true,"href":"https:\/\/new.decoczar.pl\/index.php\/wp-json\/wp\/v2\/media\/2733"}],"wp:attachment":[{"href":"https:\/\/new.decoczar.pl\/index.php\/wp-json\/wp\/v2\/media?parent=38180"}],"wp:term":[{"taxonomy":"brand","embeddable":true,"href":"https:\/\/new.decoczar.pl\/index.php\/wp-json\/wp\/v2\/etheme_brands?post=38180"},{"taxonomy":"product_cat","embeddable":true,"href":"https:\/\/new.decoczar.pl\/index.php\/wp-json\/wp\/v2\/product_cat?post=38180"},{"taxonomy":"product_tag","embeddable":true,"href":"https:\/\/new.decoczar.pl\/index.php\/wp-json\/wp\/v2\/product_tag?post=38180"}],"curies":[{"name":"wp","href":"https:\/\/api.w.org\/{rel}","templated":true}]}}