{"id":38182,"date":"2026-04-03T13:56:28","date_gmt":"2026-04-03T11:56:28","guid":{"rendered":"https:\/\/new.decoczar.pl\/index.php\/product\/stelaz-metalowy-pod-stolik-barowy-noga-metalowa-100\/"},"modified":"2026-04-03T13:56:28","modified_gmt":"2026-04-03T11:56:28","slug":"stelaz-metalowy-pod-stolik-barowy-noga-metalowa-100","status":"publish","type":"product","link":"https:\/\/new.decoczar.pl\/index.php\/product\/stelaz-metalowy-pod-stolik-barowy-noga-metalowa-100\/","title":{"rendered":"STELA\u017b METALOWY POD STOLIK BAROWY \/ NOGA METALOWA"},"content":{"rendered":"<p>Cechy produktu :<\/p>\n<p> \tWymiary:\u2003\u2022 Wysoko\u015b\u0107: 110\u202fcm\u2003\u2022 D\u0142ugo\u015b\u0107: 140\u202fcm\u2003\u2022 G\u0142\u0119boko\u015b\u0107: 60\u202fcm \u2013 proporcje idealne do wysokich sto\u0142\u00f3w barowych.<br \/>\n \t\u00a0Stalowa konstrukcja: solidny profil 80\u00d740\u202fmm, malowany proszkowo \u2013 odporna na zarysowania, wilgo\u0107 i codzienn\u0105 eksploatacj\u0119.<br \/>\n \tKolor: elegancki czarny mat, kt\u00f3ry doskonale komponuje si\u0119 z r\u00f3\u017cnymi stylami wn\u0119trz.<br \/>\n \tProdukt sprzedawany bez blatu: stworzy miejsce na blat z drewna, laminatu, kamienia lub \u017cywicy \u2013 dopasuj go do swojego stylu!<br \/>\n \tRealizacja na zam\u00f3wienie: 3-4 tyg, ka\u017cdy stela\u017c wykonany z dba\u0142o\u015bci\u0105 o detale, gotowy dopasowa\u0107 si\u0119 do Twojej przestrzeni.<br \/>\n \tWysy\u0142ka paletowa.<\/p>\n<p>\u00a0<\/p>\n","protected":false},"excerpt":{"rendered":"<p>Cechy produktu :<\/p>\n<p> \tWymiary:\u2003\u2022 Wysoko\u015b\u0107: 110\u202fcm\u2003\u2022 D\u0142ugo\u015b\u0107: 140\u202fcm\u2003\u2022 G\u0142\u0119boko\u015b\u0107: 60\u202fcm \u2013 proporcje idealne do wysokich sto\u0142\u00f3w barowych.<br \/>\n \t\u00a0Stalowa konstrukcja: solidny profil 80\u00d740\u202fmm, malowany proszkowo \u2013 odporna na zarysowania, wilgo\u0107 i codzienn\u0105 eksploatacj\u0119.<br \/>\n \tKolor: elegancki czarny mat, kt\u00f3ry doskonale komponuje si\u0119 z r\u00f3\u017cnymi stylami wn\u0119trz.<br \/>\n \tProdukt sprzedawany bez blatu: stworzy miejsce na blat z drewna, laminatu, kamienia lub \u017cywicy \u2013 dopasuj go do swojego stylu!<br \/>\n \tRealizacja na zam\u00f3wienie: 3-4 tyg, ka\u017cdy stela\u017c wykonany z dba\u0142o\u015bci\u0105 o detale, gotowy dopasowa\u0107 si\u0119 do Twojej przestrzeni.<br \/>\n \tWysy\u0142ka paletowa.<\/p>\n<p>\u00a0<\/p>\n","protected":false},"featured_media":4927,"comment_status":"open","ping_status":"closed","template":"","meta":[],"etheme_brands":[],"product_cat":[50],"product_tag":[],"class_list":["post-38182","product","type-product","status-publish","has-post-thumbnail","hentry","product_cat-podstawy-metalowe-stelaze-stojaki"],"_links":{"self":[{"href":"https:\/\/new.decoczar.pl\/index.php\/wp-json\/wp\/v2\/product\/38182","targetHints":{"allow":["GET"]}}],"collection":[{"href":"https:\/\/new.decoczar.pl\/index.php\/wp-json\/wp\/v2\/product"}],"about":[{"href":"https:\/\/new.decoczar.pl\/index.php\/wp-json\/wp\/v2\/types\/product"}],"replies":[{"embeddable":true,"href":"https:\/\/new.decoczar.pl\/index.php\/wp-json\/wp\/v2\/comments?post=38182"}],"wp:featuredmedia":[{"embeddable":true,"href":"https:\/\/new.decoczar.pl\/index.php\/wp-json\/wp\/v2\/media\/4927"}],"wp:attachment":[{"href":"https:\/\/new.decoczar.pl\/index.php\/wp-json\/wp\/v2\/media?parent=38182"}],"wp:term":[{"taxonomy":"brand","embeddable":true,"href":"https:\/\/new.decoczar.pl\/index.php\/wp-json\/wp\/v2\/etheme_brands?post=38182"},{"taxonomy":"product_cat","embeddable":true,"href":"https:\/\/new.decoczar.pl\/index.php\/wp-json\/wp\/v2\/product_cat?post=38182"},{"taxonomy":"product_tag","embeddable":true,"href":"https:\/\/new.decoczar.pl\/index.php\/wp-json\/wp\/v2\/product_tag?post=38182"}],"curies":[{"name":"wp","href":"https:\/\/api.w.org\/{rel}","templated":true}]}}