{"id":38195,"date":"2026-04-03T13:57:20","date_gmt":"2026-04-03T11:57:20","guid":{"rendered":"https:\/\/new.decoczar.pl\/index.php\/product\/regal-industrialny-z-polkami-loft-7\/"},"modified":"2026-04-03T13:57:20","modified_gmt":"2026-04-03T11:57:20","slug":"regal-industrialny-z-polkami-loft-7","status":"publish","type":"product","link":"https:\/\/new.decoczar.pl\/index.php\/product\/regal-industrialny-z-polkami-loft-7\/","title":{"rendered":"REGA\u0141 INDUSTRIALNY Z P\u00d3\u0141KAMI LOFT"},"content":{"rendered":"<p>Cechy produktu:<\/p>\n<p> \tWymiary: 170\u202f\u00d7\u202f70\u202fcm, g\u0142\u0119boko\u015b\u0107 40\u202fcm \u2013 optymalna przestrze\u0144 do ekspozycji ksi\u0105\u017cek i<br \/>\n \tSolidna konstrukcja: stalowa rama z profilu 6\u00d72\u202fcm malowana proszkowo \u2013 wytrzyma\u0142a i odporna na zu\u017cycie.<br \/>\n \tStela\u017c: profil 6&#215;2 cm<br \/>\n \tP\u00f3\u0142ki z wysokiej jako\u015bci laminowanej p\u0142yty meblowej 1,8\u202fmm \u2013 trwa\u0142e i estetyczne rozwi\u0105zanie. D\u0105b Craft z\u0142oty<br \/>\n \tProdukt wykonany r\u0119cznie \u2013 unikatowy charakter i dba\u0142o\u015b\u0107 o detale.<br \/>\n \tCzas realizacji do 21 dni roboczych po zaksi\u0119gowaniu wp\u0142aty<br \/>\n \tMo\u017cliwo\u015b\u0107 personalizacji \u2013 dopasuj liczb\u0119 p\u00f3\u0142ek, kolor ramy lub p\u0142yty do swoich potrzeb.<\/p>\n","protected":false},"excerpt":{"rendered":"<p>Cechy produktu:<\/p>\n<p> \tWymiary: 170\u202f\u00d7\u202f70\u202fcm, g\u0142\u0119boko\u015b\u0107 40\u202fcm \u2013 optymalna przestrze\u0144 do ekspozycji ksi\u0105\u017cek i<br \/>\n \tSolidna konstrukcja: stalowa rama z profilu 6\u00d72\u202fcm malowana proszkowo \u2013 wytrzyma\u0142a i odporna na zu\u017cycie.<br \/>\n \tStela\u017c: profil 6&#215;2 cm<br \/>\n \tP\u00f3\u0142ki z wysokiej jako\u015bci laminowanej p\u0142yty meblowej 1,8\u202fmm \u2013 trwa\u0142e i estetyczne rozwi\u0105zanie. D\u0105b Craft z\u0142oty<br \/>\n \tProdukt wykonany r\u0119cznie \u2013 unikatowy charakter i dba\u0142o\u015b\u0107 o detale.<br \/>\n \tCzas realizacji do 21 dni roboczych po zaksi\u0119gowaniu wp\u0142aty<br \/>\n \tMo\u017cliwo\u015b\u0107 personalizacji \u2013 dopasuj liczb\u0119 p\u00f3\u0142ek, kolor ramy lub p\u0142yty do swoich potrzeb.<\/p>\n","protected":false},"featured_media":36532,"comment_status":"open","ping_status":"closed","template":"","meta":[],"etheme_brands":[],"product_cat":[50],"product_tag":[],"class_list":["post-38195","product","type-product","status-publish","has-post-thumbnail","hentry","product_cat-podstawy-metalowe-stelaze-stojaki"],"_links":{"self":[{"href":"https:\/\/new.decoczar.pl\/index.php\/wp-json\/wp\/v2\/product\/38195","targetHints":{"allow":["GET"]}}],"collection":[{"href":"https:\/\/new.decoczar.pl\/index.php\/wp-json\/wp\/v2\/product"}],"about":[{"href":"https:\/\/new.decoczar.pl\/index.php\/wp-json\/wp\/v2\/types\/product"}],"replies":[{"embeddable":true,"href":"https:\/\/new.decoczar.pl\/index.php\/wp-json\/wp\/v2\/comments?post=38195"}],"wp:featuredmedia":[{"embeddable":true,"href":"https:\/\/new.decoczar.pl\/index.php\/wp-json\/wp\/v2\/media\/36532"}],"wp:attachment":[{"href":"https:\/\/new.decoczar.pl\/index.php\/wp-json\/wp\/v2\/media?parent=38195"}],"wp:term":[{"taxonomy":"brand","embeddable":true,"href":"https:\/\/new.decoczar.pl\/index.php\/wp-json\/wp\/v2\/etheme_brands?post=38195"},{"taxonomy":"product_cat","embeddable":true,"href":"https:\/\/new.decoczar.pl\/index.php\/wp-json\/wp\/v2\/product_cat?post=38195"},{"taxonomy":"product_tag","embeddable":true,"href":"https:\/\/new.decoczar.pl\/index.php\/wp-json\/wp\/v2\/product_tag?post=38195"}],"curies":[{"name":"wp","href":"https:\/\/api.w.org\/{rel}","templated":true}]}}