{"id":38199,"date":"2026-04-03T13:57:22","date_gmt":"2026-04-03T11:57:22","guid":{"rendered":"https:\/\/new.decoczar.pl\/index.php\/product\/nogi-metalowe-pod-stol-podstawa-metalowa-70-cm-2-szt-101\/"},"modified":"2026-04-03T13:57:22","modified_gmt":"2026-04-03T11:57:22","slug":"nogi-metalowe-pod-stol-podstawa-metalowa-70-cm-2-szt-101","status":"publish","type":"product","link":"https:\/\/new.decoczar.pl\/index.php\/product\/nogi-metalowe-pod-stol-podstawa-metalowa-70-cm-2-szt-101\/","title":{"rendered":"NOGI METALOWE POD ST\u00d3\u0141 \/ PODSTAWA METALOWA 70 cm 2 szt"},"content":{"rendered":"<p>Cechy produktu:<\/p>\n<p> \tWysoko\u015b\u0107 : 72 cm<br \/>\n \tSzeroko\u015b\u0107 rozstawu 65 cm<br \/>\n \tModel: Nogi metalowe \u201eDiament\u201d \u2013 podstawa pod st\u00f3\u0142<br \/>\n \tMateria\u0142: wytrzyma\u0142a stal malowana proszkowo<br \/>\n \tProfil 6&#215;2 cm<br \/>\n \tProdukt wykonywany na zam\u00f3wienie do 21 dni roboczych &#8211; po zaksi\u0119gowaniu wp\u0142aty<br \/>\n \tZam\u00f3wienie tylko wp\u0142ata na konto<br \/>\n \tProdukt w ca\u0142o\u015bci wykonany w Polsce. Kupuj\u0105c u nas wspierasz Polsk\u0105 przedsi\u0119biorczo\u015b\u0107<br \/>\n \tProdukt posiada\u00a0 otwory monta\u017cowe i z \u0142atwo\u015bci\u0105 mo\u017cna\u00a0 je przykr\u0119ci\u0107 do blatu poprzez przykr\u0119cenie wkr\u0119t\u00f3w.<br \/>\n \tDbamy o Twoje wn\u0119trze!&#x2611;&#xfe0f; Dlatego pod ka\u017cd\u0105 nog\u0119 przyklejamy podk\u0142adk\u0119 ze specjalnego filcu, kt\u00f3ry\u00a0chroni Twoj\u0105 pod\u0142og\u0119\u00a0przed zarysowaniami.<\/p>\n<p>\u00a0<\/p>\n","protected":false},"excerpt":{"rendered":"<p>Cechy produktu:<\/p>\n<p> \tWysoko\u015b\u0107 : 72 cm<br \/>\n \tSzeroko\u015b\u0107 rozstawu 65 cm<br \/>\n \tModel: Nogi metalowe \u201eDiament\u201d \u2013 podstawa pod st\u00f3\u0142<br \/>\n \tMateria\u0142: wytrzyma\u0142a stal malowana proszkowo<br \/>\n \tProfil 6&#215;2 cm<br \/>\n \tProdukt wykonywany na zam\u00f3wienie do 21 dni roboczych &#8211; po zaksi\u0119gowaniu wp\u0142aty<br \/>\n \tZam\u00f3wienie tylko wp\u0142ata na konto<br \/>\n \tProdukt w ca\u0142o\u015bci wykonany w Polsce. Kupuj\u0105c u nas wspierasz Polsk\u0105 przedsi\u0119biorczo\u015b\u0107<br \/>\n \tProdukt posiada\u00a0 otwory monta\u017cowe i z \u0142atwo\u015bci\u0105 mo\u017cna\u00a0 je przykr\u0119ci\u0107 do blatu poprzez przykr\u0119cenie wkr\u0119t\u00f3w.<br \/>\n \tDbamy o Twoje wn\u0119trze!&#x2611;&#xfe0f; Dlatego pod ka\u017cd\u0105 nog\u0119 przyklejamy podk\u0142adk\u0119 ze specjalnego filcu, kt\u00f3ry\u00a0chroni Twoj\u0105 pod\u0142og\u0119\u00a0przed zarysowaniami.<\/p>\n<p>\u00a0<\/p>\n","protected":false},"featured_media":4964,"comment_status":"open","ping_status":"closed","template":"","meta":[],"etheme_brands":[],"product_cat":[50],"product_tag":[],"class_list":["post-38199","product","type-product","status-publish","has-post-thumbnail","hentry","product_cat-podstawy-metalowe-stelaze-stojaki"],"_links":{"self":[{"href":"https:\/\/new.decoczar.pl\/index.php\/wp-json\/wp\/v2\/product\/38199","targetHints":{"allow":["GET"]}}],"collection":[{"href":"https:\/\/new.decoczar.pl\/index.php\/wp-json\/wp\/v2\/product"}],"about":[{"href":"https:\/\/new.decoczar.pl\/index.php\/wp-json\/wp\/v2\/types\/product"}],"replies":[{"embeddable":true,"href":"https:\/\/new.decoczar.pl\/index.php\/wp-json\/wp\/v2\/comments?post=38199"}],"wp:featuredmedia":[{"embeddable":true,"href":"https:\/\/new.decoczar.pl\/index.php\/wp-json\/wp\/v2\/media\/4964"}],"wp:attachment":[{"href":"https:\/\/new.decoczar.pl\/index.php\/wp-json\/wp\/v2\/media?parent=38199"}],"wp:term":[{"taxonomy":"brand","embeddable":true,"href":"https:\/\/new.decoczar.pl\/index.php\/wp-json\/wp\/v2\/etheme_brands?post=38199"},{"taxonomy":"product_cat","embeddable":true,"href":"https:\/\/new.decoczar.pl\/index.php\/wp-json\/wp\/v2\/product_cat?post=38199"},{"taxonomy":"product_tag","embeddable":true,"href":"https:\/\/new.decoczar.pl\/index.php\/wp-json\/wp\/v2\/product_tag?post=38199"}],"curies":[{"name":"wp","href":"https:\/\/api.w.org\/{rel}","templated":true}]}}