{"id":3832,"date":"2023-03-06T15:16:55","date_gmt":"2023-03-06T14:16:55","guid":{"rendered":"http:\/\/new.decoczar.pl\/index.php\/product\/prosba-o-blogoslawienstwo\/"},"modified":"2023-03-06T15:16:55","modified_gmt":"2023-03-06T14:16:55","slug":"prosba-o-blogoslawienstwo","status":"publish","type":"product","link":"https:\/\/new.decoczar.pl\/index.php\/product\/prosba-o-blogoslawienstwo\/","title":{"rendered":"Pro\u015bba o b\u0142ogos\u0142awie\u0144stwo"},"content":{"rendered":"<p>Pro\u015bba o b\u0142ogos\u0142awie\u0144stwo\u00a0<\/p>\n<p>Jak poprosi\u0107 Rodzic\u00f3w o ich b\u0142ogos\u0142awie\u0144stwo na \u015blubie i weselu? Wyj\u0105tkowym i przepi\u0119knym pomys\u0142em s\u0105\u00a0 pro\u015bby o b\u0142ogos\u0142awie\u0144stwo umieszczone na drewnie.<\/p>\n","protected":false},"excerpt":{"rendered":"<p>Pro\u015bba o b\u0142ogos\u0142awie\u0144stwo\u00a0<\/p>\n<p>Jak poprosi\u0107 Rodzic\u00f3w o ich b\u0142ogos\u0142awie\u0144stwo na \u015blubie i weselu? Wyj\u0105tkowym i przepi\u0119knym pomys\u0142em s\u0105\u00a0 pro\u015bby o b\u0142ogos\u0142awie\u0144stwo umieszczone na drewnie.<\/p>\n","protected":false},"featured_media":3831,"comment_status":"open","ping_status":"closed","template":"","meta":[],"etheme_brands":[],"product_cat":[78],"product_tag":[],"class_list":["post-3832","product","type-product","status-publish","has-post-thumbnail","hentry","product_cat-slub-dekoracje"],"_links":{"self":[{"href":"https:\/\/new.decoczar.pl\/index.php\/wp-json\/wp\/v2\/product\/3832","targetHints":{"allow":["GET"]}}],"collection":[{"href":"https:\/\/new.decoczar.pl\/index.php\/wp-json\/wp\/v2\/product"}],"about":[{"href":"https:\/\/new.decoczar.pl\/index.php\/wp-json\/wp\/v2\/types\/product"}],"replies":[{"embeddable":true,"href":"https:\/\/new.decoczar.pl\/index.php\/wp-json\/wp\/v2\/comments?post=3832"}],"wp:featuredmedia":[{"embeddable":true,"href":"https:\/\/new.decoczar.pl\/index.php\/wp-json\/wp\/v2\/media\/3831"}],"wp:attachment":[{"href":"https:\/\/new.decoczar.pl\/index.php\/wp-json\/wp\/v2\/media?parent=3832"}],"wp:term":[{"taxonomy":"brand","embeddable":true,"href":"https:\/\/new.decoczar.pl\/index.php\/wp-json\/wp\/v2\/etheme_brands?post=3832"},{"taxonomy":"product_cat","embeddable":true,"href":"https:\/\/new.decoczar.pl\/index.php\/wp-json\/wp\/v2\/product_cat?post=3832"},{"taxonomy":"product_tag","embeddable":true,"href":"https:\/\/new.decoczar.pl\/index.php\/wp-json\/wp\/v2\/product_tag?post=3832"}],"curies":[{"name":"wp","href":"https:\/\/api.w.org\/{rel}","templated":true}]}}