{"id":3876,"date":"2023-03-13T13:43:06","date_gmt":"2023-03-13T12:43:06","guid":{"rendered":"http:\/\/new.decoczar.pl\/index.php\/product\/podziekowania-dla-gosci-skrzydelka-3\/"},"modified":"2023-03-13T13:43:06","modified_gmt":"2023-03-13T12:43:06","slug":"podziekowania-dla-gosci-skrzydelka-3","status":"publish","type":"product","link":"https:\/\/new.decoczar.pl\/index.php\/product\/podziekowania-dla-gosci-skrzydelka-3\/","title":{"rendered":"Podzi\u0119kowania dla go\u015bci Skrzyde\u0142ka"},"content":{"rendered":"<p>Podzi\u0119kowanie dla go\u015bci w formie drewnianych skrzyde\u0142ek<br \/>\nPodzi\u0119kowanie go\u015bciom za przybycie na uroczysto\u015b\u0107 Chrztu \u015awi\u0119tego b\u0119dzie bardzo mi\u0142ym gestem . Drewniane skrzyde\u0142ka b\u0119d\u0105 przywo\u0142ywa\u0107 wspomnienia z tej uroczystej chwili w pami\u0119ci go\u015bci.<br \/>\nZ pewno\u015bci\u0105 wszyscy doceni\u0105 ten gest.<br \/>\n\u00a0<\/p>\n","protected":false},"excerpt":{"rendered":"<p>Podzi\u0119kowanie dla go\u015bci w formie drewnianych skrzyde\u0142ek<br \/>\nPodzi\u0119kowanie go\u015bciom za przybycie na uroczysto\u015b\u0107 Chrztu \u015awi\u0119tego b\u0119dzie bardzo mi\u0142ym gestem . Drewniane skrzyde\u0142ka b\u0119d\u0105 przywo\u0142ywa\u0107 wspomnienia z tej uroczystej chwili w pami\u0119ci go\u015bci.<br \/>\nZ pewno\u015bci\u0105 wszyscy doceni\u0105 ten gest.<br \/>\n\u00a0<\/p>\n","protected":false},"featured_media":3870,"comment_status":"open","ping_status":"closed","template":"","meta":[],"etheme_brands":[],"product_cat":[83],"product_tag":[],"class_list":["post-3876","product","type-product","status-publish","has-post-thumbnail","hentry","product_cat-chrzest-swiety"],"_links":{"self":[{"href":"https:\/\/new.decoczar.pl\/index.php\/wp-json\/wp\/v2\/product\/3876","targetHints":{"allow":["GET"]}}],"collection":[{"href":"https:\/\/new.decoczar.pl\/index.php\/wp-json\/wp\/v2\/product"}],"about":[{"href":"https:\/\/new.decoczar.pl\/index.php\/wp-json\/wp\/v2\/types\/product"}],"replies":[{"embeddable":true,"href":"https:\/\/new.decoczar.pl\/index.php\/wp-json\/wp\/v2\/comments?post=3876"}],"wp:featuredmedia":[{"embeddable":true,"href":"https:\/\/new.decoczar.pl\/index.php\/wp-json\/wp\/v2\/media\/3870"}],"wp:attachment":[{"href":"https:\/\/new.decoczar.pl\/index.php\/wp-json\/wp\/v2\/media?parent=3876"}],"wp:term":[{"taxonomy":"brand","embeddable":true,"href":"https:\/\/new.decoczar.pl\/index.php\/wp-json\/wp\/v2\/etheme_brands?post=3876"},{"taxonomy":"product_cat","embeddable":true,"href":"https:\/\/new.decoczar.pl\/index.php\/wp-json\/wp\/v2\/product_cat?post=3876"},{"taxonomy":"product_tag","embeddable":true,"href":"https:\/\/new.decoczar.pl\/index.php\/wp-json\/wp\/v2\/product_tag?post=3876"}],"curies":[{"name":"wp","href":"https:\/\/api.w.org\/{rel}","templated":true}]}}