{"id":3962,"date":"2023-03-21T16:29:36","date_gmt":"2023-03-21T15:29:36","guid":{"rendered":"http:\/\/new.decoczar.pl\/index.php\/product\/podziekowania-dla-gosci-grosz-na-szczescie-magnes\/"},"modified":"2023-03-21T16:29:36","modified_gmt":"2023-03-21T15:29:36","slug":"podziekowania-dla-gosci-grosz-na-szczescie-magnes","status":"publish","type":"product","link":"https:\/\/new.decoczar.pl\/index.php\/product\/podziekowania-dla-gosci-grosz-na-szczescie-magnes\/","title":{"rendered":"PODZI\u0118KOWANIA DLA GO\u015aCI &#8211; GROSZ NA SZCZ\u0118\u015aCIE MAGNES"},"content":{"rendered":"<p>PODZI\u0118KOWANIA DLA GO\u015aCI GROSZ NA SZCZ\u0118CIE \u015aLUBNY JAKO PREZENT DLA GO\u015aCI WESELNYCH<\/p>\n<p> \tWymiary 10X10 cm<br \/>\n \tSerce wykonane ze sklejki brzozowej 3 mm<br \/>\n \tMagnes<br \/>\n \tW uwagach dla klienta prosz\u0119 wpisa\u0107 imiona oraz dat\u0119 \u015blubu<br \/>\n \tGrosz<br \/>\n \tPere\u0142ka<br \/>\n \tMasz inny projekt na magnes \u015blubny drewniany &#8211; napisz do nas \ud83d\ude42<\/p>\n","protected":false},"excerpt":{"rendered":"<p>PODZI\u0118KOWANIA DLA GO\u015aCI GROSZ NA SZCZ\u0118CIE \u015aLUBNY JAKO PREZENT DLA GO\u015aCI WESELNYCH<\/p>\n<p> \tWymiary 10X10 cm<br \/>\n \tSerce wykonane ze sklejki brzozowej 3 mm<br \/>\n \tMagnes<br \/>\n \tW uwagach dla klienta prosz\u0119 wpisa\u0107 imiona oraz dat\u0119 \u015blubu<br \/>\n \tGrosz<br \/>\n \tPere\u0142ka<br \/>\n \tMasz inny projekt na magnes \u015blubny drewniany &#8211; napisz do nas \ud83d\ude42<\/p>\n","protected":false},"featured_media":3961,"comment_status":"open","ping_status":"closed","template":"","meta":[],"etheme_brands":[],"product_cat":[78],"product_tag":[],"class_list":["post-3962","product","type-product","status-publish","has-post-thumbnail","hentry","product_cat-slub-dekoracje"],"_links":{"self":[{"href":"https:\/\/new.decoczar.pl\/index.php\/wp-json\/wp\/v2\/product\/3962","targetHints":{"allow":["GET"]}}],"collection":[{"href":"https:\/\/new.decoczar.pl\/index.php\/wp-json\/wp\/v2\/product"}],"about":[{"href":"https:\/\/new.decoczar.pl\/index.php\/wp-json\/wp\/v2\/types\/product"}],"replies":[{"embeddable":true,"href":"https:\/\/new.decoczar.pl\/index.php\/wp-json\/wp\/v2\/comments?post=3962"}],"wp:featuredmedia":[{"embeddable":true,"href":"https:\/\/new.decoczar.pl\/index.php\/wp-json\/wp\/v2\/media\/3961"}],"wp:attachment":[{"href":"https:\/\/new.decoczar.pl\/index.php\/wp-json\/wp\/v2\/media?parent=3962"}],"wp:term":[{"taxonomy":"brand","embeddable":true,"href":"https:\/\/new.decoczar.pl\/index.php\/wp-json\/wp\/v2\/etheme_brands?post=3962"},{"taxonomy":"product_cat","embeddable":true,"href":"https:\/\/new.decoczar.pl\/index.php\/wp-json\/wp\/v2\/product_cat?post=3962"},{"taxonomy":"product_tag","embeddable":true,"href":"https:\/\/new.decoczar.pl\/index.php\/wp-json\/wp\/v2\/product_tag?post=3962"}],"curies":[{"name":"wp","href":"https:\/\/api.w.org\/{rel}","templated":true}]}}