{"id":3964,"date":"2023-03-21T16:29:55","date_gmt":"2023-03-21T15:29:55","guid":{"rendered":"http:\/\/new.decoczar.pl\/index.php\/product\/podziekowania-dla-gosci-serce-z-magnesem-2\/"},"modified":"2023-03-21T16:29:55","modified_gmt":"2023-03-21T15:29:55","slug":"podziekowania-dla-gosci-serce-z-magnesem-2","status":"publish","type":"product","link":"https:\/\/new.decoczar.pl\/index.php\/product\/podziekowania-dla-gosci-serce-z-magnesem-2\/","title":{"rendered":"PODZI\u0118KOWANIA DLA GO\u015aCI &#8211; SERCE Z MAGNESEM"},"content":{"rendered":"<p>PODZI\u0118KOWANIA DLA GO\u015aCI SERCE PREZENT DLA GO\u015aCI WESELNYCH<\/p>\n<p> \tCi\u0119cie laserowe<br \/>\n \tWymiary 6\u00d76,5 cm\u00a0<br \/>\n \tSerce wykonane ze sklejki brzozowej\u00a0<br \/>\n \tGrawer mo\u017cemy dowolnie modyfikowa\u0107<br \/>\n \tMagnes<br \/>\n \tW uwagach dla klienta prosz\u0119 wpisa\u0107 imiona oraz dat\u0119 \u015blubu<br \/>\n \tPowy\u017cej 5 szt \u2013 wysy\u0142ka kurier\u00a0<\/p>\n","protected":false},"excerpt":{"rendered":"<p>PODZI\u0118KOWANIA DLA GO\u015aCI SERCE PREZENT DLA GO\u015aCI WESELNYCH<\/p>\n<p> \tCi\u0119cie laserowe<br \/>\n \tWymiary 6\u00d76,5 cm\u00a0<br \/>\n \tSerce wykonane ze sklejki brzozowej\u00a0<br \/>\n \tGrawer mo\u017cemy dowolnie modyfikowa\u0107<br \/>\n \tMagnes<br \/>\n \tW uwagach dla klienta prosz\u0119 wpisa\u0107 imiona oraz dat\u0119 \u015blubu<br \/>\n \tPowy\u017cej 5 szt \u2013 wysy\u0142ka kurier\u00a0<\/p>\n","protected":false},"featured_media":3963,"comment_status":"open","ping_status":"closed","template":"","meta":[],"etheme_brands":[],"product_cat":[78],"product_tag":[],"class_list":["post-3964","product","type-product","status-publish","has-post-thumbnail","hentry","product_cat-slub-dekoracje"],"_links":{"self":[{"href":"https:\/\/new.decoczar.pl\/index.php\/wp-json\/wp\/v2\/product\/3964","targetHints":{"allow":["GET"]}}],"collection":[{"href":"https:\/\/new.decoczar.pl\/index.php\/wp-json\/wp\/v2\/product"}],"about":[{"href":"https:\/\/new.decoczar.pl\/index.php\/wp-json\/wp\/v2\/types\/product"}],"replies":[{"embeddable":true,"href":"https:\/\/new.decoczar.pl\/index.php\/wp-json\/wp\/v2\/comments?post=3964"}],"wp:featuredmedia":[{"embeddable":true,"href":"https:\/\/new.decoczar.pl\/index.php\/wp-json\/wp\/v2\/media\/3963"}],"wp:attachment":[{"href":"https:\/\/new.decoczar.pl\/index.php\/wp-json\/wp\/v2\/media?parent=3964"}],"wp:term":[{"taxonomy":"brand","embeddable":true,"href":"https:\/\/new.decoczar.pl\/index.php\/wp-json\/wp\/v2\/etheme_brands?post=3964"},{"taxonomy":"product_cat","embeddable":true,"href":"https:\/\/new.decoczar.pl\/index.php\/wp-json\/wp\/v2\/product_cat?post=3964"},{"taxonomy":"product_tag","embeddable":true,"href":"https:\/\/new.decoczar.pl\/index.php\/wp-json\/wp\/v2\/product_tag?post=3964"}],"curies":[{"name":"wp","href":"https:\/\/api.w.org\/{rel}","templated":true}]}}