{"id":3966,"date":"2023-03-21T16:30:08","date_gmt":"2023-03-21T15:30:08","guid":{"rendered":"http:\/\/new.decoczar.pl\/index.php\/product\/podziekowania-dla-gosci-serce-z-magnesem-3\/"},"modified":"2023-03-21T16:30:08","modified_gmt":"2023-03-21T15:30:08","slug":"podziekowania-dla-gosci-serce-z-magnesem-3","status":"publish","type":"product","link":"https:\/\/new.decoczar.pl\/index.php\/product\/podziekowania-dla-gosci-serce-z-magnesem-3\/","title":{"rendered":"PODZI\u0118KOWANIA DLA GO\u015aCI &#8211; SERCE Z MAGNESEM"},"content":{"rendered":"<p>PODZI\u0118KOWANIA DLA GO\u015aCI\u00a0 SERCE NA SZCZ\u0118\u015aCIE \u015aLUBNY JAKO PREZENT DLA GO\u015aCI WESELNYCH<\/p>\n<p> \tWymiary 10X10 cm<br \/>\n \tMagnes<br \/>\n \tKokardka dowolny kolor<br \/>\n \tMasz inny projekt na magnes \u015blubny drewniany &#8211; napisz do nas \ud83d\ude42<br \/>\n \tW uwagach dla klienta prosz\u0119 wpisa\u0107 zmian\u0119 tekstu np. imiona, dat\u0119<br \/>\n \tRealizacja od 5-14 dni roboczych ( zale\u017cy od ilo\u015bci sztuk )<br \/>\n \tPowy\u017cej 5 szt wysy\u0142ka kurier !!!<\/p>\n<p>\u00a0<\/p>\n","protected":false},"excerpt":{"rendered":"<p>PODZI\u0118KOWANIA DLA GO\u015aCI\u00a0 SERCE NA SZCZ\u0118\u015aCIE \u015aLUBNY JAKO PREZENT DLA GO\u015aCI WESELNYCH<\/p>\n<p> \tWymiary 10X10 cm<br \/>\n \tMagnes<br \/>\n \tKokardka dowolny kolor<br \/>\n \tMasz inny projekt na magnes \u015blubny drewniany &#8211; napisz do nas \ud83d\ude42<br \/>\n \tW uwagach dla klienta prosz\u0119 wpisa\u0107 zmian\u0119 tekstu np. imiona, dat\u0119<br \/>\n \tRealizacja od 5-14 dni roboczych ( zale\u017cy od ilo\u015bci sztuk )<br \/>\n \tPowy\u017cej 5 szt wysy\u0142ka kurier !!!<\/p>\n<p>\u00a0<\/p>\n","protected":false},"featured_media":3965,"comment_status":"open","ping_status":"closed","template":"","meta":[],"etheme_brands":[],"product_cat":[78],"product_tag":[],"class_list":["post-3966","product","type-product","status-publish","has-post-thumbnail","hentry","product_cat-slub-dekoracje"],"_links":{"self":[{"href":"https:\/\/new.decoczar.pl\/index.php\/wp-json\/wp\/v2\/product\/3966","targetHints":{"allow":["GET"]}}],"collection":[{"href":"https:\/\/new.decoczar.pl\/index.php\/wp-json\/wp\/v2\/product"}],"about":[{"href":"https:\/\/new.decoczar.pl\/index.php\/wp-json\/wp\/v2\/types\/product"}],"replies":[{"embeddable":true,"href":"https:\/\/new.decoczar.pl\/index.php\/wp-json\/wp\/v2\/comments?post=3966"}],"wp:featuredmedia":[{"embeddable":true,"href":"https:\/\/new.decoczar.pl\/index.php\/wp-json\/wp\/v2\/media\/3965"}],"wp:attachment":[{"href":"https:\/\/new.decoczar.pl\/index.php\/wp-json\/wp\/v2\/media?parent=3966"}],"wp:term":[{"taxonomy":"brand","embeddable":true,"href":"https:\/\/new.decoczar.pl\/index.php\/wp-json\/wp\/v2\/etheme_brands?post=3966"},{"taxonomy":"product_cat","embeddable":true,"href":"https:\/\/new.decoczar.pl\/index.php\/wp-json\/wp\/v2\/product_cat?post=3966"},{"taxonomy":"product_tag","embeddable":true,"href":"https:\/\/new.decoczar.pl\/index.php\/wp-json\/wp\/v2\/product_tag?post=3966"}],"curies":[{"name":"wp","href":"https:\/\/api.w.org\/{rel}","templated":true}]}}