{"id":3980,"date":"2023-03-22T04:12:37","date_gmt":"2023-03-22T03:12:37","guid":{"rendered":"http:\/\/new.decoczar.pl\/index.php\/product\/serce-z-grawerem-z-zyczeniami-3\/"},"modified":"2023-03-22T04:12:37","modified_gmt":"2023-03-22T03:12:37","slug":"serce-z-grawerem-z-zyczeniami-3","status":"publish","type":"product","link":"https:\/\/new.decoczar.pl\/index.php\/product\/serce-z-grawerem-z-zyczeniami-3\/","title":{"rendered":"Serce z grawerem z \u017cyczeniami"},"content":{"rendered":"<p>Serce z grawerem z w\u0142asn\u0105 dedykacj\u0105 <\/p>\n<p> \tWymiary 20\u00d720 cm\u00a0<br \/>\n \tWykonane ze sklejki brzozowej 3 mm\u00a0<br \/>\n \t\u017byczenia mo\u017cemy dowolnie modyfikowa\u0107<br \/>\n \tW uwagach dla klienta b\u0105d\u017a w na maila sklep@decoczar.pl prosz\u0119 wpisa\u0107 modyfikacj\u0119 tekstu<br \/>\n \tCzas realizacji 2-5 dni roboczych po zaksi\u0119gowaniu wp\u0142aty<\/p>\n<p>WYSY\u0141KA TYLKO KURIER !!!<\/p>\n","protected":false},"excerpt":{"rendered":"<p>Serce z grawerem z w\u0142asn\u0105 dedykacj\u0105 <\/p>\n<p> \tWymiary 20\u00d720 cm\u00a0<br \/>\n \tWykonane ze sklejki brzozowej 3 mm\u00a0<br \/>\n \t\u017byczenia mo\u017cemy dowolnie modyfikowa\u0107<br \/>\n \tW uwagach dla klienta b\u0105d\u017a w na maila sklep@decoczar.pl prosz\u0119 wpisa\u0107 modyfikacj\u0119 tekstu<br \/>\n \tCzas realizacji 2-5 dni roboczych po zaksi\u0119gowaniu wp\u0142aty<\/p>\n<p>WYSY\u0141KA TYLKO KURIER !!!<\/p>\n","protected":false},"featured_media":3979,"comment_status":"open","ping_status":"closed","template":"","meta":[],"etheme_brands":[],"product_cat":[77],"product_tag":[],"class_list":["post-3980","product","type-product","status-publish","has-post-thumbnail","hentry","product_cat-dzien-nauczyciela-zakonczenie-roku"],"_links":{"self":[{"href":"https:\/\/new.decoczar.pl\/index.php\/wp-json\/wp\/v2\/product\/3980","targetHints":{"allow":["GET"]}}],"collection":[{"href":"https:\/\/new.decoczar.pl\/index.php\/wp-json\/wp\/v2\/product"}],"about":[{"href":"https:\/\/new.decoczar.pl\/index.php\/wp-json\/wp\/v2\/types\/product"}],"replies":[{"embeddable":true,"href":"https:\/\/new.decoczar.pl\/index.php\/wp-json\/wp\/v2\/comments?post=3980"}],"wp:featuredmedia":[{"embeddable":true,"href":"https:\/\/new.decoczar.pl\/index.php\/wp-json\/wp\/v2\/media\/3979"}],"wp:attachment":[{"href":"https:\/\/new.decoczar.pl\/index.php\/wp-json\/wp\/v2\/media?parent=3980"}],"wp:term":[{"taxonomy":"brand","embeddable":true,"href":"https:\/\/new.decoczar.pl\/index.php\/wp-json\/wp\/v2\/etheme_brands?post=3980"},{"taxonomy":"product_cat","embeddable":true,"href":"https:\/\/new.decoczar.pl\/index.php\/wp-json\/wp\/v2\/product_cat?post=3980"},{"taxonomy":"product_tag","embeddable":true,"href":"https:\/\/new.decoczar.pl\/index.php\/wp-json\/wp\/v2\/product_tag?post=3980"}],"curies":[{"name":"wp","href":"https:\/\/api.w.org\/{rel}","templated":true}]}}