{"id":4037,"date":"2023-03-28T07:51:59","date_gmt":"2023-03-28T05:51:59","guid":{"rendered":"http:\/\/new.decoczar.pl\/index.php\/product\/tabliczki-drewniane-dla-matki-chrzestnej\/"},"modified":"2023-03-28T07:51:59","modified_gmt":"2023-03-28T05:51:59","slug":"tabliczki-drewniane-dla-matki-chrzestnej","status":"publish","type":"product","link":"https:\/\/new.decoczar.pl\/index.php\/product\/tabliczki-drewniane-dla-matki-chrzestnej\/","title":{"rendered":"Tabliczki Drewniane Dla Matki Chrzestnej"},"content":{"rendered":"<p>Zestaw tabliczek wisz\u0105cych &#8221; Pami\u0105tka Chrztu \u015awi\u0119tego&#8221; z imieniem i klamerkami.<br \/>\nPi\u0119kne drewniane tabliczki z napisem dedykacji na chrzest \u015bwi\u0119ty<br \/>\n\u00a0oraz \u200bimieniem, po dodaniu zdj\u0119cia b\u0119d\u0105 stanowi\u0107 oryginalny prezent.<br \/>\nGrawer mo\u017cemy dowolnie modyfikowa\u0107 Kochanej Mamie, Kochanemu Wujkowi, Zawsze w sercu itp &#8230;<\/p>\n","protected":false},"excerpt":{"rendered":"<p>Zestaw tabliczek wisz\u0105cych &#8221; Pami\u0105tka Chrztu \u015awi\u0119tego&#8221; z imieniem i klamerkami.<br \/>\nPi\u0119kne drewniane tabliczki z napisem dedykacji na chrzest \u015bwi\u0119ty<br \/>\n\u00a0oraz \u200bimieniem, po dodaniu zdj\u0119cia b\u0119d\u0105 stanowi\u0107 oryginalny prezent.<br \/>\nGrawer mo\u017cemy dowolnie modyfikowa\u0107 Kochanej Mamie, Kochanemu Wujkowi, Zawsze w sercu itp &#8230;<\/p>\n","protected":false},"featured_media":4036,"comment_status":"open","ping_status":"closed","template":"","meta":[],"etheme_brands":[],"product_cat":[143],"product_tag":[],"class_list":["post-4037","product","type-product","status-publish","has-post-thumbnail","hentry","product_cat-akcesoria-dekoracyjne-chrzest-swiety"],"_links":{"self":[{"href":"https:\/\/new.decoczar.pl\/index.php\/wp-json\/wp\/v2\/product\/4037","targetHints":{"allow":["GET"]}}],"collection":[{"href":"https:\/\/new.decoczar.pl\/index.php\/wp-json\/wp\/v2\/product"}],"about":[{"href":"https:\/\/new.decoczar.pl\/index.php\/wp-json\/wp\/v2\/types\/product"}],"replies":[{"embeddable":true,"href":"https:\/\/new.decoczar.pl\/index.php\/wp-json\/wp\/v2\/comments?post=4037"}],"wp:featuredmedia":[{"embeddable":true,"href":"https:\/\/new.decoczar.pl\/index.php\/wp-json\/wp\/v2\/media\/4036"}],"wp:attachment":[{"href":"https:\/\/new.decoczar.pl\/index.php\/wp-json\/wp\/v2\/media?parent=4037"}],"wp:term":[{"taxonomy":"brand","embeddable":true,"href":"https:\/\/new.decoczar.pl\/index.php\/wp-json\/wp\/v2\/etheme_brands?post=4037"},{"taxonomy":"product_cat","embeddable":true,"href":"https:\/\/new.decoczar.pl\/index.php\/wp-json\/wp\/v2\/product_cat?post=4037"},{"taxonomy":"product_tag","embeddable":true,"href":"https:\/\/new.decoczar.pl\/index.php\/wp-json\/wp\/v2\/product_tag?post=4037"}],"curies":[{"name":"wp","href":"https:\/\/api.w.org\/{rel}","templated":true}]}}