{"id":4092,"date":"2023-04-03T21:51:40","date_gmt":"2023-04-03T19:51:40","guid":{"rendered":"http:\/\/new.decoczar.pl\/index.php\/product\/ksiega-gosci-weselnych-w-butelce-2\/"},"modified":"2023-04-03T21:51:40","modified_gmt":"2023-04-03T19:51:40","slug":"ksiega-gosci-weselnych-w-butelce-2","status":"publish","type":"product","link":"https:\/\/new.decoczar.pl\/index.php\/product\/ksiega-gosci-weselnych-w-butelce-2\/","title":{"rendered":"Ksi\u0119ga go\u015bci weselnych w butelce"},"content":{"rendered":"<p>Ksi\u0119ga go\u015bci weselnych w butelce<br \/>\n\u015awietna alternatywa tradycyjnej ksi\u0119gi go\u015bci.<br \/>\nJej niebanalny wygl\u0105d u\u015bwietni ten wyj\u0105tkowy czas.<br \/>\nCzytanie pozostawionych przez go\u015bci wiadomo\u015bci pozwoli powr\u00f3ci\u0107 do tego wyj\u0105tkowego dnia w Waszym \u017cyciu<\/p>\n","protected":false},"excerpt":{"rendered":"<p>Ksi\u0119ga go\u015bci weselnych w butelce<br \/>\n\u015awietna alternatywa tradycyjnej ksi\u0119gi go\u015bci.<br \/>\nJej niebanalny wygl\u0105d u\u015bwietni ten wyj\u0105tkowy czas.<br \/>\nCzytanie pozostawionych przez go\u015bci wiadomo\u015bci pozwoli powr\u00f3ci\u0107 do tego wyj\u0105tkowego dnia w Waszym \u017cyciu<\/p>\n","protected":false},"featured_media":4091,"comment_status":"open","ping_status":"closed","template":"","meta":[],"etheme_brands":[],"product_cat":[78],"product_tag":[],"class_list":["post-4092","product","type-product","status-publish","has-post-thumbnail","hentry","product_cat-slub-dekoracje"],"_links":{"self":[{"href":"https:\/\/new.decoczar.pl\/index.php\/wp-json\/wp\/v2\/product\/4092","targetHints":{"allow":["GET"]}}],"collection":[{"href":"https:\/\/new.decoczar.pl\/index.php\/wp-json\/wp\/v2\/product"}],"about":[{"href":"https:\/\/new.decoczar.pl\/index.php\/wp-json\/wp\/v2\/types\/product"}],"replies":[{"embeddable":true,"href":"https:\/\/new.decoczar.pl\/index.php\/wp-json\/wp\/v2\/comments?post=4092"}],"wp:featuredmedia":[{"embeddable":true,"href":"https:\/\/new.decoczar.pl\/index.php\/wp-json\/wp\/v2\/media\/4091"}],"wp:attachment":[{"href":"https:\/\/new.decoczar.pl\/index.php\/wp-json\/wp\/v2\/media?parent=4092"}],"wp:term":[{"taxonomy":"brand","embeddable":true,"href":"https:\/\/new.decoczar.pl\/index.php\/wp-json\/wp\/v2\/etheme_brands?post=4092"},{"taxonomy":"product_cat","embeddable":true,"href":"https:\/\/new.decoczar.pl\/index.php\/wp-json\/wp\/v2\/product_cat?post=4092"},{"taxonomy":"product_tag","embeddable":true,"href":"https:\/\/new.decoczar.pl\/index.php\/wp-json\/wp\/v2\/product_tag?post=4092"}],"curies":[{"name":"wp","href":"https:\/\/api.w.org\/{rel}","templated":true}]}}