{"id":4094,"date":"2023-04-03T21:52:02","date_gmt":"2023-04-03T19:52:02","guid":{"rendered":"http:\/\/new.decoczar.pl\/index.php\/product\/napisy-ze-sklejki-imie\/"},"modified":"2023-04-03T21:52:02","modified_gmt":"2023-04-03T19:52:02","slug":"napisy-ze-sklejki-imie","status":"publish","type":"product","link":"https:\/\/new.decoczar.pl\/index.php\/product\/napisy-ze-sklejki-imie\/","title":{"rendered":"Napisy ze sklejki imi\u0119"},"content":{"rendered":"<p>\u00a0<\/p>\n<p>Wymiary napisu: 5\u00a0cm x 15 cm<\/p>\n<p>Napis wykonany jest ze szlifowanej\u00a0sklejki brzozowej\u00a0grubo\u015bci\u00a03mm.<\/p>\n<p>Sklejka wyci\u0119ta laserowo, stan surowy niemalowany.<\/p>\n<p>Idealnie nadaje si\u0119 do prac wykonywanych metodami mixed media, scrapbooking oraz decoupage.<\/p>\n<p>Napis mo\u017cna barwi\u0107 mi\u0119dzy innymi farbami oraz tuszami.<\/p>\n<p>Ozdob\u0119 mo\u017cna powiesi\u0107 na sznurkach, postawi\u0107 na p\u00f3\u0142ce lub przyklei\u0107 za pomoc\u0105 ta\u015bmy dwustronnej.<\/p>\n","protected":false},"excerpt":{"rendered":"<p>\u00a0<\/p>\n<p>Wymiary napisu: 5\u00a0cm x 15 cm<\/p>\n<p>Napis wykonany jest ze szlifowanej\u00a0sklejki brzozowej\u00a0grubo\u015bci\u00a03mm.<\/p>\n<p>Sklejka wyci\u0119ta laserowo, stan surowy niemalowany.<\/p>\n<p>Idealnie nadaje si\u0119 do prac wykonywanych metodami mixed media, scrapbooking oraz decoupage.<\/p>\n<p>Napis mo\u017cna barwi\u0107 mi\u0119dzy innymi farbami oraz tuszami.<\/p>\n<p>Ozdob\u0119 mo\u017cna powiesi\u0107 na sznurkach, postawi\u0107 na p\u00f3\u0142ce lub przyklei\u0107 za pomoc\u0105 ta\u015bmy dwustronnej.<\/p>\n","protected":false},"featured_media":4093,"comment_status":"open","ping_status":"closed","template":"","meta":[],"etheme_brands":[],"product_cat":[120],"product_tag":[],"class_list":["post-4094","product","type-product","status-publish","has-post-thumbnail","hentry","product_cat-akcesoria-dekoracyjne"],"_links":{"self":[{"href":"https:\/\/new.decoczar.pl\/index.php\/wp-json\/wp\/v2\/product\/4094","targetHints":{"allow":["GET"]}}],"collection":[{"href":"https:\/\/new.decoczar.pl\/index.php\/wp-json\/wp\/v2\/product"}],"about":[{"href":"https:\/\/new.decoczar.pl\/index.php\/wp-json\/wp\/v2\/types\/product"}],"replies":[{"embeddable":true,"href":"https:\/\/new.decoczar.pl\/index.php\/wp-json\/wp\/v2\/comments?post=4094"}],"wp:featuredmedia":[{"embeddable":true,"href":"https:\/\/new.decoczar.pl\/index.php\/wp-json\/wp\/v2\/media\/4093"}],"wp:attachment":[{"href":"https:\/\/new.decoczar.pl\/index.php\/wp-json\/wp\/v2\/media?parent=4094"}],"wp:term":[{"taxonomy":"brand","embeddable":true,"href":"https:\/\/new.decoczar.pl\/index.php\/wp-json\/wp\/v2\/etheme_brands?post=4094"},{"taxonomy":"product_cat","embeddable":true,"href":"https:\/\/new.decoczar.pl\/index.php\/wp-json\/wp\/v2\/product_cat?post=4094"},{"taxonomy":"product_tag","embeddable":true,"href":"https:\/\/new.decoczar.pl\/index.php\/wp-json\/wp\/v2\/product_tag?post=4094"}],"curies":[{"name":"wp","href":"https:\/\/api.w.org\/{rel}","templated":true}]}}