{"id":4096,"date":"2023-04-03T21:52:11","date_gmt":"2023-04-03T19:52:11","guid":{"rendered":"http:\/\/new.decoczar.pl\/index.php\/product\/napisy-ze-sklejki-emilka\/"},"modified":"2023-04-03T21:52:11","modified_gmt":"2023-04-03T19:52:11","slug":"napisy-ze-sklejki-emilka","status":"publish","type":"product","link":"https:\/\/new.decoczar.pl\/index.php\/product\/napisy-ze-sklejki-emilka\/","title":{"rendered":"Napisy ze sklejki Emilka"},"content":{"rendered":"<p>Idealny do zdobienia m.in. technik\u0105 decoupage, do malowania.<\/p>\n<p>Wymiary napisu: 5\u00a0cm x 12 cm<\/p>\n<p>Napis wykonany jest ze szlifowanej\u00a0sklejki brzozowej\u00a0grubo\u015bci\u00a03mm.<\/p>\n<p>Sklejka wyci\u0119ta laserowo, stan surowy niemalowany.<\/p>\n<p>Idealnie nadaje si\u0119 do prac wykonywanych metodami mixed media, scrapbooking oraz decoupage.<\/p>\n<p>Napis mo\u017cna barwi\u0107 mi\u0119dzy innymi farbami oraz tuszami.<\/p>\n","protected":false},"excerpt":{"rendered":"<p>Idealny do zdobienia m.in. technik\u0105 decoupage, do malowania.<\/p>\n<p>Wymiary napisu: 5\u00a0cm x 12 cm<\/p>\n<p>Napis wykonany jest ze szlifowanej\u00a0sklejki brzozowej\u00a0grubo\u015bci\u00a03mm.<\/p>\n<p>Sklejka wyci\u0119ta laserowo, stan surowy niemalowany.<\/p>\n<p>Idealnie nadaje si\u0119 do prac wykonywanych metodami mixed media, scrapbooking oraz decoupage.<\/p>\n<p>Napis mo\u017cna barwi\u0107 mi\u0119dzy innymi farbami oraz tuszami.<\/p>\n","protected":false},"featured_media":4095,"comment_status":"open","ping_status":"closed","template":"","meta":[],"etheme_brands":[],"product_cat":[120],"product_tag":[],"class_list":["post-4096","product","type-product","status-publish","has-post-thumbnail","hentry","product_cat-akcesoria-dekoracyjne"],"_links":{"self":[{"href":"https:\/\/new.decoczar.pl\/index.php\/wp-json\/wp\/v2\/product\/4096","targetHints":{"allow":["GET"]}}],"collection":[{"href":"https:\/\/new.decoczar.pl\/index.php\/wp-json\/wp\/v2\/product"}],"about":[{"href":"https:\/\/new.decoczar.pl\/index.php\/wp-json\/wp\/v2\/types\/product"}],"replies":[{"embeddable":true,"href":"https:\/\/new.decoczar.pl\/index.php\/wp-json\/wp\/v2\/comments?post=4096"}],"wp:featuredmedia":[{"embeddable":true,"href":"https:\/\/new.decoczar.pl\/index.php\/wp-json\/wp\/v2\/media\/4095"}],"wp:attachment":[{"href":"https:\/\/new.decoczar.pl\/index.php\/wp-json\/wp\/v2\/media?parent=4096"}],"wp:term":[{"taxonomy":"brand","embeddable":true,"href":"https:\/\/new.decoczar.pl\/index.php\/wp-json\/wp\/v2\/etheme_brands?post=4096"},{"taxonomy":"product_cat","embeddable":true,"href":"https:\/\/new.decoczar.pl\/index.php\/wp-json\/wp\/v2\/product_cat?post=4096"},{"taxonomy":"product_tag","embeddable":true,"href":"https:\/\/new.decoczar.pl\/index.php\/wp-json\/wp\/v2\/product_tag?post=4096"}],"curies":[{"name":"wp","href":"https:\/\/api.w.org\/{rel}","templated":true}]}}