{"id":4108,"date":"2023-04-06T00:01:32","date_gmt":"2023-04-05T22:01:32","guid":{"rendered":"http:\/\/new.decoczar.pl\/index.php\/product\/podziekowania-dla-gosci-z-magnesem\/"},"modified":"2023-04-06T00:01:32","modified_gmt":"2023-04-05T22:01:32","slug":"podziekowania-dla-gosci-z-magnesem","status":"publish","type":"product","link":"https:\/\/new.decoczar.pl\/index.php\/product\/podziekowania-dla-gosci-z-magnesem\/","title":{"rendered":"Podzi\u0119kowania dla go\u015bci z magnesem"},"content":{"rendered":"<p>Podzi\u0119kowanie dla go\u015bci w formie drewnianej dziewczynki<br \/>\nPodzi\u0119kowanie go\u015bciom za przybycie na uroczysto\u015b\u0107 Pierwszej Komunii \u015awi\u0119tej b\u0105d\u017a Chrztu \u015awi\u0119tego b\u0119dzie bardzo mi\u0142ym gestem . Drewniany upominek b\u0119dzie przywo\u0142ywa\u0107 wspomnienia z tej uroczystej chwili w pami\u0119ci go\u015bci.<br \/>\nZ pewno\u015bci\u0105 wszyscy doceni\u0105 ten gest.<br \/>\n\u00a0<\/p>\n","protected":false},"excerpt":{"rendered":"<p>Podzi\u0119kowanie dla go\u015bci w formie drewnianej dziewczynki<br \/>\nPodzi\u0119kowanie go\u015bciom za przybycie na uroczysto\u015b\u0107 Pierwszej Komunii \u015awi\u0119tej b\u0105d\u017a Chrztu \u015awi\u0119tego b\u0119dzie bardzo mi\u0142ym gestem . Drewniany upominek b\u0119dzie przywo\u0142ywa\u0107 wspomnienia z tej uroczystej chwili w pami\u0119ci go\u015bci.<br \/>\nZ pewno\u015bci\u0105 wszyscy doceni\u0105 ten gest.<br \/>\n\u00a0<\/p>\n","protected":false},"featured_media":4107,"comment_status":"open","ping_status":"closed","template":"","meta":[],"etheme_brands":[],"product_cat":[82],"product_tag":[],"class_list":["post-4108","product","type-product","status-publish","has-post-thumbnail","hentry","product_cat-chrzest-swiety-komunia-swieta"],"_links":{"self":[{"href":"https:\/\/new.decoczar.pl\/index.php\/wp-json\/wp\/v2\/product\/4108","targetHints":{"allow":["GET"]}}],"collection":[{"href":"https:\/\/new.decoczar.pl\/index.php\/wp-json\/wp\/v2\/product"}],"about":[{"href":"https:\/\/new.decoczar.pl\/index.php\/wp-json\/wp\/v2\/types\/product"}],"replies":[{"embeddable":true,"href":"https:\/\/new.decoczar.pl\/index.php\/wp-json\/wp\/v2\/comments?post=4108"}],"wp:featuredmedia":[{"embeddable":true,"href":"https:\/\/new.decoczar.pl\/index.php\/wp-json\/wp\/v2\/media\/4107"}],"wp:attachment":[{"href":"https:\/\/new.decoczar.pl\/index.php\/wp-json\/wp\/v2\/media?parent=4108"}],"wp:term":[{"taxonomy":"brand","embeddable":true,"href":"https:\/\/new.decoczar.pl\/index.php\/wp-json\/wp\/v2\/etheme_brands?post=4108"},{"taxonomy":"product_cat","embeddable":true,"href":"https:\/\/new.decoczar.pl\/index.php\/wp-json\/wp\/v2\/product_cat?post=4108"},{"taxonomy":"product_tag","embeddable":true,"href":"https:\/\/new.decoczar.pl\/index.php\/wp-json\/wp\/v2\/product_tag?post=4108"}],"curies":[{"name":"wp","href":"https:\/\/api.w.org\/{rel}","templated":true}]}}