{"id":4168,"date":"2023-04-10T04:10:05","date_gmt":"2023-04-10T02:10:05","guid":{"rendered":"http:\/\/new.decoczar.pl\/index.php\/product\/krazek-zareczynowy-wyjdziesz-za-mnie\/"},"modified":"2023-04-10T04:10:05","modified_gmt":"2023-04-10T02:10:05","slug":"krazek-zareczynowy-wyjdziesz-za-mnie","status":"publish","type":"product","link":"https:\/\/new.decoczar.pl\/index.php\/product\/krazek-zareczynowy-wyjdziesz-za-mnie\/","title":{"rendered":"Kr\u0105\u017cek zar\u0119czynowy Wyjdziesz za mnie&#8230;"},"content":{"rendered":"<p>Przedstawiamy Pa\u0144stwu wyj\u0105tkowy pomys\u0142 na umieszczenie zar\u0119czynowego pier\u015bcionka w stylu rustykalnym z pi\u0119knymi s\u0142owami kt\u00f3re zostan\u0105 w pami\u0119ci na d\u0142ugi czas&#8230; &#8222;Wyjdziesz za mnie&#8221; Marry Me ?? Tak !!!<\/p>\n","protected":false},"excerpt":{"rendered":"<p>Przedstawiamy Pa\u0144stwu wyj\u0105tkowy pomys\u0142 na umieszczenie zar\u0119czynowego pier\u015bcionka w stylu rustykalnym z pi\u0119knymi s\u0142owami kt\u00f3re zostan\u0105 w pami\u0119ci na d\u0142ugi czas&#8230; &#8222;Wyjdziesz za mnie&#8221; Marry Me ?? Tak !!!<\/p>\n","protected":false},"featured_media":4167,"comment_status":"open","ping_status":"closed","template":"","meta":[],"etheme_brands":[],"product_cat":[78],"product_tag":[],"class_list":["post-4168","product","type-product","status-publish","has-post-thumbnail","hentry","product_cat-slub-dekoracje"],"_links":{"self":[{"href":"https:\/\/new.decoczar.pl\/index.php\/wp-json\/wp\/v2\/product\/4168","targetHints":{"allow":["GET"]}}],"collection":[{"href":"https:\/\/new.decoczar.pl\/index.php\/wp-json\/wp\/v2\/product"}],"about":[{"href":"https:\/\/new.decoczar.pl\/index.php\/wp-json\/wp\/v2\/types\/product"}],"replies":[{"embeddable":true,"href":"https:\/\/new.decoczar.pl\/index.php\/wp-json\/wp\/v2\/comments?post=4168"}],"wp:featuredmedia":[{"embeddable":true,"href":"https:\/\/new.decoczar.pl\/index.php\/wp-json\/wp\/v2\/media\/4167"}],"wp:attachment":[{"href":"https:\/\/new.decoczar.pl\/index.php\/wp-json\/wp\/v2\/media?parent=4168"}],"wp:term":[{"taxonomy":"brand","embeddable":true,"href":"https:\/\/new.decoczar.pl\/index.php\/wp-json\/wp\/v2\/etheme_brands?post=4168"},{"taxonomy":"product_cat","embeddable":true,"href":"https:\/\/new.decoczar.pl\/index.php\/wp-json\/wp\/v2\/product_cat?post=4168"},{"taxonomy":"product_tag","embeddable":true,"href":"https:\/\/new.decoczar.pl\/index.php\/wp-json\/wp\/v2\/product_tag?post=4168"}],"curies":[{"name":"wp","href":"https:\/\/api.w.org\/{rel}","templated":true}]}}