{"id":4174,"date":"2023-04-10T04:10:51","date_gmt":"2023-04-10T02:10:51","guid":{"rendered":"http:\/\/new.decoczar.pl\/index.php\/product\/aniolek-z-grawerem-podziekowanie\/"},"modified":"2023-04-10T04:10:51","modified_gmt":"2023-04-10T02:10:51","slug":"aniolek-z-grawerem-podziekowanie","status":"publish","type":"product","link":"https:\/\/new.decoczar.pl\/index.php\/product\/aniolek-z-grawerem-podziekowanie\/","title":{"rendered":"Anio\u0142ek z grawerem Podzi\u0119kowanie"},"content":{"rendered":"<p>\u00a0<br \/>\nPami\u0105tka Pierwszej Komunii \u015awi\u0119tej prezent\u00a0na KOMUNIE, Chrzest, Podzi\u0119kowanie.<br \/>\nNa anio\u0142ku wygrawerujemy Tw\u00f3j dowolny tekst co uczyni go oryginalnym i wyj\u0105tkowym<\/p>\n<p>Stanowi doskona\u0142y prezent, upominek.\u00a0Obdarowana osoba z pewno\u015bci\u0105 doceni ten mi\u0142y gest. Pi\u0119kna dekoracja.<\/p>\n","protected":false},"excerpt":{"rendered":"<p>\u00a0<br \/>\nPami\u0105tka Pierwszej Komunii \u015awi\u0119tej prezent\u00a0na KOMUNIE, Chrzest, Podzi\u0119kowanie.<br \/>\nNa anio\u0142ku wygrawerujemy Tw\u00f3j dowolny tekst co uczyni go oryginalnym i wyj\u0105tkowym<\/p>\n<p>Stanowi doskona\u0142y prezent, upominek.\u00a0Obdarowana osoba z pewno\u015bci\u0105 doceni ten mi\u0142y gest. Pi\u0119kna dekoracja.<\/p>\n","protected":false},"featured_media":4173,"comment_status":"open","ping_status":"closed","template":"","meta":[],"etheme_brands":[],"product_cat":[83],"product_tag":[],"class_list":["post-4174","product","type-product","status-publish","has-post-thumbnail","hentry","product_cat-chrzest-swiety"],"_links":{"self":[{"href":"https:\/\/new.decoczar.pl\/index.php\/wp-json\/wp\/v2\/product\/4174","targetHints":{"allow":["GET"]}}],"collection":[{"href":"https:\/\/new.decoczar.pl\/index.php\/wp-json\/wp\/v2\/product"}],"about":[{"href":"https:\/\/new.decoczar.pl\/index.php\/wp-json\/wp\/v2\/types\/product"}],"replies":[{"embeddable":true,"href":"https:\/\/new.decoczar.pl\/index.php\/wp-json\/wp\/v2\/comments?post=4174"}],"wp:featuredmedia":[{"embeddable":true,"href":"https:\/\/new.decoczar.pl\/index.php\/wp-json\/wp\/v2\/media\/4173"}],"wp:attachment":[{"href":"https:\/\/new.decoczar.pl\/index.php\/wp-json\/wp\/v2\/media?parent=4174"}],"wp:term":[{"taxonomy":"brand","embeddable":true,"href":"https:\/\/new.decoczar.pl\/index.php\/wp-json\/wp\/v2\/etheme_brands?post=4174"},{"taxonomy":"product_cat","embeddable":true,"href":"https:\/\/new.decoczar.pl\/index.php\/wp-json\/wp\/v2\/product_cat?post=4174"},{"taxonomy":"product_tag","embeddable":true,"href":"https:\/\/new.decoczar.pl\/index.php\/wp-json\/wp\/v2\/product_tag?post=4174"}],"curies":[{"name":"wp","href":"https:\/\/api.w.org\/{rel}","templated":true}]}}