{"id":4271,"date":"2023-04-15T22:59:53","date_gmt":"2023-04-15T20:59:53","guid":{"rendered":"http:\/\/new.decoczar.pl\/index.php\/product\/serce-kochanym-rodzicom\/"},"modified":"2023-04-15T22:59:53","modified_gmt":"2023-04-15T20:59:53","slug":"serce-kochanym-rodzicom","status":"publish","type":"product","link":"https:\/\/new.decoczar.pl\/index.php\/product\/serce-kochanym-rodzicom\/","title":{"rendered":"Serce Kochanym Rodzicom"},"content":{"rendered":"<p>Drewniane serce &#8221; Kochanym Rodzicom &#8221;\u00a0<\/p>\n<p>oryginalny prezent z okazji \u015blubu jako podzi\u0119kowanie &#8211;<\/p>\n<p>na podstaw\u0119 mo\u017cemy wygrawerowa\u0107 imiona oraz dat\u0119 \u015blubu<\/p>\n","protected":false},"excerpt":{"rendered":"<p>Drewniane serce &#8221; Kochanym Rodzicom &#8221;\u00a0<\/p>\n<p>oryginalny prezent z okazji \u015blubu jako podzi\u0119kowanie &#8211;<\/p>\n<p>na podstaw\u0119 mo\u017cemy wygrawerowa\u0107 imiona oraz dat\u0119 \u015blubu<\/p>\n","protected":false},"featured_media":4270,"comment_status":"open","ping_status":"closed","template":"","meta":[],"etheme_brands":[],"product_cat":[78],"product_tag":[],"class_list":["post-4271","product","type-product","status-publish","has-post-thumbnail","hentry","product_cat-slub-dekoracje"],"_links":{"self":[{"href":"https:\/\/new.decoczar.pl\/index.php\/wp-json\/wp\/v2\/product\/4271","targetHints":{"allow":["GET"]}}],"collection":[{"href":"https:\/\/new.decoczar.pl\/index.php\/wp-json\/wp\/v2\/product"}],"about":[{"href":"https:\/\/new.decoczar.pl\/index.php\/wp-json\/wp\/v2\/types\/product"}],"replies":[{"embeddable":true,"href":"https:\/\/new.decoczar.pl\/index.php\/wp-json\/wp\/v2\/comments?post=4271"}],"wp:featuredmedia":[{"embeddable":true,"href":"https:\/\/new.decoczar.pl\/index.php\/wp-json\/wp\/v2\/media\/4270"}],"wp:attachment":[{"href":"https:\/\/new.decoczar.pl\/index.php\/wp-json\/wp\/v2\/media?parent=4271"}],"wp:term":[{"taxonomy":"brand","embeddable":true,"href":"https:\/\/new.decoczar.pl\/index.php\/wp-json\/wp\/v2\/etheme_brands?post=4271"},{"taxonomy":"product_cat","embeddable":true,"href":"https:\/\/new.decoczar.pl\/index.php\/wp-json\/wp\/v2\/product_cat?post=4271"},{"taxonomy":"product_tag","embeddable":true,"href":"https:\/\/new.decoczar.pl\/index.php\/wp-json\/wp\/v2\/product_tag?post=4271"}],"curies":[{"name":"wp","href":"https:\/\/api.w.org\/{rel}","templated":true}]}}