{"id":4273,"date":"2023-04-15T23:00:04","date_gmt":"2023-04-15T21:00:04","guid":{"rendered":"http:\/\/new.decoczar.pl\/index.php\/product\/serce-kochanym-rodzicom-2\/"},"modified":"2023-04-15T23:00:04","modified_gmt":"2023-04-15T21:00:04","slug":"serce-kochanym-rodzicom-2","status":"publish","type":"product","link":"https:\/\/new.decoczar.pl\/index.php\/product\/serce-kochanym-rodzicom-2\/","title":{"rendered":"Serce Kochanym Rodzicom"},"content":{"rendered":"<p>Drewniane serce &#8221; Kochanym Rodzicom &#8221;\u00a0<\/p>\n<p>oryginalny prezent z okazji \u015blubu jako podzi\u0119kowanie &#8211;<\/p>\n<p>na podstaw\u0119 mo\u017cemy wygrawerowa\u0107 imiona oraz dat\u0119 \u015blubu<\/p>\n","protected":false},"excerpt":{"rendered":"<p>Drewniane serce &#8221; Kochanym Rodzicom &#8221;\u00a0<\/p>\n<p>oryginalny prezent z okazji \u015blubu jako podzi\u0119kowanie &#8211;<\/p>\n<p>na podstaw\u0119 mo\u017cemy wygrawerowa\u0107 imiona oraz dat\u0119 \u015blubu<\/p>\n","protected":false},"featured_media":4272,"comment_status":"open","ping_status":"closed","template":"","meta":[],"etheme_brands":[],"product_cat":[78],"product_tag":[],"class_list":["post-4273","product","type-product","status-publish","has-post-thumbnail","hentry","product_cat-slub-dekoracje"],"_links":{"self":[{"href":"https:\/\/new.decoczar.pl\/index.php\/wp-json\/wp\/v2\/product\/4273","targetHints":{"allow":["GET"]}}],"collection":[{"href":"https:\/\/new.decoczar.pl\/index.php\/wp-json\/wp\/v2\/product"}],"about":[{"href":"https:\/\/new.decoczar.pl\/index.php\/wp-json\/wp\/v2\/types\/product"}],"replies":[{"embeddable":true,"href":"https:\/\/new.decoczar.pl\/index.php\/wp-json\/wp\/v2\/comments?post=4273"}],"wp:featuredmedia":[{"embeddable":true,"href":"https:\/\/new.decoczar.pl\/index.php\/wp-json\/wp\/v2\/media\/4272"}],"wp:attachment":[{"href":"https:\/\/new.decoczar.pl\/index.php\/wp-json\/wp\/v2\/media?parent=4273"}],"wp:term":[{"taxonomy":"brand","embeddable":true,"href":"https:\/\/new.decoczar.pl\/index.php\/wp-json\/wp\/v2\/etheme_brands?post=4273"},{"taxonomy":"product_cat","embeddable":true,"href":"https:\/\/new.decoczar.pl\/index.php\/wp-json\/wp\/v2\/product_cat?post=4273"},{"taxonomy":"product_tag","embeddable":true,"href":"https:\/\/new.decoczar.pl\/index.php\/wp-json\/wp\/v2\/product_tag?post=4273"}],"curies":[{"name":"wp","href":"https:\/\/api.w.org\/{rel}","templated":true}]}}