{"id":4280,"date":"2023-04-16T01:15:25","date_gmt":"2023-04-15T23:15:25","guid":{"rendered":"http:\/\/new.decoczar.pl\/index.php\/product\/zawieszki-na-alkohol-drewno\/"},"modified":"2023-04-16T01:15:25","modified_gmt":"2023-04-15T23:15:25","slug":"zawieszki-na-alkohol-drewno","status":"publish","type":"product","link":"https:\/\/new.decoczar.pl\/index.php\/product\/zawieszki-na-alkohol-drewno\/","title":{"rendered":"ZAWIESZKI NA ALKOHOL DREWNO"},"content":{"rendered":"<p>Zawieszka na alkohol drewniana &#8211; nietuzinkowy gad\u017cet na weselne przyj\u0119cie.<\/p>\n<p>Zawieszk\u0119 mo\u017cemy zaprojektowa\u0107 jako podzi\u0119kowania dla go\u015bci, magnes b\u0105d\u017a winietka<\/p>\n","protected":false},"excerpt":{"rendered":"<p>Zawieszka na alkohol drewniana &#8211; nietuzinkowy gad\u017cet na weselne przyj\u0119cie.<\/p>\n<p>Zawieszk\u0119 mo\u017cemy zaprojektowa\u0107 jako podzi\u0119kowania dla go\u015bci, magnes b\u0105d\u017a winietka<\/p>\n","protected":false},"featured_media":4279,"comment_status":"open","ping_status":"closed","template":"","meta":[],"etheme_brands":[],"product_cat":[78],"product_tag":[],"class_list":["post-4280","product","type-product","status-publish","has-post-thumbnail","hentry","product_cat-slub-dekoracje"],"_links":{"self":[{"href":"https:\/\/new.decoczar.pl\/index.php\/wp-json\/wp\/v2\/product\/4280","targetHints":{"allow":["GET"]}}],"collection":[{"href":"https:\/\/new.decoczar.pl\/index.php\/wp-json\/wp\/v2\/product"}],"about":[{"href":"https:\/\/new.decoczar.pl\/index.php\/wp-json\/wp\/v2\/types\/product"}],"replies":[{"embeddable":true,"href":"https:\/\/new.decoczar.pl\/index.php\/wp-json\/wp\/v2\/comments?post=4280"}],"wp:featuredmedia":[{"embeddable":true,"href":"https:\/\/new.decoczar.pl\/index.php\/wp-json\/wp\/v2\/media\/4279"}],"wp:attachment":[{"href":"https:\/\/new.decoczar.pl\/index.php\/wp-json\/wp\/v2\/media?parent=4280"}],"wp:term":[{"taxonomy":"brand","embeddable":true,"href":"https:\/\/new.decoczar.pl\/index.php\/wp-json\/wp\/v2\/etheme_brands?post=4280"},{"taxonomy":"product_cat","embeddable":true,"href":"https:\/\/new.decoczar.pl\/index.php\/wp-json\/wp\/v2\/product_cat?post=4280"},{"taxonomy":"product_tag","embeddable":true,"href":"https:\/\/new.decoczar.pl\/index.php\/wp-json\/wp\/v2\/product_tag?post=4280"}],"curies":[{"name":"wp","href":"https:\/\/api.w.org\/{rel}","templated":true}]}}