{"id":4284,"date":"2023-04-16T03:30:59","date_gmt":"2023-04-16T01:30:59","guid":{"rendered":"http:\/\/new.decoczar.pl\/index.php\/product\/lustro-napisy-grafika-zawieszka\/"},"modified":"2023-04-16T03:30:59","modified_gmt":"2023-04-16T01:30:59","slug":"lustro-napisy-grafika-zawieszka","status":"publish","type":"product","link":"https:\/\/new.decoczar.pl\/index.php\/product\/lustro-napisy-grafika-zawieszka\/","title":{"rendered":"Lustro napisy, grafika zawieszka"},"content":{"rendered":"<p>LUSTERKO DO POKOJU DZIECI\u0118CEGO Z IMIENIEM\u00a0<br \/>\nCudne lusterko do pokoju dzieci\u0119cego w kszta\u0142cie okr\u0119gu.<\/p>\n<p>Lustro wykonane ze sklejki i z niet\u0142uk\u0105cego materia\u0142u jest w 100% bezpieczne dla dzieci.<\/p>\n<p>Pi\u0119kny gad\u017cet, idealny na prezent.<\/p>\n","protected":false},"excerpt":{"rendered":"<p>LUSTERKO DO POKOJU DZIECI\u0118CEGO Z IMIENIEM\u00a0<br \/>\nCudne lusterko do pokoju dzieci\u0119cego w kszta\u0142cie okr\u0119gu.<\/p>\n<p>Lustro wykonane ze sklejki i z niet\u0142uk\u0105cego materia\u0142u jest w 100% bezpieczne dla dzieci.<\/p>\n<p>Pi\u0119kny gad\u017cet, idealny na prezent.<\/p>\n","protected":false},"featured_media":4283,"comment_status":"open","ping_status":"closed","template":"","meta":[],"etheme_brands":[],"product_cat":[120],"product_tag":[],"class_list":["post-4284","product","type-product","status-publish","has-post-thumbnail","hentry","product_cat-akcesoria-dekoracyjne"],"_links":{"self":[{"href":"https:\/\/new.decoczar.pl\/index.php\/wp-json\/wp\/v2\/product\/4284","targetHints":{"allow":["GET"]}}],"collection":[{"href":"https:\/\/new.decoczar.pl\/index.php\/wp-json\/wp\/v2\/product"}],"about":[{"href":"https:\/\/new.decoczar.pl\/index.php\/wp-json\/wp\/v2\/types\/product"}],"replies":[{"embeddable":true,"href":"https:\/\/new.decoczar.pl\/index.php\/wp-json\/wp\/v2\/comments?post=4284"}],"wp:featuredmedia":[{"embeddable":true,"href":"https:\/\/new.decoczar.pl\/index.php\/wp-json\/wp\/v2\/media\/4283"}],"wp:attachment":[{"href":"https:\/\/new.decoczar.pl\/index.php\/wp-json\/wp\/v2\/media?parent=4284"}],"wp:term":[{"taxonomy":"brand","embeddable":true,"href":"https:\/\/new.decoczar.pl\/index.php\/wp-json\/wp\/v2\/etheme_brands?post=4284"},{"taxonomy":"product_cat","embeddable":true,"href":"https:\/\/new.decoczar.pl\/index.php\/wp-json\/wp\/v2\/product_cat?post=4284"},{"taxonomy":"product_tag","embeddable":true,"href":"https:\/\/new.decoczar.pl\/index.php\/wp-json\/wp\/v2\/product_tag?post=4284"}],"curies":[{"name":"wp","href":"https:\/\/api.w.org\/{rel}","templated":true}]}}