{"id":4286,"date":"2023-04-16T03:31:09","date_gmt":"2023-04-16T01:31:09","guid":{"rendered":"http:\/\/new.decoczar.pl\/index.php\/product\/drewniany-lapacz-snow-z-imieniem\/"},"modified":"2023-04-16T03:31:09","modified_gmt":"2023-04-16T01:31:09","slug":"drewniany-lapacz-snow-z-imieniem","status":"publish","type":"product","link":"https:\/\/new.decoczar.pl\/index.php\/product\/drewniany-lapacz-snow-z-imieniem\/","title":{"rendered":"Drewniany \u0142apacz sn\u00f3w z imieniem"},"content":{"rendered":"<p>Drewniany \u0142apacz sn\u00f3w z imieniem<br \/>\nCzy wiesz, \u017ce \u0141apacz sn\u00f3w jest niezwyk\u0142\u0105 ozdoba ? Zgodnie z legend\u0105 jest amuletem szcz\u0119\u015bcia, kt\u00f3ry zapami\u0119tuje sny, pozostawiaj\u0105c jedynie te dobre. Dlatego nie mo\u017ce zabrakn\u0105\u0107 go w pokoiku Twojego dziecka.\u00a0&#x2764;&#xfe0f;&#x1f60d;&#x1f467;<\/p>\n","protected":false},"excerpt":{"rendered":"<p>Drewniany \u0142apacz sn\u00f3w z imieniem<br \/>\nCzy wiesz, \u017ce \u0141apacz sn\u00f3w jest niezwyk\u0142\u0105 ozdoba ? Zgodnie z legend\u0105 jest amuletem szcz\u0119\u015bcia, kt\u00f3ry zapami\u0119tuje sny, pozostawiaj\u0105c jedynie te dobre. Dlatego nie mo\u017ce zabrakn\u0105\u0107 go w pokoiku Twojego dziecka.\u00a0&#x2764;&#xfe0f;&#x1f60d;&#x1f467;<\/p>\n","protected":false},"featured_media":4285,"comment_status":"open","ping_status":"closed","template":"","meta":[],"etheme_brands":[],"product_cat":[120],"product_tag":[],"class_list":["post-4286","product","type-product","status-publish","has-post-thumbnail","hentry","product_cat-akcesoria-dekoracyjne"],"_links":{"self":[{"href":"https:\/\/new.decoczar.pl\/index.php\/wp-json\/wp\/v2\/product\/4286","targetHints":{"allow":["GET"]}}],"collection":[{"href":"https:\/\/new.decoczar.pl\/index.php\/wp-json\/wp\/v2\/product"}],"about":[{"href":"https:\/\/new.decoczar.pl\/index.php\/wp-json\/wp\/v2\/types\/product"}],"replies":[{"embeddable":true,"href":"https:\/\/new.decoczar.pl\/index.php\/wp-json\/wp\/v2\/comments?post=4286"}],"wp:featuredmedia":[{"embeddable":true,"href":"https:\/\/new.decoczar.pl\/index.php\/wp-json\/wp\/v2\/media\/4285"}],"wp:attachment":[{"href":"https:\/\/new.decoczar.pl\/index.php\/wp-json\/wp\/v2\/media?parent=4286"}],"wp:term":[{"taxonomy":"brand","embeddable":true,"href":"https:\/\/new.decoczar.pl\/index.php\/wp-json\/wp\/v2\/etheme_brands?post=4286"},{"taxonomy":"product_cat","embeddable":true,"href":"https:\/\/new.decoczar.pl\/index.php\/wp-json\/wp\/v2\/product_cat?post=4286"},{"taxonomy":"product_tag","embeddable":true,"href":"https:\/\/new.decoczar.pl\/index.php\/wp-json\/wp\/v2\/product_tag?post=4286"}],"curies":[{"name":"wp","href":"https:\/\/api.w.org\/{rel}","templated":true}]}}