{"id":4294,"date":"2023-04-16T05:50:25","date_gmt":"2023-04-16T03:50:25","guid":{"rendered":"http:\/\/new.decoczar.pl\/index.php\/product\/serce-z-grawerem-slub\/"},"modified":"2023-04-16T05:50:25","modified_gmt":"2023-04-16T03:50:25","slug":"serce-z-grawerem-slub","status":"publish","type":"product","link":"https:\/\/new.decoczar.pl\/index.php\/product\/serce-z-grawerem-slub\/","title":{"rendered":"Serce z grawerem \u015alub"},"content":{"rendered":"<p>SPERSONALIZOWANE SERCE<\/p>\n<p>\u017bYCZENIA Z OKAZJI \u015aLUBU &#8211; DEDYKACJA NAPISANA LASEROWO NA DREWNIE<\/p>\n<p>UNIKATOWY PREZENT DLA NOWO\u017bE\u0143C\u00d3W<\/p>\n","protected":false},"excerpt":{"rendered":"<p>SPERSONALIZOWANE SERCE<\/p>\n<p>\u017bYCZENIA Z OKAZJI \u015aLUBU &#8211; DEDYKACJA NAPISANA LASEROWO NA DREWNIE<\/p>\n<p>UNIKATOWY PREZENT DLA NOWO\u017bE\u0143C\u00d3W<\/p>\n","protected":false},"featured_media":4293,"comment_status":"open","ping_status":"closed","template":"","meta":[],"etheme_brands":[],"product_cat":[78],"product_tag":[],"class_list":["post-4294","product","type-product","status-publish","has-post-thumbnail","hentry","product_cat-slub-dekoracje"],"_links":{"self":[{"href":"https:\/\/new.decoczar.pl\/index.php\/wp-json\/wp\/v2\/product\/4294","targetHints":{"allow":["GET"]}}],"collection":[{"href":"https:\/\/new.decoczar.pl\/index.php\/wp-json\/wp\/v2\/product"}],"about":[{"href":"https:\/\/new.decoczar.pl\/index.php\/wp-json\/wp\/v2\/types\/product"}],"replies":[{"embeddable":true,"href":"https:\/\/new.decoczar.pl\/index.php\/wp-json\/wp\/v2\/comments?post=4294"}],"wp:featuredmedia":[{"embeddable":true,"href":"https:\/\/new.decoczar.pl\/index.php\/wp-json\/wp\/v2\/media\/4293"}],"wp:attachment":[{"href":"https:\/\/new.decoczar.pl\/index.php\/wp-json\/wp\/v2\/media?parent=4294"}],"wp:term":[{"taxonomy":"brand","embeddable":true,"href":"https:\/\/new.decoczar.pl\/index.php\/wp-json\/wp\/v2\/etheme_brands?post=4294"},{"taxonomy":"product_cat","embeddable":true,"href":"https:\/\/new.decoczar.pl\/index.php\/wp-json\/wp\/v2\/product_cat?post=4294"},{"taxonomy":"product_tag","embeddable":true,"href":"https:\/\/new.decoczar.pl\/index.php\/wp-json\/wp\/v2\/product_tag?post=4294"}],"curies":[{"name":"wp","href":"https:\/\/api.w.org\/{rel}","templated":true}]}}