{"id":4296,"date":"2023-04-16T05:50:36","date_gmt":"2023-04-16T03:50:36","guid":{"rendered":"http:\/\/new.decoczar.pl\/index.php\/product\/serce-dzien-nauczyciela\/"},"modified":"2023-04-16T05:50:36","modified_gmt":"2023-04-16T03:50:36","slug":"serce-dzien-nauczyciela","status":"publish","type":"product","link":"https:\/\/new.decoczar.pl\/index.php\/product\/serce-dzien-nauczyciela\/","title":{"rendered":"Serce Dzie\u0144 Nauczyciela"},"content":{"rendered":"<p>Upominek ten idealnie b\u0119dzie pasowa\u0142 na uroczysto\u015bci Dzie\u0144 Nauczyciela gdy b\u0119dziemy chcieli podzi\u0119kowa\u0107 wychowawcy w trud w\u0142o\u017cony w nasze wychowanie !<\/p>\n<p>Niebanalny pomys\u0142, kt\u00f3remu indywidualnie nadasz unikalno\u015bci i charakteru.<\/p>\n<p>Istnieje mo\u017cliwo\u015b\u0107 dowolnej dedykacji na sercu.<\/p>\n","protected":false},"excerpt":{"rendered":"<p>Upominek ten idealnie b\u0119dzie pasowa\u0142 na uroczysto\u015bci Dzie\u0144 Nauczyciela gdy b\u0119dziemy chcieli podzi\u0119kowa\u0107 wychowawcy w trud w\u0142o\u017cony w nasze wychowanie !<\/p>\n<p>Niebanalny pomys\u0142, kt\u00f3remu indywidualnie nadasz unikalno\u015bci i charakteru.<\/p>\n<p>Istnieje mo\u017cliwo\u015b\u0107 dowolnej dedykacji na sercu.<\/p>\n","protected":false},"featured_media":4295,"comment_status":"open","ping_status":"closed","template":"","meta":[],"etheme_brands":[],"product_cat":[77],"product_tag":[],"class_list":["post-4296","product","type-product","status-publish","has-post-thumbnail","hentry","product_cat-dzien-nauczyciela-zakonczenie-roku"],"_links":{"self":[{"href":"https:\/\/new.decoczar.pl\/index.php\/wp-json\/wp\/v2\/product\/4296","targetHints":{"allow":["GET"]}}],"collection":[{"href":"https:\/\/new.decoczar.pl\/index.php\/wp-json\/wp\/v2\/product"}],"about":[{"href":"https:\/\/new.decoczar.pl\/index.php\/wp-json\/wp\/v2\/types\/product"}],"replies":[{"embeddable":true,"href":"https:\/\/new.decoczar.pl\/index.php\/wp-json\/wp\/v2\/comments?post=4296"}],"wp:featuredmedia":[{"embeddable":true,"href":"https:\/\/new.decoczar.pl\/index.php\/wp-json\/wp\/v2\/media\/4295"}],"wp:attachment":[{"href":"https:\/\/new.decoczar.pl\/index.php\/wp-json\/wp\/v2\/media?parent=4296"}],"wp:term":[{"taxonomy":"brand","embeddable":true,"href":"https:\/\/new.decoczar.pl\/index.php\/wp-json\/wp\/v2\/etheme_brands?post=4296"},{"taxonomy":"product_cat","embeddable":true,"href":"https:\/\/new.decoczar.pl\/index.php\/wp-json\/wp\/v2\/product_cat?post=4296"},{"taxonomy":"product_tag","embeddable":true,"href":"https:\/\/new.decoczar.pl\/index.php\/wp-json\/wp\/v2\/product_tag?post=4296"}],"curies":[{"name":"wp","href":"https:\/\/api.w.org\/{rel}","templated":true}]}}