{"id":4298,"date":"2023-04-16T06:19:32","date_gmt":"2023-04-16T04:19:32","guid":{"rendered":"https:\/\/new.decoczar.pl\/index.php\/product\/serce-z-grawerem-slub-2\/"},"modified":"2023-04-16T06:19:32","modified_gmt":"2023-04-16T04:19:32","slug":"serce-z-grawerem-slub-2","status":"publish","type":"product","link":"https:\/\/new.decoczar.pl\/index.php\/product\/serce-z-grawerem-slub-2\/","title":{"rendered":"Serce z grawerem \u015alub"},"content":{"rendered":"<p>SPERSONALIZOWANE SERCE<\/p>\n<p>\u017bYCZENIA Z OKAZJI \u015aLUBU &#8211; DEDYKACJA NAPISANA LASEROWO NA DREWNIE<\/p>\n<p>UNIKATOWY PREZENT DLA NOWO\u017bE\u0143C\u00d3W<\/p>\n","protected":false},"excerpt":{"rendered":"<p>SPERSONALIZOWANE SERCE<\/p>\n<p>\u017bYCZENIA Z OKAZJI \u015aLUBU &#8211; DEDYKACJA NAPISANA LASEROWO NA DREWNIE<\/p>\n<p>UNIKATOWY PREZENT DLA NOWO\u017bE\u0143C\u00d3W<\/p>\n","protected":false},"featured_media":4297,"comment_status":"open","ping_status":"closed","template":"","meta":[],"etheme_brands":[],"product_cat":[78],"product_tag":[],"class_list":["post-4298","product","type-product","status-publish","has-post-thumbnail","hentry","product_cat-slub-dekoracje"],"_links":{"self":[{"href":"https:\/\/new.decoczar.pl\/index.php\/wp-json\/wp\/v2\/product\/4298","targetHints":{"allow":["GET"]}}],"collection":[{"href":"https:\/\/new.decoczar.pl\/index.php\/wp-json\/wp\/v2\/product"}],"about":[{"href":"https:\/\/new.decoczar.pl\/index.php\/wp-json\/wp\/v2\/types\/product"}],"replies":[{"embeddable":true,"href":"https:\/\/new.decoczar.pl\/index.php\/wp-json\/wp\/v2\/comments?post=4298"}],"wp:featuredmedia":[{"embeddable":true,"href":"https:\/\/new.decoczar.pl\/index.php\/wp-json\/wp\/v2\/media\/4297"}],"wp:attachment":[{"href":"https:\/\/new.decoczar.pl\/index.php\/wp-json\/wp\/v2\/media?parent=4298"}],"wp:term":[{"taxonomy":"brand","embeddable":true,"href":"https:\/\/new.decoczar.pl\/index.php\/wp-json\/wp\/v2\/etheme_brands?post=4298"},{"taxonomy":"product_cat","embeddable":true,"href":"https:\/\/new.decoczar.pl\/index.php\/wp-json\/wp\/v2\/product_cat?post=4298"},{"taxonomy":"product_tag","embeddable":true,"href":"https:\/\/new.decoczar.pl\/index.php\/wp-json\/wp\/v2\/product_tag?post=4298"}],"curies":[{"name":"wp","href":"https:\/\/api.w.org\/{rel}","templated":true}]}}