{"id":4367,"date":"2023-04-23T18:57:24","date_gmt":"2023-04-23T16:57:24","guid":{"rendered":"https:\/\/new.decoczar.pl\/index.php\/product\/proporczyk-drewniany-mala-ksiezniczka\/"},"modified":"2023-04-23T18:57:24","modified_gmt":"2023-04-23T16:57:24","slug":"proporczyk-drewniany-mala-ksiezniczka","status":"publish","type":"product","link":"https:\/\/new.decoczar.pl\/index.php\/product\/proporczyk-drewniany-mala-ksiezniczka\/","title":{"rendered":"Proporczyk Drewniany Ma\u0142a Ksi\u0119\u017cniczka"},"content":{"rendered":"<p>Proporczyk drewniany Ma\u0142a Ksi\u0119\u017cniczka<\/p>\n<p>Produkt hand made. Proporczyk to niepowtarzalna i oryginalna dekoracja pokoju dziecka. Mo\u017cna go powiesi\u0107 na \u015bcianie, mo\u017cna go powiesi\u0107 na oknie czy \u0142\u00f3\u017ceczku. Mo\u017ce stanowi\u0107 oryginalny prezent na urodziny, babyshower czy z okazji narodzin male\u0144stwa.<\/p>\n","protected":false},"excerpt":{"rendered":"<p>Proporczyk drewniany Ma\u0142a Ksi\u0119\u017cniczka<\/p>\n<p>Produkt hand made. Proporczyk to niepowtarzalna i oryginalna dekoracja pokoju dziecka. Mo\u017cna go powiesi\u0107 na \u015bcianie, mo\u017cna go powiesi\u0107 na oknie czy \u0142\u00f3\u017ceczku. Mo\u017ce stanowi\u0107 oryginalny prezent na urodziny, babyshower czy z okazji narodzin male\u0144stwa.<\/p>\n","protected":false},"featured_media":4366,"comment_status":"open","ping_status":"closed","template":"","meta":[],"etheme_brands":[],"product_cat":[120],"product_tag":[],"class_list":["post-4367","product","type-product","status-publish","has-post-thumbnail","hentry","product_cat-akcesoria-dekoracyjne"],"_links":{"self":[{"href":"https:\/\/new.decoczar.pl\/index.php\/wp-json\/wp\/v2\/product\/4367","targetHints":{"allow":["GET"]}}],"collection":[{"href":"https:\/\/new.decoczar.pl\/index.php\/wp-json\/wp\/v2\/product"}],"about":[{"href":"https:\/\/new.decoczar.pl\/index.php\/wp-json\/wp\/v2\/types\/product"}],"replies":[{"embeddable":true,"href":"https:\/\/new.decoczar.pl\/index.php\/wp-json\/wp\/v2\/comments?post=4367"}],"wp:featuredmedia":[{"embeddable":true,"href":"https:\/\/new.decoczar.pl\/index.php\/wp-json\/wp\/v2\/media\/4366"}],"wp:attachment":[{"href":"https:\/\/new.decoczar.pl\/index.php\/wp-json\/wp\/v2\/media?parent=4367"}],"wp:term":[{"taxonomy":"brand","embeddable":true,"href":"https:\/\/new.decoczar.pl\/index.php\/wp-json\/wp\/v2\/etheme_brands?post=4367"},{"taxonomy":"product_cat","embeddable":true,"href":"https:\/\/new.decoczar.pl\/index.php\/wp-json\/wp\/v2\/product_cat?post=4367"},{"taxonomy":"product_tag","embeddable":true,"href":"https:\/\/new.decoczar.pl\/index.php\/wp-json\/wp\/v2\/product_tag?post=4367"}],"curies":[{"name":"wp","href":"https:\/\/api.w.org\/{rel}","templated":true}]}}