{"id":4375,"date":"2023-04-23T18:58:01","date_gmt":"2023-04-23T16:58:01","guid":{"rendered":"https:\/\/new.decoczar.pl\/index.php\/product\/tabliczka-drewniana-2\/"},"modified":"2023-04-23T18:58:01","modified_gmt":"2023-04-23T16:58:01","slug":"tabliczka-drewniana-2","status":"publish","type":"product","link":"https:\/\/new.decoczar.pl\/index.php\/product\/tabliczka-drewniana-2\/","title":{"rendered":"Tabliczka Drewniana"},"content":{"rendered":"<p>Spersonalizowana tabliczka na drzwi do pokoju dzieci\u0119cego.<\/p>\n<p>Drewniana tabliczka z imieniem dziecka do przywieszenia na drzwiach pokoju.<\/p>\n<p>Tabliczki wykonane s\u0105 z drewna wycinanego laserem. Na tabliczce drukujemy jeden z przygotowanych przez nas wzor\u00f3w z imieniem przys\u0142anym przez Ciebie.<\/p>\n","protected":false},"excerpt":{"rendered":"<p>Spersonalizowana tabliczka na drzwi do pokoju dzieci\u0119cego.<\/p>\n<p>Drewniana tabliczka z imieniem dziecka do przywieszenia na drzwiach pokoju.<\/p>\n<p>Tabliczki wykonane s\u0105 z drewna wycinanego laserem. Na tabliczce drukujemy jeden z przygotowanych przez nas wzor\u00f3w z imieniem przys\u0142anym przez Ciebie.<\/p>\n","protected":false},"featured_media":4374,"comment_status":"open","ping_status":"closed","template":"","meta":[],"etheme_brands":[],"product_cat":[120],"product_tag":[],"class_list":["post-4375","product","type-product","status-publish","has-post-thumbnail","hentry","product_cat-akcesoria-dekoracyjne"],"_links":{"self":[{"href":"https:\/\/new.decoczar.pl\/index.php\/wp-json\/wp\/v2\/product\/4375","targetHints":{"allow":["GET"]}}],"collection":[{"href":"https:\/\/new.decoczar.pl\/index.php\/wp-json\/wp\/v2\/product"}],"about":[{"href":"https:\/\/new.decoczar.pl\/index.php\/wp-json\/wp\/v2\/types\/product"}],"replies":[{"embeddable":true,"href":"https:\/\/new.decoczar.pl\/index.php\/wp-json\/wp\/v2\/comments?post=4375"}],"wp:featuredmedia":[{"embeddable":true,"href":"https:\/\/new.decoczar.pl\/index.php\/wp-json\/wp\/v2\/media\/4374"}],"wp:attachment":[{"href":"https:\/\/new.decoczar.pl\/index.php\/wp-json\/wp\/v2\/media?parent=4375"}],"wp:term":[{"taxonomy":"brand","embeddable":true,"href":"https:\/\/new.decoczar.pl\/index.php\/wp-json\/wp\/v2\/etheme_brands?post=4375"},{"taxonomy":"product_cat","embeddable":true,"href":"https:\/\/new.decoczar.pl\/index.php\/wp-json\/wp\/v2\/product_cat?post=4375"},{"taxonomy":"product_tag","embeddable":true,"href":"https:\/\/new.decoczar.pl\/index.php\/wp-json\/wp\/v2\/product_tag?post=4375"}],"curies":[{"name":"wp","href":"https:\/\/api.w.org\/{rel}","templated":true}]}}