{"id":4535,"date":"2023-05-12T18:26:41","date_gmt":"2023-05-12T16:26:41","guid":{"rendered":"http:\/\/new.decoczar.pl\/index.php\/product\/deska-dekoracyjna-drewniana-z-zywicy-morska\/"},"modified":"2023-05-12T18:26:41","modified_gmt":"2023-05-12T16:26:41","slug":"deska-dekoracyjna-drewniana-z-zywicy-morska","status":"publish","type":"product","link":"https:\/\/new.decoczar.pl\/index.php\/product\/deska-dekoracyjna-drewniana-z-zywicy-morska\/","title":{"rendered":"Deska dekoracyjna drewniana z \u017cywicy MORSKA"},"content":{"rendered":"<p> \tWymiary : ok 35 cm, wysoko\u015b\u0107 5 cm<br \/>\n \tDrewno : akacja<br \/>\n \tKolor metaliczny zielony wraz z dodatkiem brokatowego py\u0142ku , morski biel<br \/>\n \tW uwagach do zam\u00f3wienia prosz\u0119 wpisa\u0107 wszelkie zmiany<br \/>\n \tDost\u0119pna 1 sztuka<br \/>\n \tMo\u017cliwo\u015b\u0107 dokupienia podk\u0142adek do kompletu<br \/>\n \tProdukt wykonany r\u0119cznie<\/p>\n","protected":false},"excerpt":{"rendered":"<p> \tWymiary : ok 35 cm, wysoko\u015b\u0107 5 cm<br \/>\n \tDrewno : akacja<br \/>\n \tKolor metaliczny zielony wraz z dodatkiem brokatowego py\u0142ku , morski biel<br \/>\n \tW uwagach do zam\u00f3wienia prosz\u0119 wpisa\u0107 wszelkie zmiany<br \/>\n \tDost\u0119pna 1 sztuka<br \/>\n \tMo\u017cliwo\u015b\u0107 dokupienia podk\u0142adek do kompletu<br \/>\n \tProdukt wykonany r\u0119cznie<\/p>\n","protected":false},"featured_media":4534,"comment_status":"open","ping_status":"closed","template":"","meta":[],"etheme_brands":[],"product_cat":[191],"product_tag":[],"class_list":["post-4535","product","type-product","status-publish","has-post-thumbnail","hentry","product_cat-dostepne-od-reki-produkty-z-zywicy"],"_links":{"self":[{"href":"https:\/\/new.decoczar.pl\/index.php\/wp-json\/wp\/v2\/product\/4535","targetHints":{"allow":["GET"]}}],"collection":[{"href":"https:\/\/new.decoczar.pl\/index.php\/wp-json\/wp\/v2\/product"}],"about":[{"href":"https:\/\/new.decoczar.pl\/index.php\/wp-json\/wp\/v2\/types\/product"}],"replies":[{"embeddable":true,"href":"https:\/\/new.decoczar.pl\/index.php\/wp-json\/wp\/v2\/comments?post=4535"}],"wp:featuredmedia":[{"embeddable":true,"href":"https:\/\/new.decoczar.pl\/index.php\/wp-json\/wp\/v2\/media\/4534"}],"wp:attachment":[{"href":"https:\/\/new.decoczar.pl\/index.php\/wp-json\/wp\/v2\/media?parent=4535"}],"wp:term":[{"taxonomy":"brand","embeddable":true,"href":"https:\/\/new.decoczar.pl\/index.php\/wp-json\/wp\/v2\/etheme_brands?post=4535"},{"taxonomy":"product_cat","embeddable":true,"href":"https:\/\/new.decoczar.pl\/index.php\/wp-json\/wp\/v2\/product_cat?post=4535"},{"taxonomy":"product_tag","embeddable":true,"href":"https:\/\/new.decoczar.pl\/index.php\/wp-json\/wp\/v2\/product_tag?post=4535"}],"curies":[{"name":"wp","href":"https:\/\/api.w.org\/{rel}","templated":true}]}}