{"id":4553,"date":"2023-05-12T18:27:57","date_gmt":"2023-05-12T16:27:57","guid":{"rendered":"http:\/\/new.decoczar.pl\/index.php\/product\/podkladki-z-zywicy-z-drobinkami-zlota-2-szt\/"},"modified":"2023-05-12T18:27:57","modified_gmt":"2023-05-12T16:27:57","slug":"podkladki-z-zywicy-z-drobinkami-zlota-2-szt","status":"publish","type":"product","link":"https:\/\/new.decoczar.pl\/index.php\/product\/podkladki-z-zywicy-z-drobinkami-zlota-2-szt\/","title":{"rendered":"Podk\u0142adki z \u017cywicy z drobinkami z\u0142ota 2 szt"},"content":{"rendered":"<p>Podk\u0142adki<\/p>\n<p> \tWymiary : \u015brednica ok 12 cm<br \/>\n \tKolor czarny, z\u0142oty<br \/>\n \tOzdobne prezentowe opakowanie<br \/>\n \tCzas realizacji 10 dni roboczych po zaksi\u0119gowaniu wp\u0142aty<br \/>\n \tWysy\u0142ka kurier \/ kurier pobranie<br \/>\n \tZAMAWIAJ\u0104C KILKA PRODUKT\u00d3W CZAS REALIZACJI JEST D\u0141U\u017bSZY DO 14 DNI ROBOCZYCH\u00a0<br \/>\n \tCzas pracy zale\u017cy od pogody<\/p>\n","protected":false},"excerpt":{"rendered":"<p>Podk\u0142adki<\/p>\n<p> \tWymiary : \u015brednica ok 12 cm<br \/>\n \tKolor czarny, z\u0142oty<br \/>\n \tOzdobne prezentowe opakowanie<br \/>\n \tCzas realizacji 10 dni roboczych po zaksi\u0119gowaniu wp\u0142aty<br \/>\n \tWysy\u0142ka kurier \/ kurier pobranie<br \/>\n \tZAMAWIAJ\u0104C KILKA PRODUKT\u00d3W CZAS REALIZACJI JEST D\u0141U\u017bSZY DO 14 DNI ROBOCZYCH\u00a0<br \/>\n \tCzas pracy zale\u017cy od pogody<\/p>\n","protected":false},"featured_media":4552,"comment_status":"open","ping_status":"closed","template":"","meta":[],"etheme_brands":[],"product_cat":[191],"product_tag":[],"class_list":["post-4553","product","type-product","status-publish","has-post-thumbnail","hentry","product_cat-dostepne-od-reki-produkty-z-zywicy"],"_links":{"self":[{"href":"https:\/\/new.decoczar.pl\/index.php\/wp-json\/wp\/v2\/product\/4553","targetHints":{"allow":["GET"]}}],"collection":[{"href":"https:\/\/new.decoczar.pl\/index.php\/wp-json\/wp\/v2\/product"}],"about":[{"href":"https:\/\/new.decoczar.pl\/index.php\/wp-json\/wp\/v2\/types\/product"}],"replies":[{"embeddable":true,"href":"https:\/\/new.decoczar.pl\/index.php\/wp-json\/wp\/v2\/comments?post=4553"}],"wp:featuredmedia":[{"embeddable":true,"href":"https:\/\/new.decoczar.pl\/index.php\/wp-json\/wp\/v2\/media\/4552"}],"wp:attachment":[{"href":"https:\/\/new.decoczar.pl\/index.php\/wp-json\/wp\/v2\/media?parent=4553"}],"wp:term":[{"taxonomy":"brand","embeddable":true,"href":"https:\/\/new.decoczar.pl\/index.php\/wp-json\/wp\/v2\/etheme_brands?post=4553"},{"taxonomy":"product_cat","embeddable":true,"href":"https:\/\/new.decoczar.pl\/index.php\/wp-json\/wp\/v2\/product_cat?post=4553"},{"taxonomy":"product_tag","embeddable":true,"href":"https:\/\/new.decoczar.pl\/index.php\/wp-json\/wp\/v2\/product_tag?post=4553"}],"curies":[{"name":"wp","href":"https:\/\/api.w.org\/{rel}","templated":true}]}}