{"id":4630,"date":"2023-05-12T21:08:00","date_gmt":"2023-05-12T19:08:00","guid":{"rendered":"http:\/\/new.decoczar.pl\/index.php\/product\/zegar-debowy-z-zywica-czarna-loft\/"},"modified":"2023-05-12T21:08:00","modified_gmt":"2023-05-12T19:08:00","slug":"zegar-debowy-z-zywica-czarna-loft","status":"publish","type":"product","link":"https:\/\/new.decoczar.pl\/index.php\/product\/zegar-debowy-z-zywica-czarna-loft\/","title":{"rendered":"Zegar d\u0119bowy z \u017cywic\u0105 czarn\u0105 Loft"},"content":{"rendered":"<p>Cechy produktu :<\/p>\n<p> \tWymiary: \u015brednica okr\u0119gu 40 cm<br \/>\n \tMateria\u0142 okr\u0119gu : drewno<br \/>\n \tZegar wykonany z deski d\u0119bowej r\u0119cznie obrabianej i pokrytej olejem.<br \/>\n \tZegar wyposa\u017cony w elektroniczny mechanizm na bateri\u0119 R6 paluszek.<br \/>\n \tdost\u0119pny od r\u0119ki<br \/>\n \tDeska d\u0119bowa jest z dodatkiem czarnej \u017cywicy<br \/>\n \tZegar d\u0119bowy r\u0119cznie robiony jedyny taki egzemplarz<\/p>\n","protected":false},"excerpt":{"rendered":"<p>Cechy produktu :<\/p>\n<p> \tWymiary: \u015brednica okr\u0119gu 40 cm<br \/>\n \tMateria\u0142 okr\u0119gu : drewno<br \/>\n \tZegar wykonany z deski d\u0119bowej r\u0119cznie obrabianej i pokrytej olejem.<br \/>\n \tZegar wyposa\u017cony w elektroniczny mechanizm na bateri\u0119 R6 paluszek.<br \/>\n \tdost\u0119pny od r\u0119ki<br \/>\n \tDeska d\u0119bowa jest z dodatkiem czarnej \u017cywicy<br \/>\n \tZegar d\u0119bowy r\u0119cznie robiony jedyny taki egzemplarz<\/p>\n","protected":false},"featured_media":4629,"comment_status":"open","ping_status":"closed","template":"","meta":[],"etheme_brands":[],"product_cat":[203],"product_tag":[],"class_list":["post-4630","product","type-product","status-publish","has-post-thumbnail","hentry","product_cat-dostepne-od-reki-produkty-z-zywicy-zegary"],"_links":{"self":[{"href":"https:\/\/new.decoczar.pl\/index.php\/wp-json\/wp\/v2\/product\/4630","targetHints":{"allow":["GET"]}}],"collection":[{"href":"https:\/\/new.decoczar.pl\/index.php\/wp-json\/wp\/v2\/product"}],"about":[{"href":"https:\/\/new.decoczar.pl\/index.php\/wp-json\/wp\/v2\/types\/product"}],"replies":[{"embeddable":true,"href":"https:\/\/new.decoczar.pl\/index.php\/wp-json\/wp\/v2\/comments?post=4630"}],"wp:featuredmedia":[{"embeddable":true,"href":"https:\/\/new.decoczar.pl\/index.php\/wp-json\/wp\/v2\/media\/4629"}],"wp:attachment":[{"href":"https:\/\/new.decoczar.pl\/index.php\/wp-json\/wp\/v2\/media?parent=4630"}],"wp:term":[{"taxonomy":"brand","embeddable":true,"href":"https:\/\/new.decoczar.pl\/index.php\/wp-json\/wp\/v2\/etheme_brands?post=4630"},{"taxonomy":"product_cat","embeddable":true,"href":"https:\/\/new.decoczar.pl\/index.php\/wp-json\/wp\/v2\/product_cat?post=4630"},{"taxonomy":"product_tag","embeddable":true,"href":"https:\/\/new.decoczar.pl\/index.php\/wp-json\/wp\/v2\/product_tag?post=4630"}],"curies":[{"name":"wp","href":"https:\/\/api.w.org\/{rel}","templated":true}]}}