{"id":4652,"date":"2023-05-12T21:09:33","date_gmt":"2023-05-12T19:09:33","guid":{"rendered":"http:\/\/new.decoczar.pl\/index.php\/product\/misa-dekoracyjna-z-zywicy-bialo-zlota-z-uchwytem-gold-queen\/"},"modified":"2023-05-12T21:09:33","modified_gmt":"2023-05-12T19:09:33","slug":"misa-dekoracyjna-z-zywicy-bialo-zlota-z-uchwytem-gold-queen","status":"publish","type":"product","link":"https:\/\/new.decoczar.pl\/index.php\/product\/misa-dekoracyjna-z-zywicy-bialo-zlota-z-uchwytem-gold-queen\/","title":{"rendered":"Misa dekoracyjna z \u017cywicy bia\u0142o z\u0142ota z uchwytem &#8221; GOLD QUEEN&#8221;"},"content":{"rendered":"<p>Misa dekoracyjna<\/p>\n<p> \t\u015arednica ok 25 cm<br \/>\n \tKolorystyka : bia\u0142a + z\u0142ote zdobienia<br \/>\n \tCzas realizacji 10 (+\/- 3 ) dni roboczych po zaksi\u0119gowaniu wp\u0142aty<br \/>\n \tWykonujemy r\u00f3wnie\u017c indywidualne zam\u00f3wienia kolorystyczne klienta<br \/>\n \tWysy\u0142ka kurier \/ kurier pobranie<br \/>\n \tNa innych og\u0142oszeniach jest r\u00f3wnie\u017c patera, taca dost\u0119pna itp w tej samej kolorystyce<br \/>\n \tZAMAWI\u0104JAC KILKA PRODUKT\u00d3W CZAS REALZIACJI JEST D\u0141U\u017bSZY DO 14 DNI ROBOCZYCH\u00a0<\/p>\n","protected":false},"excerpt":{"rendered":"<p>Misa dekoracyjna<\/p>\n<p> \t\u015arednica ok 25 cm<br \/>\n \tKolorystyka : bia\u0142a + z\u0142ote zdobienia<br \/>\n \tCzas realizacji 10 (+\/- 3 ) dni roboczych po zaksi\u0119gowaniu wp\u0142aty<br \/>\n \tWykonujemy r\u00f3wnie\u017c indywidualne zam\u00f3wienia kolorystyczne klienta<br \/>\n \tWysy\u0142ka kurier \/ kurier pobranie<br \/>\n \tNa innych og\u0142oszeniach jest r\u00f3wnie\u017c patera, taca dost\u0119pna itp w tej samej kolorystyce<br \/>\n \tZAMAWI\u0104JAC KILKA PRODUKT\u00d3W CZAS REALZIACJI JEST D\u0141U\u017bSZY DO 14 DNI ROBOCZYCH\u00a0<\/p>\n","protected":false},"featured_media":4651,"comment_status":"open","ping_status":"closed","template":"","meta":[],"etheme_brands":[],"product_cat":[191],"product_tag":[],"class_list":["post-4652","product","type-product","status-publish","has-post-thumbnail","hentry","product_cat-dostepne-od-reki-produkty-z-zywicy"],"_links":{"self":[{"href":"https:\/\/new.decoczar.pl\/index.php\/wp-json\/wp\/v2\/product\/4652","targetHints":{"allow":["GET"]}}],"collection":[{"href":"https:\/\/new.decoczar.pl\/index.php\/wp-json\/wp\/v2\/product"}],"about":[{"href":"https:\/\/new.decoczar.pl\/index.php\/wp-json\/wp\/v2\/types\/product"}],"replies":[{"embeddable":true,"href":"https:\/\/new.decoczar.pl\/index.php\/wp-json\/wp\/v2\/comments?post=4652"}],"wp:featuredmedia":[{"embeddable":true,"href":"https:\/\/new.decoczar.pl\/index.php\/wp-json\/wp\/v2\/media\/4651"}],"wp:attachment":[{"href":"https:\/\/new.decoczar.pl\/index.php\/wp-json\/wp\/v2\/media?parent=4652"}],"wp:term":[{"taxonomy":"brand","embeddable":true,"href":"https:\/\/new.decoczar.pl\/index.php\/wp-json\/wp\/v2\/etheme_brands?post=4652"},{"taxonomy":"product_cat","embeddable":true,"href":"https:\/\/new.decoczar.pl\/index.php\/wp-json\/wp\/v2\/product_cat?post=4652"},{"taxonomy":"product_tag","embeddable":true,"href":"https:\/\/new.decoczar.pl\/index.php\/wp-json\/wp\/v2\/product_tag?post=4652"}],"curies":[{"name":"wp","href":"https:\/\/api.w.org\/{rel}","templated":true}]}}