{"id":4656,"date":"2023-05-12T21:09:42","date_gmt":"2023-05-12T19:09:42","guid":{"rendered":"http:\/\/new.decoczar.pl\/index.php\/product\/serwetnik-z-zywicy-3-rodz-gold-queen\/"},"modified":"2023-05-12T21:09:42","modified_gmt":"2023-05-12T19:09:42","slug":"serwetnik-z-zywicy-3-rodz-gold-queen","status":"publish","type":"product","link":"https:\/\/new.decoczar.pl\/index.php\/product\/serwetnik-z-zywicy-3-rodz-gold-queen\/","title":{"rendered":"Serwetnik z \u017cywicy 3 rodz. &#8222;GOLD QUEEN&#8221;"},"content":{"rendered":"<p>Cechy Produktu:<\/p>\n<p> \t\u015arednica podstawki 16,5 cm<br \/>\n \tProdukt zosta\u0142 wykonany bardzo dobrej jako\u015bci \u017cywic\u0105, kt\u00f3ra nie \u017c\u00f3\u0142knie i jest odporna na promienie Uv i d\u0142ugo b\u0119dzie zachowywa\u0142 swoje lustrzane kolory.<br \/>\n \tMateria\u0142 : \u017cywica<br \/>\n \tProdukt dost\u0119pny w 3 kolorach ( bia\u0142y, czarny, butelkowa ziele\u0144 )<br \/>\n \tCzas realizacji 10 (+\/- 3) dni roboczych po zaksi\u0119gowaniu wp\u0142aty<br \/>\n \tPraca z \u017cywic\u0105 zale\u017cna jest r\u00f3wnie\u017c od pogody ( latem oraz zim\u0105 czas mo\u017ce by\u0107 d\u0142u\u017cszy )<br \/>\n \tW uwagach do zam\u00f3wienia napisz kolor kt\u00f3ry wybierasz<br \/>\n \tProdukt wykonany r\u0119cznie<br \/>\n \tDo zestawu mo\u017cna zam\u00f3wi\u0107 tac\u0119, pater\u0119, mis\u0119<br \/>\n \tZAMAWI\u0104JAC KILKA PRODUKT\u00d3W CZAS REALZIACJI JEST D\u0141U\u017bSZY DO 14 DNI ROBOCZYCH\u00a0<\/p>\n","protected":false},"excerpt":{"rendered":"<p>Cechy Produktu:<\/p>\n<p> \t\u015arednica podstawki 16,5 cm<br \/>\n \tProdukt zosta\u0142 wykonany bardzo dobrej jako\u015bci \u017cywic\u0105, kt\u00f3ra nie \u017c\u00f3\u0142knie i jest odporna na promienie Uv i d\u0142ugo b\u0119dzie zachowywa\u0142 swoje lustrzane kolory.<br \/>\n \tMateria\u0142 : \u017cywica<br \/>\n \tProdukt dost\u0119pny w 3 kolorach ( bia\u0142y, czarny, butelkowa ziele\u0144 )<br \/>\n \tCzas realizacji 10 (+\/- 3) dni roboczych po zaksi\u0119gowaniu wp\u0142aty<br \/>\n \tPraca z \u017cywic\u0105 zale\u017cna jest r\u00f3wnie\u017c od pogody ( latem oraz zim\u0105 czas mo\u017ce by\u0107 d\u0142u\u017cszy )<br \/>\n \tW uwagach do zam\u00f3wienia napisz kolor kt\u00f3ry wybierasz<br \/>\n \tProdukt wykonany r\u0119cznie<br \/>\n \tDo zestawu mo\u017cna zam\u00f3wi\u0107 tac\u0119, pater\u0119, mis\u0119<br \/>\n \tZAMAWI\u0104JAC KILKA PRODUKT\u00d3W CZAS REALZIACJI JEST D\u0141U\u017bSZY DO 14 DNI ROBOCZYCH\u00a0<\/p>\n","protected":false},"featured_media":4655,"comment_status":"open","ping_status":"closed","template":"","meta":[],"etheme_brands":[],"product_cat":[191],"product_tag":[],"class_list":["post-4656","product","type-product","status-publish","has-post-thumbnail","hentry","product_cat-dostepne-od-reki-produkty-z-zywicy"],"_links":{"self":[{"href":"https:\/\/new.decoczar.pl\/index.php\/wp-json\/wp\/v2\/product\/4656","targetHints":{"allow":["GET"]}}],"collection":[{"href":"https:\/\/new.decoczar.pl\/index.php\/wp-json\/wp\/v2\/product"}],"about":[{"href":"https:\/\/new.decoczar.pl\/index.php\/wp-json\/wp\/v2\/types\/product"}],"replies":[{"embeddable":true,"href":"https:\/\/new.decoczar.pl\/index.php\/wp-json\/wp\/v2\/comments?post=4656"}],"wp:featuredmedia":[{"embeddable":true,"href":"https:\/\/new.decoczar.pl\/index.php\/wp-json\/wp\/v2\/media\/4655"}],"wp:attachment":[{"href":"https:\/\/new.decoczar.pl\/index.php\/wp-json\/wp\/v2\/media?parent=4656"}],"wp:term":[{"taxonomy":"brand","embeddable":true,"href":"https:\/\/new.decoczar.pl\/index.php\/wp-json\/wp\/v2\/etheme_brands?post=4656"},{"taxonomy":"product_cat","embeddable":true,"href":"https:\/\/new.decoczar.pl\/index.php\/wp-json\/wp\/v2\/product_cat?post=4656"},{"taxonomy":"product_tag","embeddable":true,"href":"https:\/\/new.decoczar.pl\/index.php\/wp-json\/wp\/v2\/product_tag?post=4656"}],"curies":[{"name":"wp","href":"https:\/\/api.w.org\/{rel}","templated":true}]}}