{"id":4660,"date":"2023-05-12T21:09:50","date_gmt":"2023-05-12T19:09:50","guid":{"rendered":"http:\/\/new.decoczar.pl\/index.php\/product\/swiecznik-morski-zywica-rybki\/"},"modified":"2023-05-12T21:09:50","modified_gmt":"2023-05-12T19:09:50","slug":"swiecznik-morski-zywica-rybki","status":"publish","type":"product","link":"https:\/\/new.decoczar.pl\/index.php\/product\/swiecznik-morski-zywica-rybki\/","title":{"rendered":"\u015awiecznik MORSKI \u017cywica rybki"},"content":{"rendered":"<p>Cechy produktu :<\/p>\n<p> \tMateria\u0142 : plaster orzecha w\u0142oskiego\/ brzozowego , \u017cywica muszelki pisek<br \/>\n \tDo\u0142\u0105czone s\u0105 ma\u0142e wk\u0142ady<br \/>\n \tDost\u0119pny tylko wz\u00f3r nr 2<br \/>\n \tWieszak od podstaw zosta\u0142 wykonany r\u0119cznie 100 % handmade<br \/>\n \tProdukt Polski<br \/>\n \tDost\u0119pne 3 rodzaje<br \/>\n \tW uwagach do zam\u00f3wienia wpisz kt\u00f3ry wz\u00f3r wybierasz<br \/>\n \tZamawiaj\u0105c kilka produkt\u00f3w czas realizacji jest d\u0142u\u017cszy do 14 dni roboczych<\/p>\n","protected":false},"excerpt":{"rendered":"<p>Cechy produktu :<\/p>\n<p> \tMateria\u0142 : plaster orzecha w\u0142oskiego\/ brzozowego , \u017cywica muszelki pisek<br \/>\n \tDo\u0142\u0105czone s\u0105 ma\u0142e wk\u0142ady<br \/>\n \tDost\u0119pny tylko wz\u00f3r nr 2<br \/>\n \tWieszak od podstaw zosta\u0142 wykonany r\u0119cznie 100 % handmade<br \/>\n \tProdukt Polski<br \/>\n \tDost\u0119pne 3 rodzaje<br \/>\n \tW uwagach do zam\u00f3wienia wpisz kt\u00f3ry wz\u00f3r wybierasz<br \/>\n \tZamawiaj\u0105c kilka produkt\u00f3w czas realizacji jest d\u0142u\u017cszy do 14 dni roboczych<\/p>\n","protected":false},"featured_media":4659,"comment_status":"open","ping_status":"closed","template":"","meta":[],"etheme_brands":[],"product_cat":[200],"product_tag":[],"class_list":["post-4660","product","type-product","status-publish","has-post-thumbnail","hentry","product_cat-dostepne-od-reki-produkty-z-zywicy-promocja"],"_links":{"self":[{"href":"https:\/\/new.decoczar.pl\/index.php\/wp-json\/wp\/v2\/product\/4660","targetHints":{"allow":["GET"]}}],"collection":[{"href":"https:\/\/new.decoczar.pl\/index.php\/wp-json\/wp\/v2\/product"}],"about":[{"href":"https:\/\/new.decoczar.pl\/index.php\/wp-json\/wp\/v2\/types\/product"}],"replies":[{"embeddable":true,"href":"https:\/\/new.decoczar.pl\/index.php\/wp-json\/wp\/v2\/comments?post=4660"}],"wp:featuredmedia":[{"embeddable":true,"href":"https:\/\/new.decoczar.pl\/index.php\/wp-json\/wp\/v2\/media\/4659"}],"wp:attachment":[{"href":"https:\/\/new.decoczar.pl\/index.php\/wp-json\/wp\/v2\/media?parent=4660"}],"wp:term":[{"taxonomy":"brand","embeddable":true,"href":"https:\/\/new.decoczar.pl\/index.php\/wp-json\/wp\/v2\/etheme_brands?post=4660"},{"taxonomy":"product_cat","embeddable":true,"href":"https:\/\/new.decoczar.pl\/index.php\/wp-json\/wp\/v2\/product_cat?post=4660"},{"taxonomy":"product_tag","embeddable":true,"href":"https:\/\/new.decoczar.pl\/index.php\/wp-json\/wp\/v2\/product_tag?post=4660"}],"curies":[{"name":"wp","href":"https:\/\/api.w.org\/{rel}","templated":true}]}}