{"id":4662,"date":"2023-05-12T21:09:53","date_gmt":"2023-05-12T19:09:53","guid":{"rendered":"http:\/\/new.decoczar.pl\/index.php\/product\/brelok-skrzydla-3-rodz\/"},"modified":"2023-05-12T21:09:53","modified_gmt":"2023-05-12T19:09:53","slug":"brelok-skrzydla-3-rodz","status":"publish","type":"product","link":"https:\/\/new.decoczar.pl\/index.php\/product\/brelok-skrzydla-3-rodz\/","title":{"rendered":"Brelok skrzyd\u0142a 3 rodz"},"content":{"rendered":"<p> \tWymiary 10 x 2 cm<br \/>\n \tW uwagach do zam\u00f3wienia prosz\u0119 wpisa\u0107 kt\u00f3ry kolor (bia\u0142o z\u0142oty, czarno z\u0142oty, brokatowo czarno z\u0142oty )<br \/>\n \tModeli kt\u00f3rych nie ma od r\u0119ki czas realizacji do 5 dni roboczych<br \/>\n \tZamawiaj\u0105c kilka produkt\u00f3w czas realizacji wyd\u0142u\u017ca si\u0119 do 14 dni roboczych<br \/>\n \tMateria\u0142 : \u017cywica<br \/>\n \tBrelok wykonywany r\u0119cznie<\/p>\n","protected":false},"excerpt":{"rendered":"<p> \tWymiary 10 x 2 cm<br \/>\n \tW uwagach do zam\u00f3wienia prosz\u0119 wpisa\u0107 kt\u00f3ry kolor (bia\u0142o z\u0142oty, czarno z\u0142oty, brokatowo czarno z\u0142oty )<br \/>\n \tModeli kt\u00f3rych nie ma od r\u0119ki czas realizacji do 5 dni roboczych<br \/>\n \tZamawiaj\u0105c kilka produkt\u00f3w czas realizacji wyd\u0142u\u017ca si\u0119 do 14 dni roboczych<br \/>\n \tMateria\u0142 : \u017cywica<br \/>\n \tBrelok wykonywany r\u0119cznie<\/p>\n","protected":false},"featured_media":4661,"comment_status":"open","ping_status":"closed","template":"","meta":[],"etheme_brands":[],"product_cat":[191],"product_tag":[],"class_list":["post-4662","product","type-product","status-publish","has-post-thumbnail","hentry","product_cat-dostepne-od-reki-produkty-z-zywicy"],"_links":{"self":[{"href":"https:\/\/new.decoczar.pl\/index.php\/wp-json\/wp\/v2\/product\/4662","targetHints":{"allow":["GET"]}}],"collection":[{"href":"https:\/\/new.decoczar.pl\/index.php\/wp-json\/wp\/v2\/product"}],"about":[{"href":"https:\/\/new.decoczar.pl\/index.php\/wp-json\/wp\/v2\/types\/product"}],"replies":[{"embeddable":true,"href":"https:\/\/new.decoczar.pl\/index.php\/wp-json\/wp\/v2\/comments?post=4662"}],"wp:featuredmedia":[{"embeddable":true,"href":"https:\/\/new.decoczar.pl\/index.php\/wp-json\/wp\/v2\/media\/4661"}],"wp:attachment":[{"href":"https:\/\/new.decoczar.pl\/index.php\/wp-json\/wp\/v2\/media?parent=4662"}],"wp:term":[{"taxonomy":"brand","embeddable":true,"href":"https:\/\/new.decoczar.pl\/index.php\/wp-json\/wp\/v2\/etheme_brands?post=4662"},{"taxonomy":"product_cat","embeddable":true,"href":"https:\/\/new.decoczar.pl\/index.php\/wp-json\/wp\/v2\/product_cat?post=4662"},{"taxonomy":"product_tag","embeddable":true,"href":"https:\/\/new.decoczar.pl\/index.php\/wp-json\/wp\/v2\/product_tag?post=4662"}],"curies":[{"name":"wp","href":"https:\/\/api.w.org\/{rel}","templated":true}]}}