{"id":4688,"date":"2023-05-12T21:11:47","date_gmt":"2023-05-12T19:11:47","guid":{"rendered":"http:\/\/new.decoczar.pl\/index.php\/product\/kieliszek-do-wina-zdobiony-zywica-1-szt-2\/"},"modified":"2023-05-12T21:11:47","modified_gmt":"2023-05-12T19:11:47","slug":"kieliszek-do-wina-zdobiony-zywica-1-szt-2","status":"publish","type":"product","link":"https:\/\/new.decoczar.pl\/index.php\/product\/kieliszek-do-wina-zdobiony-zywica-1-szt-2\/","title":{"rendered":"Kieliszek do wina &#8211; zdobiony \u017cywic\u0105 1 szt"},"content":{"rendered":"<p>Cechy produktu:<\/p>\n<p> \tMateria\u0142 : szk\u0142o<br \/>\n \tMo\u017cliwo\u015b\u0107 wykonania dowolnego koloru<br \/>\n \tKieliszek wykonywany r\u0119cznie<br \/>\n \tW uwagach do zam\u00f3wienia prosz\u0119 poda\u0107 kolor<br \/>\n \tPojemno\u015b\u0107 440 mililitr\u00f3w<br \/>\n \tCzas realizacji 5 dni roboczych<\/p>\n","protected":false},"excerpt":{"rendered":"<p>Cechy produktu:<\/p>\n<p> \tMateria\u0142 : szk\u0142o<br \/>\n \tMo\u017cliwo\u015b\u0107 wykonania dowolnego koloru<br \/>\n \tKieliszek wykonywany r\u0119cznie<br \/>\n \tW uwagach do zam\u00f3wienia prosz\u0119 poda\u0107 kolor<br \/>\n \tPojemno\u015b\u0107 440 mililitr\u00f3w<br \/>\n \tCzas realizacji 5 dni roboczych<\/p>\n","protected":false},"featured_media":4687,"comment_status":"open","ping_status":"closed","template":"","meta":[],"etheme_brands":[],"product_cat":[48],"product_tag":[],"class_list":["post-4688","product","type-product","status-publish","has-post-thumbnail","hentry","product_cat-produkty-z-zywicy"],"_links":{"self":[{"href":"https:\/\/new.decoczar.pl\/index.php\/wp-json\/wp\/v2\/product\/4688","targetHints":{"allow":["GET"]}}],"collection":[{"href":"https:\/\/new.decoczar.pl\/index.php\/wp-json\/wp\/v2\/product"}],"about":[{"href":"https:\/\/new.decoczar.pl\/index.php\/wp-json\/wp\/v2\/types\/product"}],"replies":[{"embeddable":true,"href":"https:\/\/new.decoczar.pl\/index.php\/wp-json\/wp\/v2\/comments?post=4688"}],"wp:featuredmedia":[{"embeddable":true,"href":"https:\/\/new.decoczar.pl\/index.php\/wp-json\/wp\/v2\/media\/4687"}],"wp:attachment":[{"href":"https:\/\/new.decoczar.pl\/index.php\/wp-json\/wp\/v2\/media?parent=4688"}],"wp:term":[{"taxonomy":"brand","embeddable":true,"href":"https:\/\/new.decoczar.pl\/index.php\/wp-json\/wp\/v2\/etheme_brands?post=4688"},{"taxonomy":"product_cat","embeddable":true,"href":"https:\/\/new.decoczar.pl\/index.php\/wp-json\/wp\/v2\/product_cat?post=4688"},{"taxonomy":"product_tag","embeddable":true,"href":"https:\/\/new.decoczar.pl\/index.php\/wp-json\/wp\/v2\/product_tag?post=4688"}],"curies":[{"name":"wp","href":"https:\/\/api.w.org\/{rel}","templated":true}]}}