{"id":4690,"date":"2023-05-12T21:11:50","date_gmt":"2023-05-12T19:11:50","guid":{"rendered":"http:\/\/new.decoczar.pl\/index.php\/product\/metalowe-dostawki-do-stolu-loft-4-szt\/"},"modified":"2023-05-12T21:11:50","modified_gmt":"2023-05-12T19:11:50","slug":"metalowe-dostawki-do-stolu-loft-4-szt","status":"publish","type":"product","link":"https:\/\/new.decoczar.pl\/index.php\/product\/metalowe-dostawki-do-stolu-loft-4-szt\/","title":{"rendered":"METALOWE DOSTAWKI DO STO\u0141U LOFT 4 szt"},"content":{"rendered":"<p>Cechy produktu:<\/p>\n<p> \tProfil 2,5 x2,5 cm oraz 3 x 3 cm<br \/>\n \tMateria\u0142 : metal<br \/>\n \tMalowane proszkowo<br \/>\n \tMo\u017cliwa d\u0142ugo\u015b\u0107 zamontowanego blatu (dostawki) &#8211; 30-60cm<br \/>\n \tSolidne i wytrzyma\u0142e<br \/>\n \tProdukt Polski<br \/>\n \tZestaw dotyczy 4 sztuk na 2 blaty<br \/>\n \tCzas realizacji 10 dni roboczych po zaksi\u0119gowaniu wp\u0142aty<br \/>\n \tWysy\u0142ka 25 z\u0142 kurier !!! ( NIE WYSY\u0141AM ZA POBRANIEM)<br \/>\n \tProdukt Polski<\/p>\n<p>\u00a0<\/p>\n","protected":false},"excerpt":{"rendered":"<p>Cechy produktu:<\/p>\n<p> \tProfil 2,5 x2,5 cm oraz 3 x 3 cm<br \/>\n \tMateria\u0142 : metal<br \/>\n \tMalowane proszkowo<br \/>\n \tMo\u017cliwa d\u0142ugo\u015b\u0107 zamontowanego blatu (dostawki) &#8211; 30-60cm<br \/>\n \tSolidne i wytrzyma\u0142e<br \/>\n \tProdukt Polski<br \/>\n \tZestaw dotyczy 4 sztuk na 2 blaty<br \/>\n \tCzas realizacji 10 dni roboczych po zaksi\u0119gowaniu wp\u0142aty<br \/>\n \tWysy\u0142ka 25 z\u0142 kurier !!! ( NIE WYSY\u0141AM ZA POBRANIEM)<br \/>\n \tProdukt Polski<\/p>\n<p>\u00a0<\/p>\n","protected":false},"featured_media":4689,"comment_status":"open","ping_status":"closed","template":"","meta":[],"etheme_brands":[],"product_cat":[53],"product_tag":[],"class_list":["post-4690","product","type-product","status-publish","has-post-thumbnail","hentry","product_cat-podstawy-metalowe-stelaze-stojaki-stoliki-drewniane"],"_links":{"self":[{"href":"https:\/\/new.decoczar.pl\/index.php\/wp-json\/wp\/v2\/product\/4690","targetHints":{"allow":["GET"]}}],"collection":[{"href":"https:\/\/new.decoczar.pl\/index.php\/wp-json\/wp\/v2\/product"}],"about":[{"href":"https:\/\/new.decoczar.pl\/index.php\/wp-json\/wp\/v2\/types\/product"}],"replies":[{"embeddable":true,"href":"https:\/\/new.decoczar.pl\/index.php\/wp-json\/wp\/v2\/comments?post=4690"}],"wp:featuredmedia":[{"embeddable":true,"href":"https:\/\/new.decoczar.pl\/index.php\/wp-json\/wp\/v2\/media\/4689"}],"wp:attachment":[{"href":"https:\/\/new.decoczar.pl\/index.php\/wp-json\/wp\/v2\/media?parent=4690"}],"wp:term":[{"taxonomy":"brand","embeddable":true,"href":"https:\/\/new.decoczar.pl\/index.php\/wp-json\/wp\/v2\/etheme_brands?post=4690"},{"taxonomy":"product_cat","embeddable":true,"href":"https:\/\/new.decoczar.pl\/index.php\/wp-json\/wp\/v2\/product_cat?post=4690"},{"taxonomy":"product_tag","embeddable":true,"href":"https:\/\/new.decoczar.pl\/index.php\/wp-json\/wp\/v2\/product_tag?post=4690"}],"curies":[{"name":"wp","href":"https:\/\/api.w.org\/{rel}","templated":true}]}}