{"id":4752,"date":"2023-05-13T05:35:58","date_gmt":"2023-05-13T03:35:58","guid":{"rendered":"http:\/\/new.decoczar.pl\/index.php\/product\/wieszak-debowy-zywica-morski-45-cm-2\/"},"modified":"2023-05-13T05:35:58","modified_gmt":"2023-05-13T03:35:58","slug":"wieszak-debowy-zywica-morski-45-cm-2","status":"publish","type":"product","link":"https:\/\/new.decoczar.pl\/index.php\/product\/wieszak-debowy-zywica-morski-45-cm-2\/","title":{"rendered":"Wieszak d\u0119bowy \u017cywica morski 45 cm"},"content":{"rendered":"<p>Cechy produktu:<\/p>\n<p> \tWymiary : 45x16cm<br \/>\n \tGrubo\u015b\u0107 deski : 3 cm<br \/>\n \tZ ty\u0142u s\u0105 zamontowane dwa uchwyty umo\u017cliwiaj\u0105ce powieszenia wieszaka na \u015bcianie.<br \/>\n \tMateria\u0142 : D\u0105b<br \/>\n \tDeska zosta\u0142a zabezpieczona wysokiej jako\u015bci olejem<br \/>\n \tMiedziane uchwyty<br \/>\n \tCzas realizacji do 14-21 dni roboczych<br \/>\n \tProdukt od podstaw wykonywany r\u0119cznie<\/p>\n","protected":false},"excerpt":{"rendered":"<p>Cechy produktu:<\/p>\n<p> \tWymiary : 45x16cm<br \/>\n \tGrubo\u015b\u0107 deski : 3 cm<br \/>\n \tZ ty\u0142u s\u0105 zamontowane dwa uchwyty umo\u017cliwiaj\u0105ce powieszenia wieszaka na \u015bcianie.<br \/>\n \tMateria\u0142 : D\u0105b<br \/>\n \tDeska zosta\u0142a zabezpieczona wysokiej jako\u015bci olejem<br \/>\n \tMiedziane uchwyty<br \/>\n \tCzas realizacji do 14-21 dni roboczych<br \/>\n \tProdukt od podstaw wykonywany r\u0119cznie<\/p>\n","protected":false},"featured_media":2277,"comment_status":"open","ping_status":"closed","template":"","meta":[],"etheme_brands":[],"product_cat":[48],"product_tag":[],"class_list":["post-4752","product","type-product","status-publish","has-post-thumbnail","hentry","product_cat-produkty-z-zywicy"],"_links":{"self":[{"href":"https:\/\/new.decoczar.pl\/index.php\/wp-json\/wp\/v2\/product\/4752","targetHints":{"allow":["GET"]}}],"collection":[{"href":"https:\/\/new.decoczar.pl\/index.php\/wp-json\/wp\/v2\/product"}],"about":[{"href":"https:\/\/new.decoczar.pl\/index.php\/wp-json\/wp\/v2\/types\/product"}],"replies":[{"embeddable":true,"href":"https:\/\/new.decoczar.pl\/index.php\/wp-json\/wp\/v2\/comments?post=4752"}],"wp:featuredmedia":[{"embeddable":true,"href":"https:\/\/new.decoczar.pl\/index.php\/wp-json\/wp\/v2\/media\/2277"}],"wp:attachment":[{"href":"https:\/\/new.decoczar.pl\/index.php\/wp-json\/wp\/v2\/media?parent=4752"}],"wp:term":[{"taxonomy":"brand","embeddable":true,"href":"https:\/\/new.decoczar.pl\/index.php\/wp-json\/wp\/v2\/etheme_brands?post=4752"},{"taxonomy":"product_cat","embeddable":true,"href":"https:\/\/new.decoczar.pl\/index.php\/wp-json\/wp\/v2\/product_cat?post=4752"},{"taxonomy":"product_tag","embeddable":true,"href":"https:\/\/new.decoczar.pl\/index.php\/wp-json\/wp\/v2\/product_tag?post=4752"}],"curies":[{"name":"wp","href":"https:\/\/api.w.org\/{rel}","templated":true}]}}