{"id":4791,"date":"2023-05-13T05:37:39","date_gmt":"2023-05-13T03:37:39","guid":{"rendered":"http:\/\/new.decoczar.pl\/index.php\/product\/brelok-z-imienny-data-slubu-rocznica-2\/"},"modified":"2023-05-13T05:37:39","modified_gmt":"2023-05-13T03:37:39","slug":"brelok-z-imienny-data-slubu-rocznica-2","status":"publish","type":"product","link":"https:\/\/new.decoczar.pl\/index.php\/product\/brelok-z-imienny-data-slubu-rocznica-2\/","title":{"rendered":"Brelok z imienny Data \u015alubu, Rocznica"},"content":{"rendered":"<p>Zestaw dw\u00f3ch pasuj\u0105cych do siebie breloczk\u00f3w w kszta\u0142cie puzzli.<\/p>\n<p>Do serduszka do\u0142\u0105czony jest kr\u00f3tki metalowy \u0142a\u0144cuszek z k\u00f3\u0142eczkiem, tak by umie\u015bci\u0107 breloczek przy kluczach lub innych dodatkach.<\/p>\n<p>Breloczki wykonane s\u0105 ze szlifowanej sklejki brzozowej i grawerowane laserowo.<\/p>\n<p>\u00a0<\/p>\n<p>\u00a0<\/p>\n","protected":false},"excerpt":{"rendered":"<p>Zestaw dw\u00f3ch pasuj\u0105cych do siebie breloczk\u00f3w w kszta\u0142cie puzzli.<\/p>\n<p>Do serduszka do\u0142\u0105czony jest kr\u00f3tki metalowy \u0142a\u0144cuszek z k\u00f3\u0142eczkiem, tak by umie\u015bci\u0107 breloczek przy kluczach lub innych dodatkach.<\/p>\n<p>Breloczki wykonane s\u0105 ze szlifowanej sklejki brzozowej i grawerowane laserowo.<\/p>\n<p>\u00a0<\/p>\n<p>\u00a0<\/p>\n","protected":false},"featured_media":2366,"comment_status":"open","ping_status":"closed","template":"","meta":[],"etheme_brands":[],"product_cat":[78],"product_tag":[],"class_list":["post-4791","product","type-product","status-publish","has-post-thumbnail","hentry","product_cat-slub-dekoracje"],"_links":{"self":[{"href":"https:\/\/new.decoczar.pl\/index.php\/wp-json\/wp\/v2\/product\/4791","targetHints":{"allow":["GET"]}}],"collection":[{"href":"https:\/\/new.decoczar.pl\/index.php\/wp-json\/wp\/v2\/product"}],"about":[{"href":"https:\/\/new.decoczar.pl\/index.php\/wp-json\/wp\/v2\/types\/product"}],"replies":[{"embeddable":true,"href":"https:\/\/new.decoczar.pl\/index.php\/wp-json\/wp\/v2\/comments?post=4791"}],"wp:featuredmedia":[{"embeddable":true,"href":"https:\/\/new.decoczar.pl\/index.php\/wp-json\/wp\/v2\/media\/2366"}],"wp:attachment":[{"href":"https:\/\/new.decoczar.pl\/index.php\/wp-json\/wp\/v2\/media?parent=4791"}],"wp:term":[{"taxonomy":"brand","embeddable":true,"href":"https:\/\/new.decoczar.pl\/index.php\/wp-json\/wp\/v2\/etheme_brands?post=4791"},{"taxonomy":"product_cat","embeddable":true,"href":"https:\/\/new.decoczar.pl\/index.php\/wp-json\/wp\/v2\/product_cat?post=4791"},{"taxonomy":"product_tag","embeddable":true,"href":"https:\/\/new.decoczar.pl\/index.php\/wp-json\/wp\/v2\/product_tag?post=4791"}],"curies":[{"name":"wp","href":"https:\/\/api.w.org\/{rel}","templated":true}]}}