{"id":4801,"date":"2023-05-13T05:37:48","date_gmt":"2023-05-13T03:37:48","guid":{"rendered":"http:\/\/new.decoczar.pl\/index.php\/product\/taca-dekoracyjna-gold-glamour-33-cm-4\/"},"modified":"2023-05-13T05:37:48","modified_gmt":"2023-05-13T03:37:48","slug":"taca-dekoracyjna-gold-glamour-33-cm-4","status":"publish","type":"product","link":"https:\/\/new.decoczar.pl\/index.php\/product\/taca-dekoracyjna-gold-glamour-33-cm-4\/","title":{"rendered":"Taca dekoracyjna &#8222;GOLD GLAMOUR&#8221; 33 cm"},"content":{"rendered":"<p>Cechy produktu<\/p>\n<p> \tWymiary : 33 cm<br \/>\n \tKolor czarny- dodatki z\u0142ote + kamienie czarno z\u0142ote<br \/>\n \tZ\u0142ota podstawa<br \/>\n \tWysy\u0142ka tylko kurier \/ pobranie<br \/>\n \tCzas realizacji 10-14\u00a0 dni roboczych ( praca z \u017cywic\u0105 zale\u017cna jest od pogody )<br \/>\n \tW uwagach do zam\u00f3wienia prosz\u0119 wpisa\u0107 wszelkie zmiany<br \/>\n \tWA\u017bNE ! \u017cywica posiada certyfikat kontaktu z \u017cywno\u015bci\u0105<br \/>\n \tPatera odporna na wysokie temperatury do\u00a070\u00b0C<br \/>\n \tZAMAWI\u0104JAC KILKA PRODUKT\u00d3W CZAS REALZIACJI JEST D\u0141U\u017bSZY DO 14 DNI ROBOCZYCH\u00a0<\/p>\n","protected":false},"excerpt":{"rendered":"<p>Cechy produktu<\/p>\n<p> \tWymiary : 33 cm<br \/>\n \tKolor czarny- dodatki z\u0142ote + kamienie czarno z\u0142ote<br \/>\n \tZ\u0142ota podstawa<br \/>\n \tWysy\u0142ka tylko kurier \/ pobranie<br \/>\n \tCzas realizacji 10-14\u00a0 dni roboczych ( praca z \u017cywic\u0105 zale\u017cna jest od pogody )<br \/>\n \tW uwagach do zam\u00f3wienia prosz\u0119 wpisa\u0107 wszelkie zmiany<br \/>\n \tWA\u017bNE ! \u017cywica posiada certyfikat kontaktu z \u017cywno\u015bci\u0105<br \/>\n \tPatera odporna na wysokie temperatury do\u00a070\u00b0C<br \/>\n \tZAMAWI\u0104JAC KILKA PRODUKT\u00d3W CZAS REALZIACJI JEST D\u0141U\u017bSZY DO 14 DNI ROBOCZYCH\u00a0<\/p>\n","protected":false},"featured_media":2391,"comment_status":"open","ping_status":"closed","template":"","meta":[],"etheme_brands":[],"product_cat":[48],"product_tag":[],"class_list":["post-4801","product","type-product","status-publish","has-post-thumbnail","hentry","product_cat-produkty-z-zywicy"],"_links":{"self":[{"href":"https:\/\/new.decoczar.pl\/index.php\/wp-json\/wp\/v2\/product\/4801","targetHints":{"allow":["GET"]}}],"collection":[{"href":"https:\/\/new.decoczar.pl\/index.php\/wp-json\/wp\/v2\/product"}],"about":[{"href":"https:\/\/new.decoczar.pl\/index.php\/wp-json\/wp\/v2\/types\/product"}],"replies":[{"embeddable":true,"href":"https:\/\/new.decoczar.pl\/index.php\/wp-json\/wp\/v2\/comments?post=4801"}],"wp:featuredmedia":[{"embeddable":true,"href":"https:\/\/new.decoczar.pl\/index.php\/wp-json\/wp\/v2\/media\/2391"}],"wp:attachment":[{"href":"https:\/\/new.decoczar.pl\/index.php\/wp-json\/wp\/v2\/media?parent=4801"}],"wp:term":[{"taxonomy":"brand","embeddable":true,"href":"https:\/\/new.decoczar.pl\/index.php\/wp-json\/wp\/v2\/etheme_brands?post=4801"},{"taxonomy":"product_cat","embeddable":true,"href":"https:\/\/new.decoczar.pl\/index.php\/wp-json\/wp\/v2\/product_cat?post=4801"},{"taxonomy":"product_tag","embeddable":true,"href":"https:\/\/new.decoczar.pl\/index.php\/wp-json\/wp\/v2\/product_tag?post=4801"}],"curies":[{"name":"wp","href":"https:\/\/api.w.org\/{rel}","templated":true}]}}