{"id":4818,"date":"2023-05-13T05:38:29","date_gmt":"2023-05-13T03:38:29","guid":{"rendered":"http:\/\/new.decoczar.pl\/index.php\/product\/taca-dekoracyjna-z-zywicy-morska-z-muszelkami-2\/"},"modified":"2023-05-13T05:38:29","modified_gmt":"2023-05-13T03:38:29","slug":"taca-dekoracyjna-z-zywicy-morska-z-muszelkami-2","status":"publish","type":"product","link":"https:\/\/new.decoczar.pl\/index.php\/product\/taca-dekoracyjna-z-zywicy-morska-z-muszelkami-2\/","title":{"rendered":"Taca dekoracyjna z \u017cywicy Morska z muszelkami"},"content":{"rendered":"<p>Taca drewniana<\/p>\n<p> \tWymiary : 40&#215;30 cm<br \/>\n \tKolor biel, lazur turkus, muszelki , kamienie<br \/>\n \tW uwagach do zam\u00f3wienia prosz\u0119 wpisa\u0107 wszelkie zmiany<br \/>\n \tCzas realizacji 14 dni roboczych po zaksi\u0119gowaniu wp\u0142aty (praca z \u017cywic\u0105 uzale\u017cniona jest od pogody )<br \/>\n \tWysy\u0142ka kurier \/ kurier pobranie<br \/>\n \tTaca jest solidna i stabilna<br \/>\n \tDrewno zabezpieczone wysokiej jako\u015bci olejem do drewna<br \/>\n \tMo\u017cliwo\u015b\u0107 dokupienia podk\u0142adek do kompletu<\/p>\n","protected":false},"excerpt":{"rendered":"<p>Taca drewniana<\/p>\n<p> \tWymiary : 40&#215;30 cm<br \/>\n \tKolor biel, lazur turkus, muszelki , kamienie<br \/>\n \tW uwagach do zam\u00f3wienia prosz\u0119 wpisa\u0107 wszelkie zmiany<br \/>\n \tCzas realizacji 14 dni roboczych po zaksi\u0119gowaniu wp\u0142aty (praca z \u017cywic\u0105 uzale\u017cniona jest od pogody )<br \/>\n \tWysy\u0142ka kurier \/ kurier pobranie<br \/>\n \tTaca jest solidna i stabilna<br \/>\n \tDrewno zabezpieczone wysokiej jako\u015bci olejem do drewna<br \/>\n \tMo\u017cliwo\u015b\u0107 dokupienia podk\u0142adek do kompletu<\/p>\n","protected":false},"featured_media":2428,"comment_status":"open","ping_status":"closed","template":"","meta":[],"etheme_brands":[],"product_cat":[191],"product_tag":[],"class_list":["post-4818","product","type-product","status-publish","has-post-thumbnail","hentry","product_cat-dostepne-od-reki-produkty-z-zywicy"],"_links":{"self":[{"href":"https:\/\/new.decoczar.pl\/index.php\/wp-json\/wp\/v2\/product\/4818","targetHints":{"allow":["GET"]}}],"collection":[{"href":"https:\/\/new.decoczar.pl\/index.php\/wp-json\/wp\/v2\/product"}],"about":[{"href":"https:\/\/new.decoczar.pl\/index.php\/wp-json\/wp\/v2\/types\/product"}],"replies":[{"embeddable":true,"href":"https:\/\/new.decoczar.pl\/index.php\/wp-json\/wp\/v2\/comments?post=4818"}],"wp:featuredmedia":[{"embeddable":true,"href":"https:\/\/new.decoczar.pl\/index.php\/wp-json\/wp\/v2\/media\/2428"}],"wp:attachment":[{"href":"https:\/\/new.decoczar.pl\/index.php\/wp-json\/wp\/v2\/media?parent=4818"}],"wp:term":[{"taxonomy":"brand","embeddable":true,"href":"https:\/\/new.decoczar.pl\/index.php\/wp-json\/wp\/v2\/etheme_brands?post=4818"},{"taxonomy":"product_cat","embeddable":true,"href":"https:\/\/new.decoczar.pl\/index.php\/wp-json\/wp\/v2\/product_cat?post=4818"},{"taxonomy":"product_tag","embeddable":true,"href":"https:\/\/new.decoczar.pl\/index.php\/wp-json\/wp\/v2\/product_tag?post=4818"}],"curies":[{"name":"wp","href":"https:\/\/api.w.org\/{rel}","templated":true}]}}