{"id":4827,"date":"2023-05-13T05:38:33","date_gmt":"2023-05-13T03:38:33","guid":{"rendered":"http:\/\/new.decoczar.pl\/index.php\/product\/taca-dekoracyjna-z-zywicy-czarno-granatowa-2-podkladki-2\/"},"modified":"2023-05-13T05:38:33","modified_gmt":"2023-05-13T03:38:33","slug":"taca-dekoracyjna-z-zywicy-czarno-granatowa-2-podkladki-2","status":"publish","type":"product","link":"https:\/\/new.decoczar.pl\/index.php\/product\/taca-dekoracyjna-z-zywicy-czarno-granatowa-2-podkladki-2\/","title":{"rendered":"Taca dekoracyjna z \u017cywicy czarno granatowa + 2 podk\u0142adki"},"content":{"rendered":"<p>Taca\/Patera dekoracyjna<\/p>\n<p> \tWymiary ; 35 x35 cm<br \/>\n \tWymiary podk\u0142adek 12 cm\u00a0 2 szt<br \/>\n \tKolorystyka: czarny granat niebieski z\u0142oty<br \/>\n \tCzas realizacji 10- 14 dni roboczych po zaksi\u0119gowaniu wp\u0142aty<br \/>\n \tWykonujemy r\u00f3wnie\u017c indywidualne zam\u00f3wienia kolorystyczne klienta<br \/>\n \tPraca z \u017cywic\u0105 zale\u017cna jest od pogody latem i zim\u0105 ( dlatego czasem czas realizacji jest d\u0142u\u017cszy)<br \/>\n \tWysy\u0142ka kurier \/ kurier pobranie<br \/>\n \tZAMAWI\u0104JAC KILKA PRODUKT\u00d3W CZAS REALZIACJI JEST D\u0141U\u017bSZY DO 14 DNI ROBOCZYCH\u00a0<\/p>\n","protected":false},"excerpt":{"rendered":"<p>Taca\/Patera dekoracyjna<\/p>\n<p> \tWymiary ; 35 x35 cm<br \/>\n \tWymiary podk\u0142adek 12 cm\u00a0 2 szt<br \/>\n \tKolorystyka: czarny granat niebieski z\u0142oty<br \/>\n \tCzas realizacji 10- 14 dni roboczych po zaksi\u0119gowaniu wp\u0142aty<br \/>\n \tWykonujemy r\u00f3wnie\u017c indywidualne zam\u00f3wienia kolorystyczne klienta<br \/>\n \tPraca z \u017cywic\u0105 zale\u017cna jest od pogody latem i zim\u0105 ( dlatego czasem czas realizacji jest d\u0142u\u017cszy)<br \/>\n \tWysy\u0142ka kurier \/ kurier pobranie<br \/>\n \tZAMAWI\u0104JAC KILKA PRODUKT\u00d3W CZAS REALZIACJI JEST D\u0141U\u017bSZY DO 14 DNI ROBOCZYCH\u00a0<\/p>\n","protected":false},"featured_media":2452,"comment_status":"open","ping_status":"closed","template":"","meta":[],"etheme_brands":[],"product_cat":[48],"product_tag":[],"class_list":["post-4827","product","type-product","status-publish","has-post-thumbnail","hentry","product_cat-produkty-z-zywicy"],"_links":{"self":[{"href":"https:\/\/new.decoczar.pl\/index.php\/wp-json\/wp\/v2\/product\/4827","targetHints":{"allow":["GET"]}}],"collection":[{"href":"https:\/\/new.decoczar.pl\/index.php\/wp-json\/wp\/v2\/product"}],"about":[{"href":"https:\/\/new.decoczar.pl\/index.php\/wp-json\/wp\/v2\/types\/product"}],"replies":[{"embeddable":true,"href":"https:\/\/new.decoczar.pl\/index.php\/wp-json\/wp\/v2\/comments?post=4827"}],"wp:featuredmedia":[{"embeddable":true,"href":"https:\/\/new.decoczar.pl\/index.php\/wp-json\/wp\/v2\/media\/2452"}],"wp:attachment":[{"href":"https:\/\/new.decoczar.pl\/index.php\/wp-json\/wp\/v2\/media?parent=4827"}],"wp:term":[{"taxonomy":"brand","embeddable":true,"href":"https:\/\/new.decoczar.pl\/index.php\/wp-json\/wp\/v2\/etheme_brands?post=4827"},{"taxonomy":"product_cat","embeddable":true,"href":"https:\/\/new.decoczar.pl\/index.php\/wp-json\/wp\/v2\/product_cat?post=4827"},{"taxonomy":"product_tag","embeddable":true,"href":"https:\/\/new.decoczar.pl\/index.php\/wp-json\/wp\/v2\/product_tag?post=4827"}],"curies":[{"name":"wp","href":"https:\/\/api.w.org\/{rel}","templated":true}]}}