{"id":4879,"date":"2023-05-13T05:40:26","date_gmt":"2023-05-13T03:40:26","guid":{"rendered":"http:\/\/new.decoczar.pl\/index.php\/product\/patera-na-ciasto-owoce-2-poziomy-szmaragdowa-z-atestem-2\/"},"modified":"2023-05-13T05:40:26","modified_gmt":"2023-05-13T03:40:26","slug":"patera-na-ciasto-owoce-2-poziomy-szmaragdowa-z-atestem-2","status":"publish","type":"product","link":"https:\/\/new.decoczar.pl\/index.php\/product\/patera-na-ciasto-owoce-2-poziomy-szmaragdowa-z-atestem-2\/","title":{"rendered":"Patera na ciasto\/owoce 2 poziomy Szmaragdowa z atestem"},"content":{"rendered":"<p>Patera na ciasto<\/p>\n<p> \tWymiary : 25 cm \/ 20 cm<br \/>\n \tD\u0142ugo\u015b\u0107 sztyftu 12.5 cm \/ 13 cm<br \/>\n \tKolor szmaragdowy<br \/>\n \t\u017bywica posiada atest do \u017cywno\u015bci oraz odporna na ciep\u0142o do 70\u00b0C\u00a0<br \/>\n \tWysy\u0142ka tylko kurier \/ pobranie<br \/>\n \tCzas realizacji 10 dni roboczych ( praca z \u017cywic\u0105 zale\u017cna jest od pogody )<br \/>\n \tW uwagach do zam\u00f3wienia prosz\u0119 wpisa\u0107 wszelkie zmiany ( dodatkowy napis 5\u00a0 z\u0142)<br \/>\n \tPatera jest roz\u0142o\u017cona do samodzielnego skr\u0119cenia metalowych element\u00f3w<br \/>\n \tZAMAWI\u0104JAC KILKA PRODUKT\u00d3W CZAS REALZIACJI JEST D\u0141U\u017bSZY DO 14 DNI ROBOCZYCH\u00a0<\/p>\n","protected":false},"excerpt":{"rendered":"<p>Patera na ciasto<\/p>\n<p> \tWymiary : 25 cm \/ 20 cm<br \/>\n \tD\u0142ugo\u015b\u0107 sztyftu 12.5 cm \/ 13 cm<br \/>\n \tKolor szmaragdowy<br \/>\n \t\u017bywica posiada atest do \u017cywno\u015bci oraz odporna na ciep\u0142o do 70\u00b0C\u00a0<br \/>\n \tWysy\u0142ka tylko kurier \/ pobranie<br \/>\n \tCzas realizacji 10 dni roboczych ( praca z \u017cywic\u0105 zale\u017cna jest od pogody )<br \/>\n \tW uwagach do zam\u00f3wienia prosz\u0119 wpisa\u0107 wszelkie zmiany ( dodatkowy napis 5\u00a0 z\u0142)<br \/>\n \tPatera jest roz\u0142o\u017cona do samodzielnego skr\u0119cenia metalowych element\u00f3w<br \/>\n \tZAMAWI\u0104JAC KILKA PRODUKT\u00d3W CZAS REALZIACJI JEST D\u0141U\u017bSZY DO 14 DNI ROBOCZYCH\u00a0<\/p>\n","protected":false},"featured_media":2616,"comment_status":"open","ping_status":"closed","template":"","meta":[],"etheme_brands":[],"product_cat":[71],"product_tag":[],"class_list":["post-4879","product","type-product","status-publish","has-post-thumbnail","hentry","product_cat-dzien-babci-i-dziadka-produkty-z-zywicy"],"_links":{"self":[{"href":"https:\/\/new.decoczar.pl\/index.php\/wp-json\/wp\/v2\/product\/4879","targetHints":{"allow":["GET"]}}],"collection":[{"href":"https:\/\/new.decoczar.pl\/index.php\/wp-json\/wp\/v2\/product"}],"about":[{"href":"https:\/\/new.decoczar.pl\/index.php\/wp-json\/wp\/v2\/types\/product"}],"replies":[{"embeddable":true,"href":"https:\/\/new.decoczar.pl\/index.php\/wp-json\/wp\/v2\/comments?post=4879"}],"wp:featuredmedia":[{"embeddable":true,"href":"https:\/\/new.decoczar.pl\/index.php\/wp-json\/wp\/v2\/media\/2616"}],"wp:attachment":[{"href":"https:\/\/new.decoczar.pl\/index.php\/wp-json\/wp\/v2\/media?parent=4879"}],"wp:term":[{"taxonomy":"brand","embeddable":true,"href":"https:\/\/new.decoczar.pl\/index.php\/wp-json\/wp\/v2\/etheme_brands?post=4879"},{"taxonomy":"product_cat","embeddable":true,"href":"https:\/\/new.decoczar.pl\/index.php\/wp-json\/wp\/v2\/product_cat?post=4879"},{"taxonomy":"product_tag","embeddable":true,"href":"https:\/\/new.decoczar.pl\/index.php\/wp-json\/wp\/v2\/product_tag?post=4879"}],"curies":[{"name":"wp","href":"https:\/\/api.w.org\/{rel}","templated":true}]}}