{"id":4894,"date":"2023-05-13T05:40:37","date_gmt":"2023-05-13T03:40:37","guid":{"rendered":"http:\/\/new.decoczar.pl\/index.php\/product\/taca-patera-kwiat-dekoracyjna-zywica-butelkowa-zielen-czarny-krysztalowa-2\/"},"modified":"2023-05-13T05:40:37","modified_gmt":"2023-05-13T03:40:37","slug":"taca-patera-kwiat-dekoracyjna-zywica-butelkowa-zielen-czarny-krysztalowa-2","status":"publish","type":"product","link":"https:\/\/new.decoczar.pl\/index.php\/product\/taca-patera-kwiat-dekoracyjna-zywica-butelkowa-zielen-czarny-krysztalowa-2\/","title":{"rendered":"Taca \/ PATERA KWIAT dekoracyjna \u017cywica butelkowa ziele\u0144 czarny kryszta\u0142owa"},"content":{"rendered":"<p>Taca\/Patera dekoracyjna<\/p>\n<p> \tWymiary ; 35 x35 cm<br \/>\n \tKolorystyka butelkowa ziele\u0144,czarny<br \/>\n \tCzas realizacji 10 dni roboczych po zaksi\u0119gowaniu wp\u0142aty<br \/>\n \tWykonujemy r\u00f3wnie\u017c indywidualne zam\u00f3wienia kolorystyczne klienta<br \/>\n \tWysy\u0142ka kurier \/ kurier pobranie<br \/>\n \tZAMAWI\u0104JAC KILKA PRODUKT\u00d3W CZAS REALZIACJI JEST D\u0141U\u017bSZY DO 14 DNI ROBOCZYCH\u00a0<br \/>\n \tTaca pokryta jest \u017cywic\u0105 odporn\u0105 na promieniowanie UV, oraz na zarysowania,<\/p>\n","protected":false},"excerpt":{"rendered":"<p>Taca\/Patera dekoracyjna<\/p>\n<p> \tWymiary ; 35 x35 cm<br \/>\n \tKolorystyka butelkowa ziele\u0144,czarny<br \/>\n \tCzas realizacji 10 dni roboczych po zaksi\u0119gowaniu wp\u0142aty<br \/>\n \tWykonujemy r\u00f3wnie\u017c indywidualne zam\u00f3wienia kolorystyczne klienta<br \/>\n \tWysy\u0142ka kurier \/ kurier pobranie<br \/>\n \tZAMAWI\u0104JAC KILKA PRODUKT\u00d3W CZAS REALZIACJI JEST D\u0141U\u017bSZY DO 14 DNI ROBOCZYCH\u00a0<br \/>\n \tTaca pokryta jest \u017cywic\u0105 odporn\u0105 na promieniowanie UV, oraz na zarysowania,<\/p>\n","protected":false},"featured_media":2655,"comment_status":"open","ping_status":"closed","template":"","meta":[],"etheme_brands":[],"product_cat":[191],"product_tag":[],"class_list":["post-4894","product","type-product","status-publish","has-post-thumbnail","hentry","product_cat-dostepne-od-reki-produkty-z-zywicy"],"_links":{"self":[{"href":"https:\/\/new.decoczar.pl\/index.php\/wp-json\/wp\/v2\/product\/4894","targetHints":{"allow":["GET"]}}],"collection":[{"href":"https:\/\/new.decoczar.pl\/index.php\/wp-json\/wp\/v2\/product"}],"about":[{"href":"https:\/\/new.decoczar.pl\/index.php\/wp-json\/wp\/v2\/types\/product"}],"replies":[{"embeddable":true,"href":"https:\/\/new.decoczar.pl\/index.php\/wp-json\/wp\/v2\/comments?post=4894"}],"wp:featuredmedia":[{"embeddable":true,"href":"https:\/\/new.decoczar.pl\/index.php\/wp-json\/wp\/v2\/media\/2655"}],"wp:attachment":[{"href":"https:\/\/new.decoczar.pl\/index.php\/wp-json\/wp\/v2\/media?parent=4894"}],"wp:term":[{"taxonomy":"brand","embeddable":true,"href":"https:\/\/new.decoczar.pl\/index.php\/wp-json\/wp\/v2\/etheme_brands?post=4894"},{"taxonomy":"product_cat","embeddable":true,"href":"https:\/\/new.decoczar.pl\/index.php\/wp-json\/wp\/v2\/product_cat?post=4894"},{"taxonomy":"product_tag","embeddable":true,"href":"https:\/\/new.decoczar.pl\/index.php\/wp-json\/wp\/v2\/product_tag?post=4894"}],"curies":[{"name":"wp","href":"https:\/\/api.w.org\/{rel}","templated":true}]}}