{"id":4918,"date":"2023-05-14T14:46:10","date_gmt":"2023-05-14T12:46:10","guid":{"rendered":"http:\/\/new.decoczar.pl\/index.php\/product\/prosba-o-bycie-chrzestna-chrzestnym-serce-2-szt-2\/"},"modified":"2023-05-14T14:46:10","modified_gmt":"2023-05-14T12:46:10","slug":"prosba-o-bycie-chrzestna-chrzestnym-serce-2-szt-2","status":"publish","type":"product","link":"https:\/\/new.decoczar.pl\/index.php\/product\/prosba-o-bycie-chrzestna-chrzestnym-serce-2-szt-2\/","title":{"rendered":"Pro\u015bba o bycie Chrzestn\u0105\/Chrzestnym serce 2 szt"},"content":{"rendered":"<p> \tSklejka brzozowa ci\u0119ta laserowo<br \/>\n \tWymiary : 11&#215;11 cm<br \/>\n \tW uwagach dla klienta prosz\u0119 o podanie np. imi\u0119 dziecka oraz imiona rodzic\u00f3w chrzestnych<br \/>\n \tczerwone serce<br \/>\n \tGrubo\u015b\u0107: 6 mm sklejka w kolorze naturalnym<br \/>\n \tCzas realizacji do 5 dni roboczych po zaksi\u0119gowaniu wp\u0142aty<\/p>\n","protected":false},"excerpt":{"rendered":"<p> \tSklejka brzozowa ci\u0119ta laserowo<br \/>\n \tWymiary : 11&#215;11 cm<br \/>\n \tW uwagach dla klienta prosz\u0119 o podanie np. imi\u0119 dziecka oraz imiona rodzic\u00f3w chrzestnych<br \/>\n \tczerwone serce<br \/>\n \tGrubo\u015b\u0107: 6 mm sklejka w kolorze naturalnym<br \/>\n \tCzas realizacji do 5 dni roboczych po zaksi\u0119gowaniu wp\u0142aty<\/p>\n","protected":false},"featured_media":2717,"comment_status":"open","ping_status":"closed","template":"","meta":[],"etheme_brands":[],"product_cat":[83],"product_tag":[],"class_list":["post-4918","product","type-product","status-publish","has-post-thumbnail","hentry","product_cat-chrzest-swiety"],"_links":{"self":[{"href":"https:\/\/new.decoczar.pl\/index.php\/wp-json\/wp\/v2\/product\/4918","targetHints":{"allow":["GET"]}}],"collection":[{"href":"https:\/\/new.decoczar.pl\/index.php\/wp-json\/wp\/v2\/product"}],"about":[{"href":"https:\/\/new.decoczar.pl\/index.php\/wp-json\/wp\/v2\/types\/product"}],"replies":[{"embeddable":true,"href":"https:\/\/new.decoczar.pl\/index.php\/wp-json\/wp\/v2\/comments?post=4918"}],"wp:featuredmedia":[{"embeddable":true,"href":"https:\/\/new.decoczar.pl\/index.php\/wp-json\/wp\/v2\/media\/2717"}],"wp:attachment":[{"href":"https:\/\/new.decoczar.pl\/index.php\/wp-json\/wp\/v2\/media?parent=4918"}],"wp:term":[{"taxonomy":"brand","embeddable":true,"href":"https:\/\/new.decoczar.pl\/index.php\/wp-json\/wp\/v2\/etheme_brands?post=4918"},{"taxonomy":"product_cat","embeddable":true,"href":"https:\/\/new.decoczar.pl\/index.php\/wp-json\/wp\/v2\/product_cat?post=4918"},{"taxonomy":"product_tag","embeddable":true,"href":"https:\/\/new.decoczar.pl\/index.php\/wp-json\/wp\/v2\/product_tag?post=4918"}],"curies":[{"name":"wp","href":"https:\/\/api.w.org\/{rel}","templated":true}]}}