{"id":4946,"date":"2023-05-14T14:46:39","date_gmt":"2023-05-14T12:46:39","guid":{"rendered":"http:\/\/new.decoczar.pl\/index.php\/product\/siedzisko-wyprzedaz-taboret-pufa-pikowana-guzik-krysztal-szara-chesterfield-2\/"},"modified":"2023-05-14T14:46:39","modified_gmt":"2023-05-14T12:46:39","slug":"siedzisko-wyprzedaz-taboret-pufa-pikowana-guzik-krysztal-szara-chesterfield-2","status":"publish","type":"product","link":"https:\/\/new.decoczar.pl\/index.php\/product\/siedzisko-wyprzedaz-taboret-pufa-pikowana-guzik-krysztal-szara-chesterfield-2\/","title":{"rendered":"SIEDZISKO WYPRZEDA\u017b Taboret Pufa Pikowana Guzik Kryszta\u0142 Szara Chesterfield"},"content":{"rendered":"<p>Pufa Tapicerska<\/p>\n<p> \tWymiary pufy 40 x 40\u00a0 cm<br \/>\n \tWysoko\u015b\u0107 wraz z n\u00f3\u017ckami 42 cm<br \/>\n \tTaboret posiada cztery n\u00f3\u017cki w stylu ludwik\u00a0 (mo\u017cliwo\u015b\u0107 zamiany koloru nogi).dost\u0119pne kolor bia\u0142y, czarny, br\u0105z<br \/>\n \tModel: Chesterfield<br \/>\n \tGuziki kryszta\u0142ki<br \/>\n \tTkanina Trinity<br \/>\n \tTkanina bardzo \u0142atwa w czyszczeniu i utrzymaniu czysto\u015bci<br \/>\n \tCzas realizacji do 10 dni roboczych po zaksi\u0119gowaniu wp\u0142aty<br \/>\n \tWysy\u0142ka kurier 23 z\u0142 ! TYLKO WP\u0141ATA NA KONTO<\/p>\n","protected":false},"excerpt":{"rendered":"<p>Pufa Tapicerska<\/p>\n<p> \tWymiary pufy 40 x 40\u00a0 cm<br \/>\n \tWysoko\u015b\u0107 wraz z n\u00f3\u017ckami 42 cm<br \/>\n \tTaboret posiada cztery n\u00f3\u017cki w stylu ludwik\u00a0 (mo\u017cliwo\u015b\u0107 zamiany koloru nogi).dost\u0119pne kolor bia\u0142y, czarny, br\u0105z<br \/>\n \tModel: Chesterfield<br \/>\n \tGuziki kryszta\u0142ki<br \/>\n \tTkanina Trinity<br \/>\n \tTkanina bardzo \u0142atwa w czyszczeniu i utrzymaniu czysto\u015bci<br \/>\n \tCzas realizacji do 10 dni roboczych po zaksi\u0119gowaniu wp\u0142aty<br \/>\n \tWysy\u0142ka kurier 23 z\u0142 ! TYLKO WP\u0141ATA NA KONTO<\/p>\n","protected":false},"featured_media":2782,"comment_status":"open","ping_status":"closed","template":"","meta":[],"etheme_brands":[],"product_cat":[209],"product_tag":[],"class_list":["post-4946","product","type-product","status-publish","has-post-thumbnail","hentry","product_cat-promocja"],"_links":{"self":[{"href":"https:\/\/new.decoczar.pl\/index.php\/wp-json\/wp\/v2\/product\/4946","targetHints":{"allow":["GET"]}}],"collection":[{"href":"https:\/\/new.decoczar.pl\/index.php\/wp-json\/wp\/v2\/product"}],"about":[{"href":"https:\/\/new.decoczar.pl\/index.php\/wp-json\/wp\/v2\/types\/product"}],"replies":[{"embeddable":true,"href":"https:\/\/new.decoczar.pl\/index.php\/wp-json\/wp\/v2\/comments?post=4946"}],"wp:featuredmedia":[{"embeddable":true,"href":"https:\/\/new.decoczar.pl\/index.php\/wp-json\/wp\/v2\/media\/2782"}],"wp:attachment":[{"href":"https:\/\/new.decoczar.pl\/index.php\/wp-json\/wp\/v2\/media?parent=4946"}],"wp:term":[{"taxonomy":"brand","embeddable":true,"href":"https:\/\/new.decoczar.pl\/index.php\/wp-json\/wp\/v2\/etheme_brands?post=4946"},{"taxonomy":"product_cat","embeddable":true,"href":"https:\/\/new.decoczar.pl\/index.php\/wp-json\/wp\/v2\/product_cat?post=4946"},{"taxonomy":"product_tag","embeddable":true,"href":"https:\/\/new.decoczar.pl\/index.php\/wp-json\/wp\/v2\/product_tag?post=4946"}],"curies":[{"name":"wp","href":"https:\/\/api.w.org\/{rel}","templated":true}]}}