{"id":4960,"date":"2023-05-14T14:46:48","date_gmt":"2023-05-14T12:46:48","guid":{"rendered":"http:\/\/new.decoczar.pl\/index.php\/product\/konsola-nowoczesna-industrailna-2\/"},"modified":"2023-05-14T14:46:48","modified_gmt":"2023-05-14T12:46:48","slug":"konsola-nowoczesna-industrailna-2","status":"publish","type":"product","link":"https:\/\/new.decoczar.pl\/index.php\/product\/konsola-nowoczesna-industrailna-2\/","title":{"rendered":"KONSOLA NOWOCZESNA INDUSTRAILNA"},"content":{"rendered":"<p>Konsola<\/p>\n<p> \tWymiary: wysoko\u015b\u0107 90 cm x szeroko\u015b\u0107 75x g\u0142\u0119boko\u015b\u0107 30 cm<br \/>\n \tStela\u017c malowany proszkowo<br \/>\n \tProfil 2&#215;2 cm<br \/>\n \tMateria\u0142 : P\u0142yta meblowa 1,8 cm\u00a0 (laminat )<br \/>\n \tKolor: d\u0105b craft z\u0142oty<br \/>\n \tMo\u017cliwo\u015b\u0107 wysy\u0142ki &#8211; po wcze\u015bniejszym uzgodnieniu<br \/>\n \tNak\u0142adki na n\u00f3\u017cki chroni\u0105 pod\u0142og\u0119 przed zarysowaniem<br \/>\n \tWykonanie z wysokiej jako\u015bci materia\u0142\u00f3w<br \/>\n \tModny styl industrialny<br \/>\n \tPo\u0142\u0105czenie pi\u0119kna z funkcjonalno\u015bci\u0105<br \/>\n \tStabilna i wytrzyma\u0142a konstrukcja<br \/>\n \tCzas realizacji 21 dni roboczych po zaksi\u0119gowaniu wp\u0142aty<\/p>\n","protected":false},"excerpt":{"rendered":"<p>Konsola<\/p>\n<p> \tWymiary: wysoko\u015b\u0107 90 cm x szeroko\u015b\u0107 75x g\u0142\u0119boko\u015b\u0107 30 cm<br \/>\n \tStela\u017c malowany proszkowo<br \/>\n \tProfil 2&#215;2 cm<br \/>\n \tMateria\u0142 : P\u0142yta meblowa 1,8 cm\u00a0 (laminat )<br \/>\n \tKolor: d\u0105b craft z\u0142oty<br \/>\n \tMo\u017cliwo\u015b\u0107 wysy\u0142ki &#8211; po wcze\u015bniejszym uzgodnieniu<br \/>\n \tNak\u0142adki na n\u00f3\u017cki chroni\u0105 pod\u0142og\u0119 przed zarysowaniem<br \/>\n \tWykonanie z wysokiej jako\u015bci materia\u0142\u00f3w<br \/>\n \tModny styl industrialny<br \/>\n \tPo\u0142\u0105czenie pi\u0119kna z funkcjonalno\u015bci\u0105<br \/>\n \tStabilna i wytrzyma\u0142a konstrukcja<br \/>\n \tCzas realizacji 21 dni roboczych po zaksi\u0119gowaniu wp\u0142aty<\/p>\n","protected":false},"featured_media":2813,"comment_status":"open","ping_status":"closed","template":"","meta":[],"etheme_brands":[],"product_cat":[53],"product_tag":[],"class_list":["post-4960","product","type-product","status-publish","has-post-thumbnail","hentry","product_cat-podstawy-metalowe-stelaze-stojaki-stoliki-drewniane"],"_links":{"self":[{"href":"https:\/\/new.decoczar.pl\/index.php\/wp-json\/wp\/v2\/product\/4960","targetHints":{"allow":["GET"]}}],"collection":[{"href":"https:\/\/new.decoczar.pl\/index.php\/wp-json\/wp\/v2\/product"}],"about":[{"href":"https:\/\/new.decoczar.pl\/index.php\/wp-json\/wp\/v2\/types\/product"}],"replies":[{"embeddable":true,"href":"https:\/\/new.decoczar.pl\/index.php\/wp-json\/wp\/v2\/comments?post=4960"}],"wp:featuredmedia":[{"embeddable":true,"href":"https:\/\/new.decoczar.pl\/index.php\/wp-json\/wp\/v2\/media\/2813"}],"wp:attachment":[{"href":"https:\/\/new.decoczar.pl\/index.php\/wp-json\/wp\/v2\/media?parent=4960"}],"wp:term":[{"taxonomy":"brand","embeddable":true,"href":"https:\/\/new.decoczar.pl\/index.php\/wp-json\/wp\/v2\/etheme_brands?post=4960"},{"taxonomy":"product_cat","embeddable":true,"href":"https:\/\/new.decoczar.pl\/index.php\/wp-json\/wp\/v2\/product_cat?post=4960"},{"taxonomy":"product_tag","embeddable":true,"href":"https:\/\/new.decoczar.pl\/index.php\/wp-json\/wp\/v2\/product_tag?post=4960"}],"curies":[{"name":"wp","href":"https:\/\/api.w.org\/{rel}","templated":true}]}}