{"id":5007,"date":"2023-05-14T19:59:06","date_gmt":"2023-05-14T17:59:06","guid":{"rendered":"http:\/\/new.decoczar.pl\/index.php\/product\/tablica-powitalna-lustro-w-zlotej-ramie-6\/"},"modified":"2023-05-14T19:59:06","modified_gmt":"2023-05-14T17:59:06","slug":"tablica-powitalna-lustro-w-zlotej-ramie-6","status":"publish","type":"product","link":"https:\/\/new.decoczar.pl\/index.php\/product\/tablica-powitalna-lustro-w-zlotej-ramie-6\/","title":{"rendered":"TABLICA POWITALNA LUSTRO W Z\u0141OTEJ RAMIE"},"content":{"rendered":"<p>Tablica powitalna<\/p>\n<p> \tWymiary lustra z ram\u0105:<br \/>\nwys. 72 cm, szer. 90 cm, gr. 4 cm<br \/>\n \twymiary tafli lustra:<br \/>\n76 cm x 56 cm<br \/>\n \tKolor dost\u0119pny z\u0142oty<br \/>\n \tNapisy zamieszczone na tablicy wykonujemy zgodnie z Pa\u0144stwa wskazaniem\u00a0<br \/>\n \tKolor napis\u00f3w bia\u0142y<br \/>\n \tMo\u017cliwo\u015b\u0107 dokupienia kwiat\u00f3w ( takich jak na zdj\u0119ciu )<br \/>\n \tWysy\u0142ka 40 z\u0142 TYLKO WP\u0141ATA NA KONTO<br \/>\n \tMo\u017cliwy odbi\u00f3r osobisty Warszawa &#8211; Micha\u0142\u00f3w Regin\u00f3w (okolice Legionowa )<br \/>\n \tCzas realizacji do 5 dni roboczych po zaksi\u0119gowaniu wp\u0142aty<\/p>\n","protected":false},"excerpt":{"rendered":"<p>Tablica powitalna<\/p>\n<p> \tWymiary lustra z ram\u0105:<br \/>\nwys. 72 cm, szer. 90 cm, gr. 4 cm<br \/>\n \twymiary tafli lustra:<br \/>\n76 cm x 56 cm<br \/>\n \tKolor dost\u0119pny z\u0142oty<br \/>\n \tNapisy zamieszczone na tablicy wykonujemy zgodnie z Pa\u0144stwa wskazaniem\u00a0<br \/>\n \tKolor napis\u00f3w bia\u0142y<br \/>\n \tMo\u017cliwo\u015b\u0107 dokupienia kwiat\u00f3w ( takich jak na zdj\u0119ciu )<br \/>\n \tWysy\u0142ka 40 z\u0142 TYLKO WP\u0141ATA NA KONTO<br \/>\n \tMo\u017cliwy odbi\u00f3r osobisty Warszawa &#8211; Micha\u0142\u00f3w Regin\u00f3w (okolice Legionowa )<br \/>\n \tCzas realizacji do 5 dni roboczych po zaksi\u0119gowaniu wp\u0142aty<\/p>\n","protected":false},"featured_media":2955,"comment_status":"open","ping_status":"closed","template":"","meta":[],"etheme_brands":[],"product_cat":[78],"product_tag":[],"class_list":["post-5007","product","type-product","status-publish","has-post-thumbnail","hentry","product_cat-slub-dekoracje"],"_links":{"self":[{"href":"https:\/\/new.decoczar.pl\/index.php\/wp-json\/wp\/v2\/product\/5007","targetHints":{"allow":["GET"]}}],"collection":[{"href":"https:\/\/new.decoczar.pl\/index.php\/wp-json\/wp\/v2\/product"}],"about":[{"href":"https:\/\/new.decoczar.pl\/index.php\/wp-json\/wp\/v2\/types\/product"}],"replies":[{"embeddable":true,"href":"https:\/\/new.decoczar.pl\/index.php\/wp-json\/wp\/v2\/comments?post=5007"}],"wp:featuredmedia":[{"embeddable":true,"href":"https:\/\/new.decoczar.pl\/index.php\/wp-json\/wp\/v2\/media\/2955"}],"wp:attachment":[{"href":"https:\/\/new.decoczar.pl\/index.php\/wp-json\/wp\/v2\/media?parent=5007"}],"wp:term":[{"taxonomy":"brand","embeddable":true,"href":"https:\/\/new.decoczar.pl\/index.php\/wp-json\/wp\/v2\/etheme_brands?post=5007"},{"taxonomy":"product_cat","embeddable":true,"href":"https:\/\/new.decoczar.pl\/index.php\/wp-json\/wp\/v2\/product_cat?post=5007"},{"taxonomy":"product_tag","embeddable":true,"href":"https:\/\/new.decoczar.pl\/index.php\/wp-json\/wp\/v2\/product_tag?post=5007"}],"curies":[{"name":"wp","href":"https:\/\/api.w.org\/{rel}","templated":true}]}}