{"id":5021,"date":"2023-05-14T22:01:51","date_gmt":"2023-05-14T20:01:51","guid":{"rendered":"http:\/\/new.decoczar.pl\/index.php\/product\/noga-stalowa-3-prety-hairpin-70-cm-2\/"},"modified":"2023-05-14T22:01:51","modified_gmt":"2023-05-14T20:01:51","slug":"noga-stalowa-3-prety-hairpin-70-cm-2","status":"publish","type":"product","link":"https:\/\/new.decoczar.pl\/index.php\/product\/noga-stalowa-3-prety-hairpin-70-cm-2\/","title":{"rendered":"NOGA STALOWA 3 PR\u0118TY Hairpin 70 cm"},"content":{"rendered":"<p>Noga z pr\u0119ta<\/p>\n<p> \tWymiary 70 cm<br \/>\n \tGrubo\u015b\u0107 pr\u0119ta 10 mm<br \/>\n \tKolor czarny\/bia\u0142y\/z\u0142oty\/srebrny\u00a0 ( w uwagach do zam\u00f3wienia prosz\u0119 wpisa\u0107 kolor )<br \/>\n \tOtwory monta\u017cowe<br \/>\n \tWysy\u0142ka tylko kurier &#8211; wp\u0142ata na konto<br \/>\n \tCena dotyczy 1 szt<br \/>\n \tCzas realizacji do 10 dni po zaksi\u0119gowaniu wp\u0142aty<br \/>\n \tPowy\u017cej 3 szt wysy\u0142ka kurier metal 25 z<\/p>\n","protected":false},"excerpt":{"rendered":"<p>Noga z pr\u0119ta<\/p>\n<p> \tWymiary 70 cm<br \/>\n \tGrubo\u015b\u0107 pr\u0119ta 10 mm<br \/>\n \tKolor czarny\/bia\u0142y\/z\u0142oty\/srebrny\u00a0 ( w uwagach do zam\u00f3wienia prosz\u0119 wpisa\u0107 kolor )<br \/>\n \tOtwory monta\u017cowe<br \/>\n \tWysy\u0142ka tylko kurier &#8211; wp\u0142ata na konto<br \/>\n \tCena dotyczy 1 szt<br \/>\n \tCzas realizacji do 10 dni po zaksi\u0119gowaniu wp\u0142aty<br \/>\n \tPowy\u017cej 3 szt wysy\u0142ka kurier metal 25 z<\/p>\n","protected":false},"featured_media":2991,"comment_status":"open","ping_status":"closed","template":"","meta":[],"etheme_brands":[],"product_cat":[50],"product_tag":[],"class_list":["post-5021","product","type-product","status-publish","has-post-thumbnail","hentry","product_cat-podstawy-metalowe-stelaze-stojaki"],"_links":{"self":[{"href":"https:\/\/new.decoczar.pl\/index.php\/wp-json\/wp\/v2\/product\/5021","targetHints":{"allow":["GET"]}}],"collection":[{"href":"https:\/\/new.decoczar.pl\/index.php\/wp-json\/wp\/v2\/product"}],"about":[{"href":"https:\/\/new.decoczar.pl\/index.php\/wp-json\/wp\/v2\/types\/product"}],"replies":[{"embeddable":true,"href":"https:\/\/new.decoczar.pl\/index.php\/wp-json\/wp\/v2\/comments?post=5021"}],"wp:featuredmedia":[{"embeddable":true,"href":"https:\/\/new.decoczar.pl\/index.php\/wp-json\/wp\/v2\/media\/2991"}],"wp:attachment":[{"href":"https:\/\/new.decoczar.pl\/index.php\/wp-json\/wp\/v2\/media?parent=5021"}],"wp:term":[{"taxonomy":"brand","embeddable":true,"href":"https:\/\/new.decoczar.pl\/index.php\/wp-json\/wp\/v2\/etheme_brands?post=5021"},{"taxonomy":"product_cat","embeddable":true,"href":"https:\/\/new.decoczar.pl\/index.php\/wp-json\/wp\/v2\/product_cat?post=5021"},{"taxonomy":"product_tag","embeddable":true,"href":"https:\/\/new.decoczar.pl\/index.php\/wp-json\/wp\/v2\/product_tag?post=5021"}],"curies":[{"name":"wp","href":"https:\/\/api.w.org\/{rel}","templated":true}]}}